{"id":23,"date":"2026-01-26T12:08:04","date_gmt":"2026-01-26T12:08:04","guid":{"rendered":"https:\/\/xstore.8theme.com\/elementor3\/handmade-decor\/?page_id=23"},"modified":"2026-03-11T13:49:47","modified_gmt":"2026-03-11T12:49:47","slug":"kontakt","status":"publish","type":"page","link":"https:\/\/butikasia.pl\/?page_id=23","title":{"rendered":"Kontakt"},"content":{"rendered":"\t\t<div data-elementor-type=\"wp-page\" data-elementor-id=\"23\" class=\"elementor elementor-23\" data-elementor-post-type=\"page\">\n\t\t\t\t<div class=\"elementor-element elementor-element-25c5cb6a e-flex e-con-boxed e-con e-parent\" data-id=\"25c5cb6a\" data-element_type=\"container\" data-e-type=\"container\" data-settings=\"{&quot;background_background&quot;:&quot;classic&quot;}\">\n\t\t\t\t\t<div class=\"e-con-inner\">\n\t\t<div class=\"elementor-element elementor-element-83841dc e-flex e-con-boxed e-con e-child\" data-id=\"83841dc\" data-element_type=\"container\" data-e-type=\"container\" data-settings=\"{&quot;background_background&quot;:&quot;classic&quot;}\">\n\t\t\t\t\t<div class=\"e-con-inner\">\n\t\t\t\t<div class=\"elementor-element elementor-element-687c96b4 etheme-elementor-widget-loaded elementor-widget elementor-widget-heading\" data-id=\"687c96b4\" data-element_type=\"widget\" data-e-type=\"widget\" data-widget_type=\"heading.default\">\n\t\t\t\t\t<h2 class=\"elementor-heading-title elementor-size-default\">Skontaktuj si\u0119 z nami<\/h2>\t\t\t\t<\/div>\n\t\t\t\t<div class=\"elementor-element elementor-element-2514920d etheme-elementor-widget-loaded elementor-widget elementor-widget-heading\" data-id=\"2514920d\" data-element_type=\"widget\" data-e-type=\"widget\" data-widget_type=\"heading.default\">\n\t\t\t\t\t<h2 class=\"elementor-heading-title elementor-size-default\">Z ch\u0119ci\u0105 porozmawiamy o naszych kolekcjach oraz o tym co chcieliby\u015bcie, aby znalaz\u0142o si\u0119 w naszej ofercie<\/h2>\t\t\t\t<\/div>\n\t\t\t\t\t<\/div>\n\t\t\t\t<\/div>\n\t\t\t\t\t<\/div>\n\t\t\t\t<\/div>\n\t\t<div class=\"elementor-element elementor-element-62016bfb e-flex e-con-boxed e-con e-parent\" data-id=\"62016bfb\" data-element_type=\"container\" data-e-type=\"container\">\n\t\t\t\t\t<div class=\"e-con-inner\">\n\t\t<div class=\"elementor-element elementor-element-11fdcccf e-con-full e-flex e-con e-child\" data-id=\"11fdcccf\" data-element_type=\"container\" data-e-type=\"container\">\n\t\t\t\t<div class=\"elementor-element elementor-element-fff45f8 etheme-elementor-widget-loaded elementor-widget elementor-widget-heading\" data-id=\"fff45f8\" data-element_type=\"widget\" data-e-type=\"widget\" data-widget_type=\"heading.default\">\n\t\t\t\t\t<h2 class=\"elementor-heading-title elementor-size-default\">B\u0105d\u017amy w kontakcie<\/h2>\t\t\t\t<\/div>\n\t\t<div class=\"elementor-element elementor-element-78c7280 e-con-full e-flex e-con e-child\" data-id=\"78c7280\" data-element_type=\"container\" data-e-type=\"container\">\n\t\t\t\t<div class=\"elementor-element elementor-element-36243a2 elementor-align-left elementor-widget__width-initial elementor-widget elementor-widget-etheme_icon_box\" data-id=\"36243a2\" data-element_type=\"widget\" data-e-type=\"widget\" data-settings=\"{&quot;icon_type&quot;:&quot;icon&quot;}\" data-widget_type=\"etheme_icon_box.default\">\n\t\t\t\t<div class=\"elementor-widget-container\">\n\t\t\t\t\t\t\t\t<div class=\"etheme-icon-box etheme-icon-box-icon-position-left\">\n        \n                            \n                <div class=\"etheme-icon-box-icon etheme-icon-box-icon-type-icon\">\n        \n                <i aria-hidden=\"true\" class=\"et-icon et-message\"><\/i>        \n                <\/div>\n            \n                <div class=\"etheme-icon-box-content\">\n\t\t\n                                        \n                                            <h3 class=\"etheme-icon-box-title\">\n                            <span>Email<\/span>\n                        <\/h3>\n                    \t\t\n                                            <p class=\"etheme-icon-box-description\">\n                            <a href=\"mailto:sklep@butikasia.pl\">sklep@butikasia.pl<\/a>                        <\/p>\n                    \n                            \n                <\/div>\n\t\t\t<\/div>\n\t\t\t\t\t\t<\/div>\n\t\t\t\t<\/div>\n\t\t\t\t<div class=\"elementor-element elementor-element-47516e2 elementor-align-left elementor-widget__width-initial elementor-widget elementor-widget-etheme_icon_box\" data-id=\"47516e2\" data-element_type=\"widget\" data-e-type=\"widget\" data-settings=\"{&quot;icon_type&quot;:&quot;icon&quot;}\" data-widget_type=\"etheme_icon_box.default\">\n\t\t\t\t<div class=\"elementor-widget-container\">\n\t\t\t\t\t\t\t\t<div class=\"etheme-icon-box etheme-icon-box-icon-position-left\">\n        \n                            \n                <div class=\"etheme-icon-box-icon etheme-icon-box-icon-type-icon\">\n        \n                <i aria-hidden=\"true\" class=\"et-icon et-location-2\"><\/i>        \n                <\/div>\n            \n                <div class=\"etheme-icon-box-content\">\n\t\t\n                                        \n                                            <h3 class=\"etheme-icon-box-title\">\n                            <span>Odwied\u017a nas<\/span>\n                        <\/h3>\n                    \t\t\n                                            <p class=\"etheme-icon-box-description\">\n                            ul. Grabskiego 13, <br>56-400 Ole\u015bnica                        <\/p>\n                    \n                            \n                <\/div>\n\t\t\t<\/div>\n\t\t\t\t\t\t<\/div>\n\t\t\t\t<\/div>\n\t\t\t\t<\/div>\n\t\t<div class=\"elementor-element elementor-element-600d4f1 e-con-full e-flex e-con e-child\" data-id=\"600d4f1\" data-element_type=\"container\" data-e-type=\"container\">\n\t\t\t\t<div class=\"elementor-element elementor-element-25afa1d elementor-align-left elementor-widget__width-initial elementor-widget elementor-widget-etheme_icon_box\" data-id=\"25afa1d\" data-element_type=\"widget\" data-e-type=\"widget\" data-settings=\"{&quot;icon_type&quot;:&quot;icon&quot;}\" data-widget_type=\"etheme_icon_box.default\">\n\t\t\t\t<div class=\"elementor-widget-container\">\n\t\t\t\t\t\t\t\t<div class=\"etheme-icon-box etheme-icon-box-icon-position-left\">\n        \n                            \n                <div class=\"etheme-icon-box-icon etheme-icon-box-icon-type-icon\">\n        \n                <i aria-hidden=\"true\" class=\"et-icon et-phone-call\"><\/i>        \n                <\/div>\n            \n                <div class=\"etheme-icon-box-content\">\n\t\t\n                                        \n                                            <h3 class=\"etheme-icon-box-title\">\n                            <span>Telefon<\/span>\n                        <\/h3>\n                    \t\t\n                                            <p class=\"etheme-icon-box-description\">\n                            <a href=\"tel:48668202159\">+48 668 202 159<\/a>                        <\/p>\n                    \n                            \n                <\/div>\n\t\t\t<\/div>\n\t\t\t\t\t\t<\/div>\n\t\t\t\t<\/div>\n\t\t\t\t<div class=\"elementor-element elementor-element-db6ca33 elementor-align-left elementor-widget__width-initial elementor-widget elementor-widget-etheme_icon_box\" data-id=\"db6ca33\" data-element_type=\"widget\" data-e-type=\"widget\" data-settings=\"{&quot;icon_type&quot;:&quot;icon&quot;}\" data-widget_type=\"etheme_icon_box.default\">\n\t\t\t\t<div class=\"elementor-widget-container\">\n\t\t\t\t\t\t\t\t<div class=\"etheme-icon-box etheme-icon-box-icon-position-left\">\n        \n                            \n                <div class=\"etheme-icon-box-icon etheme-icon-box-icon-type-icon\">\n        \n                <i aria-hidden=\"true\" class=\"et-icon et-time\"><\/i>        \n                <\/div>\n            \n                <div class=\"etheme-icon-box-content\">\n\t\t\n                                        \n                                            <h3 class=\"etheme-icon-box-title\">\n                            <span>Godziny otwarcia sklepu<\/span>\n                        <\/h3>\n                    \t\t\n                                            <p class=\"etheme-icon-box-description\">\n                            <strong>Poniedzia\u0142ek - Pi\u0105tek:<\/strong> 10:00 \u2013 18:00 <br>\n<strong>Sobota:<\/strong>10:00 - 14:00<br>\nDok\u0142adne godziny otwarcia na dany tydzie\u0144 s\u0105 podane w przypi\u0119tym po\u015bcie na Facebooku                        <\/p>\n                    \n                            \n                <\/div>\n\t\t\t<\/div>\n\t\t\t\t\t\t<\/div>\n\t\t\t\t<\/div>\n\t\t\t\t<\/div>\n\t\t<div class=\"elementor-element elementor-element-59ecf5f e-con-full e-flex e-con e-child\" data-id=\"59ecf5f\" data-element_type=\"container\" data-e-type=\"container\">\n\t\t\t\t<div class=\"elementor-element elementor-element-14b7a97 elementor-align-left elementor-widget__width-initial elementor-widget elementor-widget-etheme_icon_box\" data-id=\"14b7a97\" data-element_type=\"widget\" data-e-type=\"widget\" data-settings=\"{&quot;icon_type&quot;:&quot;icon&quot;}\" data-widget_type=\"etheme_icon_box.default\">\n\t\t\t\t<div class=\"elementor-widget-container\">\n\t\t\t\t\t\t\t\t<div class=\"etheme-icon-box etheme-icon-box-icon-position-left\">\n        \n                            \n                <div class=\"etheme-icon-box-icon etheme-icon-box-icon-type-icon\">\n        \n                <i aria-hidden=\"true\" class=\"et-icon et-info\"><\/i>        \n                <\/div>\n            \n                <div class=\"etheme-icon-box-content\">\n\t\t\n                                        \n                                            <h3 class=\"etheme-icon-box-title\">\n                            <span>Dane firmy<\/span>\n                        <\/h3>\n                    \t\t\n                                            <p class=\"etheme-icon-box-description\">\n                            Fashion Irena Mycka <br> NIP: 6191435001                        <\/p>\n                    \n                            \n                <\/div>\n\t\t\t<\/div>\n\t\t\t\t\t\t<\/div>\n\t\t\t\t<\/div>\n\t\t\t\t<\/div>\n\t\t\t\t<\/div>\n\t\t<div class=\"elementor-element elementor-element-4ef03d2a e-con-full e-flex e-con e-child\" data-id=\"4ef03d2a\" data-element_type=\"container\" data-e-type=\"container\" data-settings=\"{&quot;background_background&quot;:&quot;classic&quot;}\">\n\t\t\t\t<div class=\"elementor-element elementor-element-7f6dacc6 etheme-elementor-widget-loaded elementor-widget elementor-widget-heading\" data-id=\"7f6dacc6\" data-element_type=\"widget\" data-e-type=\"widget\" data-widget_type=\"heading.default\">\n\t\t\t\t\t<h2 class=\"elementor-heading-title elementor-size-default\">Wy\u015blij nam wiadomo\u015b\u0107<\/h2>\t\t\t\t<\/div>\n\t\t\t\t<div class=\"elementor-element elementor-element-fcfe713 etheme-contact-form-7-button-full-width elementor-widget__width-inherit elementor-widget elementor-widget-et-contact-form-7\" data-id=\"fcfe713\" data-element_type=\"widget\" data-e-type=\"widget\" data-widget_type=\"et-contact-form-7.default\">\n\t\t\t\t<div class=\"elementor-widget-container\">\n\t\t\t\t\t                <div class=\"pp-contact-form etheme-contact-form-7 placeholder-show\">\n                                        \n<div class=\"wpcf7 no-js\" id=\"wpcf7-f119-o1\" lang=\"en-US\" dir=\"ltr\" data-wpcf7-id=\"119\">\n<div class=\"screen-reader-response\"><p role=\"status\" aria-live=\"polite\" aria-atomic=\"true\"><\/p> <ul><\/ul><\/div>\n<form action=\"\/index.php?rest_route=%2Fwp%2Fv2%2Fpages%2F23#wpcf7-f119-o1\" method=\"post\" class=\"wpcf7-form init\" aria-label=\"Contact form\" novalidate=\"novalidate\" data-status=\"init\">\n<fieldset class=\"hidden-fields-container\"><input type=\"hidden\" name=\"_wpcf7\" value=\"119\" \/><input type=\"hidden\" name=\"_wpcf7_version\" value=\"6.1.5\" \/><input type=\"hidden\" name=\"_wpcf7_locale\" value=\"en_US\" \/><input type=\"hidden\" name=\"_wpcf7_unit_tag\" value=\"wpcf7-f119-o1\" \/><input type=\"hidden\" name=\"_wpcf7_container_post\" value=\"0\" \/><input type=\"hidden\" name=\"_wpcf7_posted_data_hash\" value=\"\" \/>\n<\/fieldset>\n<p><label> Imi\u0119 i nazwisko*<br \/>\n<span class=\"wpcf7-form-control-wrap\" data-name=\"your-name\"><input size=\"40\" maxlength=\"400\" class=\"wpcf7-form-control wpcf7-text wpcf7-validates-as-required\" autocomplete=\"name\" aria-required=\"true\" aria-invalid=\"false\" placeholder=\"Imi\u0119 i nazwisko\" value=\"\" type=\"text\" name=\"your-name\" \/><\/span> <\/label>\n<\/p>\n<p><label> Email<br \/>\n<span class=\"wpcf7-form-control-wrap\" data-name=\"your-email\"><input size=\"40\" maxlength=\"400\" class=\"wpcf7-form-control wpcf7-email wpcf7-validates-as-required wpcf7-text wpcf7-validates-as-email\" autocomplete=\"email\" aria-required=\"true\" aria-invalid=\"false\" placeholder=\"przyklad@przyklad.pl\" value=\"\" type=\"email\" name=\"your-email\" \/><\/span> <\/label>\n<\/p>\n<p><label> Temat<br \/>\n<span class=\"wpcf7-form-control-wrap\" data-name=\"your-subject\"><input size=\"40\" maxlength=\"400\" class=\"wpcf7-form-control wpcf7-text wpcf7-validates-as-required\" aria-required=\"true\" aria-invalid=\"false\" placeholder=\"Sukienka wieczorowa\" value=\"\" type=\"text\" name=\"your-subject\" \/><\/span> <\/label>\n<\/p>\n<p><label> Tre\u015b\u0107 wiadomo\u015bci<br \/>\n<span class=\"wpcf7-form-control-wrap\" data-name=\"your-message\"><textarea cols=\"5\" rows=\"4\" maxlength=\"2000\" class=\"wpcf7-form-control wpcf7-textarea\" aria-invalid=\"false\" placeholder=\"Powiedz nam co potrzebujesz...\" name=\"your-message\"><\/textarea><\/span> <\/label>\n<\/p>\n<p><input class=\"wpcf7-form-control wpcf7-submit has-spinner\" type=\"submit\" value=\"Wy\u015blij\" \/>\n<\/p>\n<p><span class=\"wpcf7-form-control-wrap\" data-name=\"acceptance-271\"><span class=\"wpcf7-form-control wpcf7-acceptance optional\"><span class=\"wpcf7-list-item\"><label><input type=\"checkbox\" name=\"acceptance-271\" value=\"1\" aria-invalid=\"false\" \/><span class=\"wpcf7-list-item-label\">Wyra\u017cam zgod\u0119 na przetwarzanie moich danych osobowych w celu obs\u0142ugi zapytania. Administratorem danych jest Fashion Irena Mycka. Wi\u0119cej informacji znajdziesz w naszej Polityce Prywatno\u015bci.<\/span><\/label><\/span><\/span><\/span>\n<\/p><div class=\"wpcf7-response-output\" aria-hidden=\"true\"><\/div>\n<\/form>\n<\/div>\n                <\/div>\n                \t\t\t\t<\/div>\n\t\t\t\t<\/div>\n\t\t\t\t<\/div>\n\t\t\t\t\t<\/div>\n\t\t\t\t<\/div>\n\t\t\t\t<\/div>\n\t\t","protected":false},"excerpt":{"rendered":"<p>Skontaktuj si\u0119 z nami Z ch\u0119ci\u0105 porozmawiamy o naszych kolekcjach oraz o tym co chcieliby\u015bcie, aby znalaz\u0142o si\u0119 w naszej ofercie B\u0105d\u017amy w kontakcie Email&#8230;<\/p>\n","protected":false},"author":1,"featured_media":0,"parent":0,"menu_order":0,"comment_status":"closed","ping_status":"closed","template":"elementor_header_footer","meta":{"footnotes":""},"class_list":["post-23","page","type-page","status-publish","hentry"],"_links":{"self":[{"href":"https:\/\/butikasia.pl\/index.php?rest_route=\/wp\/v2\/pages\/23","targetHints":{"allow":["GET"]}}],"collection":[{"href":"https:\/\/butikasia.pl\/index.php?rest_route=\/wp\/v2\/pages"}],"about":[{"href":"https:\/\/butikasia.pl\/index.php?rest_route=\/wp\/v2\/types\/page"}],"author":[{"embeddable":true,"href":"https:\/\/butikasia.pl\/index.php?rest_route=\/wp\/v2\/users\/1"}],"replies":[{"embeddable":true,"href":"https:\/\/butikasia.pl\/index.php?rest_route=%2Fwp%2Fv2%2Fcomments&post=23"}],"version-history":[{"count":16,"href":"https:\/\/butikasia.pl\/index.php?rest_route=\/wp\/v2\/pages\/23\/revisions"}],"predecessor-version":[{"id":4000,"href":"https:\/\/butikasia.pl\/index.php?rest_route=\/wp\/v2\/pages\/23\/revisions\/4000"}],"wp:attachment":[{"href":"https:\/\/butikasia.pl\/index.php?rest_route=%2Fwp%2Fv2%2Fmedia&parent=23"}],"curies":[{"name":"wp","href":"https:\/\/api.w.org\/{rel}","templated":true}]}}