{"id":3588,"date":"2026-03-03T16:08:40","date_gmt":"2026-03-03T15:08:40","guid":{"rendered":"https:\/\/butikasia.pl\/?page_id=3588"},"modified":"2026-03-03T16:08:42","modified_gmt":"2026-03-03T15:08:42","slug":"zwroty-i-reklamacje","status":"publish","type":"page","link":"https:\/\/butikasia.pl\/?page_id=3588","title":{"rendered":"Zwroty i reklamacje"},"content":{"rendered":"\n<h2 class=\"wp-block-heading\">ZWROTY I REKLAMACJE<\/h2>\n\n\n\n<p>Dbamy o Twoje zadowolenie z zakup\u00f3w w&nbsp;<a href=\"http:\/\/butikasia.pl\/\">butikasia.pl<\/a>. Poni\u017cej znajdziesz wszystkie informacje dotycz\u0105ce zwrot\u00f3w oraz reklamacji produkt\u00f3w.<\/p>\n\n\n\n<h2 class=\"wp-block-heading\">ZWROTY<\/h2>\n\n\n\n<p>Masz prawo odst\u0105pi\u0107 od umowy w terminie 14 dni od dnia otrzymania zam\u00f3wienia, bez podawania przyczyny.<\/p>\n\n\n\n<p><strong>Jak dokona\u0107 zwrotu?<\/strong><\/p>\n\n\n\n<p>Pobierz formularz zwrotu dost\u0119pny &#8211; <a href=\"https:\/\/butikasia.pl\/wp-content\/uploads\/2026\/02\/butikasia_formularz-zwrotow-reklamacji.pdf\"><strong>TUTAJ<\/strong><\/a>. Wype\u0142nij formularz czytelnie, drukowanymi literami. Do\u0142\u0105cz formularz do przesy\u0142ki. Odpowiednio zabezpiecz produkt i ode\u015blij paczk\u0119 na adres:<\/p>\n\n\n\n<p><strong>Butik Asia<br>ul. Grabskiego 13\u00a0<br>56-400 Ole\u015bnica\u00a0<\/strong><\/p>\n\n\n\n<p>W celu przyspieszenia realizacji zwrotu zalecamy wysy\u0142k\u0119 przesy\u0142k\u0105 polecon\u0105 lub rejestrowan\u0105. \u26a0\ufe0f Nie odbieramy paczek wysy\u0142anych za pobraniem.<\/p>\n\n\n\n<p>Zwrot \u015brodk\u00f3w nast\u0105pi w takiej samej formie p\u0142atno\u015bci, jaka zosta\u0142a u\u017cyta podczas zakupu, w terminie do 14 dni od momentu otrzymania przesy\u0142ki.<\/p>\n\n\n\n<h2 class=\"wp-block-heading\">REKLAMACJE<\/h2>\n\n\n\n<p>W przypadku otrzymania uszkodzonego lub wadliwego towaru masz prawo do:<\/p>\n\n\n\n<ul class=\"wp-block-list\">\n<li>odst\u0105pienia od umowy,<\/li>\n\n\n\n<li>obni\u017cenia ceny,<\/li>\n\n\n\n<li>wymiany produktu na pe\u0142nowarto\u015bciowy egzemplarz.<\/li>\n<\/ul>\n\n\n\n<p><strong>Jak zg\u0142osi\u0107 reklamacj\u0119?<\/strong><\/p>\n\n\n\n<p>Skontaktuj si\u0119 z nami w celu zg\u0142oszenia reklamacji. Pobierz formularz reklamacyjny &#8211; <strong><a href=\"https:\/\/butikasia.pl\/wp-content\/uploads\/2026\/02\/butikasia_formularz-zwrotow-reklamacji.pdf\">TUTAJ<\/a><\/strong>. Wype\u0142nij formularz czytelnie (drukowanymi literami). Do\u0142\u0105cz go do przesy\u0142ki i ode\u015blij na adres sklepu.<\/p>\n\n\n\n<p>Zobowi\u0105zujemy si\u0119 do rozpatrzenia reklamacji w terminie do 14 dni od dnia otrzymania przesy\u0142ki. W przypadku uznania reklamacji pokrywamy wszelkie koszty zwi\u0105zane z jej realizacj\u0105.<\/p>\n\n\n\n<p>W razie pyta\u0144 zapraszamy do kontaktu:<\/p>\n\n\n\n<p>\ud83d\udce9&nbsp;<a href=\"mailto:sklep@butikasia.pl\">sklep@butikasia.pl<\/a><\/p>\n\n\n\n<p>\ud83d\udcde <a href=\"tel:668202159\">668202159<\/a><\/p>\n","protected":false},"excerpt":{"rendered":"<p>ZWROTY I REKLAMACJE Dbamy o Twoje zadowolenie z zakup\u00f3w w&nbsp;butikasia.pl. Poni\u017cej znajdziesz wszystkie informacje dotycz\u0105ce zwrot\u00f3w oraz reklamacji produkt\u00f3w. ZWROTY Masz prawo odst\u0105pi\u0107 od umowy&#8230;<\/p>\n","protected":false},"author":1,"featured_media":0,"parent":0,"menu_order":0,"comment_status":"closed","ping_status":"closed","template":"","meta":{"footnotes":""},"class_list":["post-3588","page","type-page","status-publish","hentry"],"_links":{"self":[{"href":"https:\/\/butikasia.pl\/index.php?rest_route=\/wp\/v2\/pages\/3588","targetHints":{"allow":["GET"]}}],"collection":[{"href":"https:\/\/butikasia.pl\/index.php?rest_route=\/wp\/v2\/pages"}],"about":[{"href":"https:\/\/butikasia.pl\/index.php?rest_route=\/wp\/v2\/types\/page"}],"author":[{"embeddable":true,"href":"https:\/\/butikasia.pl\/index.php?rest_route=\/wp\/v2\/users\/1"}],"replies":[{"embeddable":true,"href":"https:\/\/butikasia.pl\/index.php?rest_route=%2Fwp%2Fv2%2Fcomments&post=3588"}],"version-history":[{"count":1,"href":"https:\/\/butikasia.pl\/index.php?rest_route=\/wp\/v2\/pages\/3588\/revisions"}],"predecessor-version":[{"id":3590,"href":"https:\/\/butikasia.pl\/index.php?rest_route=\/wp\/v2\/pages\/3588\/revisions\/3590"}],"wp:attachment":[{"href":"https:\/\/butikasia.pl\/index.php?rest_route=%2Fwp%2Fv2%2Fmedia&parent=3588"}],"curies":[{"name":"wp","href":"https:\/\/api.w.org\/{rel}","templated":true}]}}