{"id":1663,"date":"2026-02-17T12:56:28","date_gmt":"2026-02-17T11:56:28","guid":{"rendered":"https:\/\/butikasia.pl\/?post_type=product&#038;p=1663"},"modified":"2026-02-17T12:56:28","modified_gmt":"2026-02-17T11:56:28","slug":"body-manuello-40-l-czarne","status":"publish","type":"product","link":"https:\/\/butikasia.pl\/?product=body-manuello-40-l-czarne","title":{"rendered":"Body MANUELLO 40\/L czarne"},"content":{"rendered":"<p>\ud83d\udda4\ud83d\udc8e Body MANUELLO \ud83d\udc8e\ud83d\udda4<\/p>\n<p>Efektowne body MANUELLO to idealna propozycja dla kobiet, kt\u00f3re lubi\u0105 modne i dopracowane stylizacje. Model wykonany z elastycznego materia\u0142u w stylowym, modnym princie, pi\u0119knie dopasowuje si\u0119 do sylwetki i podkre\u015bla kobiece kszta\u0142ty. \u015awietnie sprawdzi si\u0119 zar\u00f3wno do eleganckiej sp\u00f3dnicy, marynarki, jak i do spodni z wysokim stanem czy jeans\u00f3w.<\/p>\n<p>To uniwersalny element garderoby, kt\u00f3ry sprawdzi si\u0119 na co dzie\u0144, do pracy, na spotkania czy wieczorne wyj\u015bcia. Body pochodzi od polskiego producenta, co gwarantuje dobr\u0105 jako\u015b\u0107 wykonania i komfort noszenia.<\/p>\n<p>Model dost\u0119pny r\u00f3wnie\u017c w innych wariantach kolorystycznych \u2014 idealny do tworzenia wielu modnych stylizacji \ud83d\udda4<\/p>\n<p>Szczeg\u00f3\u0142y produktu:<\/p>\n<p>\u2022 Model: MANUELLO<\/p>\n<p>\u2022 Rozmiar: 40<\/p>\n<p>\u2022 Cena: 129 z\u0142<\/p>\n<p>\u2022 Wz\u00f3r: modny print<\/p>\n<p>\u2022 Produkcja: polski producent<\/p>\n<p>\u2022 Dost\u0119pno\u015b\u0107:dost\u0119pne r\u00f3wnie\u017c inne kolory i rozmiary<\/p>\n<p>Postaw na styl, wygod\u0119 i modny look w jednym.<\/p>\n<p>#bodydamskie\u00a0 #bodyeleganckie #bodyczarne #modadamska #butikonline #sklepdamski #polskiproducent #ubraniaonline\u00a0 #butikasia #musthave<\/p>\n","protected":false},"excerpt":{"rendered":"<p>\ud83d\udda4\ud83d\udc8e Body MANUELLO \ud83d\udc8e\ud83d\udda4 Efektowne body MANUELLO to idealna propozycja dla kobiet, kt\u00f3re lubi\u0105 modne i dopracowane stylizacje. Model wykonany z elastycznego materia\u0142u w stylowym,&#8230;<\/p>\n","protected":false},"featured_media":1664,"comment_status":"open","ping_status":"closed","template":"","meta":[],"etheme_brands":[],"product_brand":[],"product_cat":[52,104,107],"product_tag":[],"class_list":{"0":"post-1663","1":"product","2":"type-product","3":"status-publish","4":"has-post-thumbnail","6":"product_cat-bluzki-body","7":"product_cat-nowosci","8":"product_cat-polscy-producenci","10":"first","11":"instock","12":"shipping-taxable","13":"purchasable","14":"product-type-simple"},"_links":{"self":[{"href":"https:\/\/butikasia.pl\/index.php?rest_route=\/wp\/v2\/product\/1663","targetHints":{"allow":["GET"]}}],"collection":[{"href":"https:\/\/butikasia.pl\/index.php?rest_route=\/wp\/v2\/product"}],"about":[{"href":"https:\/\/butikasia.pl\/index.php?rest_route=\/wp\/v2\/types\/product"}],"replies":[{"embeddable":true,"href":"https:\/\/butikasia.pl\/index.php?rest_route=%2Fwp%2Fv2%2Fcomments&post=1663"}],"version-history":[{"count":1,"href":"https:\/\/butikasia.pl\/index.php?rest_route=\/wp\/v2\/product\/1663\/revisions"}],"predecessor-version":[{"id":1667,"href":"https:\/\/butikasia.pl\/index.php?rest_route=\/wp\/v2\/product\/1663\/revisions\/1667"}],"wp:featuredmedia":[{"embeddable":true,"href":"https:\/\/butikasia.pl\/index.php?rest_route=\/wp\/v2\/media\/1664"}],"wp:attachment":[{"href":"https:\/\/butikasia.pl\/index.php?rest_route=%2Fwp%2Fv2%2Fmedia&parent=1663"}],"wp:term":[{"taxonomy":"brand","embeddable":true,"href":"https:\/\/butikasia.pl\/index.php?rest_route=%2Fwp%2Fv2%2Fetheme_brands&post=1663"},{"taxonomy":"product_brand","embeddable":true,"href":"https:\/\/butikasia.pl\/index.php?rest_route=%2Fwp%2Fv2%2Fproduct_brand&post=1663"},{"taxonomy":"product_cat","embeddable":true,"href":"https:\/\/butikasia.pl\/index.php?rest_route=%2Fwp%2Fv2%2Fproduct_cat&post=1663"},{"taxonomy":"product_tag","embeddable":true,"href":"https:\/\/butikasia.pl\/index.php?rest_route=%2Fwp%2Fv2%2Fproduct_tag&post=1663"}],"curies":[{"name":"wp","href":"https:\/\/api.w.org\/{rel}","templated":true}]}}