{"id":1691,"date":"2026-02-17T14:05:23","date_gmt":"2026-02-17T13:05:23","guid":{"rendered":"https:\/\/butikasia.pl\/?post_type=product&#038;p=1691"},"modified":"2026-03-07T13:07:27","modified_gmt":"2026-03-07T12:07:27","slug":"sukienka-elwira-blyszczacabrazowacekinowa-38-m-40-l","status":"publish","type":"product","link":"https:\/\/butikasia.pl\/?product=sukienka-elwira-blyszczacabrazowacekinowa-38-m-40-l","title":{"rendered":"Sukienka ELWIRA b\u0142yszcz\u0105ca,br\u0105zowa,cekinowa 38\/M 40\/L"},"content":{"rendered":"<p>\ud83e\udd0e\ud83e\udd0e\ud83e\udd0e Sukienka ELWIRA \ud83e\udd0e\ud83e\udd0e\ud83e\udd0e<\/p>\n<p>Zjawiskowa sukienka ELWIRA w odcieniu czekoladowego br\u0105zu to idealna propozycja na wesele, przyj\u0119cia, urodziny czy eleganckie wyj\u015bcia. Model przyci\u0105ga uwag\u0119 pi\u0119knym po\u0142yskiem \u2013 ca\u0142o\u015b\u0107 zosta\u0142a zdobiona cekinkami, kt\u00f3re efektownie odbijaj\u0105 \u015bwiat\u0142o i podkre\u015blaj\u0105 kobiec\u0105 sylwetk\u0119.<\/p>\n<p>Sukienka posiada wszyte miseczki, dzi\u0119ki czemu \u015bwietnie podtrzymuje biust i zapewnia komfort noszenia bez dodatkowej bielizny. Dopasowany kr\u00f3j z rozci\u0119ciem na nog\u0119 subtelnie eksponuje sylwetk\u0119 i dodaje stylizacji zmys\u0142owo\u015bci. Ty\u0142 modelu zachwyca sznurowaniem, kt\u00f3re pozwala idealnie dopasowa\u0107 sukienk\u0119 do figury, a dodatkowy zamek u\u0142atwia zak\u0142adanie.<\/p>\n<p>To model, kt\u00f3ry \u0142\u0105czy elegancj\u0119, kobieco\u015b\u0107 i modowy efekt \u201ewow\u201d.<\/p>\n<p>Szczeg\u00f3\u0142y produktu:<\/p>\n<p>\u2022 Model: ELWIRA<\/p>\n<p>\u2022 Rozmiary: 38, 40<\/p>\n<p>\u2022 Cena: 399 z\u0142<\/p>\n<p>\u2022 Kolor: czekoladowy br\u0105z<\/p>\n<p>\u2022 Materia\u0142: zdobiony cekinkami<\/p>\n<p>\u2022 Wszyte miseczki: tak<\/p>\n<p>\u2022 Rozci\u0119cie na nog\u0119: tak<\/p>\n<p>\u2022 Ty\u0142: sznurowanie + zamek<\/p>\n<p>\u2022 Idealna na: wesela, przyj\u0119cia, eventy, imprezy<\/p>\n<p>Postaw na elegancki b\u0142ysk i przyci\u0105gnij spojrzenia \ud83e\udd0e<\/p>\n<p style=\"text-align: left\">#sukienkaweselna #sukienkacekinowa #sukienkanawesele #sukienkaelegancka\u00a0 #butikonline #modadamska #sukienkabr\u0105zowa #sukienkanimpreze\u00a0 \u00a0#butikasia #sukienkib\u0142yszcz\u0105ce<\/p>\n","protected":false},"excerpt":{"rendered":"<p>\ud83e\udd0e\ud83e\udd0e\ud83e\udd0e Sukienka ELWIRA \ud83e\udd0e\ud83e\udd0e\ud83e\udd0e Zjawiskowa sukienka ELWIRA w odcieniu czekoladowego br\u0105zu to idealna propozycja na wesele, przyj\u0119cia, urodziny czy eleganckie wyj\u015bcia. Model przyci\u0105ga uwag\u0119 pi\u0119knym&#8230;<\/p>\n","protected":false},"featured_media":1692,"comment_status":"open","ping_status":"closed","template":"","meta":[],"etheme_brands":[],"product_brand":[],"product_cat":[116,112,118,114,104,109],"product_tag":[],"class_list":{"0":"post-1691","1":"product","2":"type-product","3":"status-publish","4":"has-post-thumbnail","6":"product_cat-sukienki-dopasowane","7":"product_cat-sukienki-krotkie","8":"product_cat-sukienki-weselne","9":"product_cat-sukienki-wieczorowe","10":"product_cat-nowosci","11":"product_cat-sukienki","13":"first","14":"instock","15":"shipping-taxable","16":"purchasable","17":"product-type-variable","18":"has-default-attributes"},"_links":{"self":[{"href":"https:\/\/butikasia.pl\/index.php?rest_route=\/wp\/v2\/product\/1691","targetHints":{"allow":["GET"]}}],"collection":[{"href":"https:\/\/butikasia.pl\/index.php?rest_route=\/wp\/v2\/product"}],"about":[{"href":"https:\/\/butikasia.pl\/index.php?rest_route=\/wp\/v2\/types\/product"}],"replies":[{"embeddable":true,"href":"https:\/\/butikasia.pl\/index.php?rest_route=%2Fwp%2Fv2%2Fcomments&post=1691"}],"version-history":[{"count":1,"href":"https:\/\/butikasia.pl\/index.php?rest_route=\/wp\/v2\/product\/1691\/revisions"}],"predecessor-version":[{"id":1694,"href":"https:\/\/butikasia.pl\/index.php?rest_route=\/wp\/v2\/product\/1691\/revisions\/1694"}],"wp:featuredmedia":[{"embeddable":true,"href":"https:\/\/butikasia.pl\/index.php?rest_route=\/wp\/v2\/media\/1692"}],"wp:attachment":[{"href":"https:\/\/butikasia.pl\/index.php?rest_route=%2Fwp%2Fv2%2Fmedia&parent=1691"}],"wp:term":[{"taxonomy":"brand","embeddable":true,"href":"https:\/\/butikasia.pl\/index.php?rest_route=%2Fwp%2Fv2%2Fetheme_brands&post=1691"},{"taxonomy":"product_brand","embeddable":true,"href":"https:\/\/butikasia.pl\/index.php?rest_route=%2Fwp%2Fv2%2Fproduct_brand&post=1691"},{"taxonomy":"product_cat","embeddable":true,"href":"https:\/\/butikasia.pl\/index.php?rest_route=%2Fwp%2Fv2%2Fproduct_cat&post=1691"},{"taxonomy":"product_tag","embeddable":true,"href":"https:\/\/butikasia.pl\/index.php?rest_route=%2Fwp%2Fv2%2Fproduct_tag&post=1691"}],"curies":[{"name":"wp","href":"https:\/\/api.w.org\/{rel}","templated":true}]}}