{"id":1697,"date":"2026-02-17T14:29:34","date_gmt":"2026-02-17T13:29:34","guid":{"rendered":"https:\/\/butikasia.pl\/?post_type=product&#038;p=1697"},"modified":"2026-03-07T13:05:51","modified_gmt":"2026-03-07T12:05:51","slug":"sukienka-dluga-blyszczaca-niebieska-36-s-syrenkabrokatowa","status":"publish","type":"product","link":"https:\/\/butikasia.pl\/?product=sukienka-dluga-blyszczaca-niebieska-36-s-syrenkabrokatowa","title":{"rendered":"Sukienka d\u0142uga b\u0142yszcz\u0105ca niebieska 36\/S syrenka,brokatowa"},"content":{"rendered":"<blockquote><p>\ud83d\udc99\ud83d\udc8e\ud83d\udc99 Sukienka AGNES MAXI \ud83d\udc99\ud83d\udc8e\ud83d\udc99<\/p>\n<p>Zachwycaj\u0105ca i niezwykle kobieca sukienka AGNES MAXI w eleganckim odcieniu niebieskiego to idealna propozycja na bal, wesele, studni\u00f3wk\u0119 czy wyj\u0105tkowe przyj\u0119cia. D\u0142uga, dopasowana forma pi\u0119knie podkre\u015bla sylwetk\u0119, a efektowne brokatowe wzory nadaj\u0105 ca\u0142o\u015bci luksusowego blasku i sprawiaj\u0105, \u017ce kreacja przyci\u0105ga spojrzenia.<\/p>\n<p>Model posiada wszyte miseczki, dzi\u0119ki czemu \u015bwietnie modeluje biust i zapewnia komfort noszenia bez konieczno\u015bci zak\u0142adania dodatkowej bielizny. Z ty\u0142u znajduje si\u0119 sznurowanie, kt\u00f3re pozwala idealnie dopasowa\u0107 sukienk\u0119 do figury i podkre\u015bli\u0107 tali\u0119. To wyj\u0105tkowa propozycja dla kobiet, kt\u00f3re chc\u0105 wygl\u0105da\u0107 elegancko i zjawiskowo podczas wa\u017cnych uroczysto\u015bci.<\/p>\n<p>Szczeg\u00f3\u0142y produktu:<\/p>\n<p>\u2022 Model: AGNES MAXI<\/p>\n<p>\u2022 Rozmiary: 36<\/p>\n<p>\u2022 Cena: 549 z\u0142<\/p>\n<p>\u2022 Kolor: niebieski<\/p>\n<p>\u2022 Zdobienia: brokatowe wzory<\/p>\n<p>\u2022 Wszyte miseczki: tak<\/p>\n<p>\u2022 Ty\u0142: sznurowanie<\/p>\n<p>\u2022 D\u0142ugo\u015b\u0107: maxi<\/p>\n<p>\u2022 Idealna na: bal, wesele, gale i przyj\u0119cia<\/p>\n<p>Postaw na spektakularny efekt i b\u0142ysk w wyj\u0105tkowym wydaniu \ud83d\udc99<\/p>\n<p>#sukienkamaxi #sukienkabalowa #sukienkanawesele\u00a0 #sukienkaelegancka #sukienkawieczo\u200browa #modadamska #butikonline\u00a0 #sukienkibrokatowe #sukienkanie\u200bbieska\u00a0 #sukienkidlugie<\/p><\/blockquote>\n","protected":false},"excerpt":{"rendered":"<p>\ud83d\udc99\ud83d\udc8e\ud83d\udc99 Sukienka AGNES MAXI \ud83d\udc99\ud83d\udc8e\ud83d\udc99 Zachwycaj\u0105ca i niezwykle kobieca sukienka AGNES MAXI w eleganckim odcieniu niebieskiego to idealna propozycja na bal, wesele, studni\u00f3wk\u0119 czy wyj\u0105tkowe&#8230;<\/p>\n","protected":false},"featured_media":1698,"comment_status":"open","ping_status":"closed","template":"","meta":[],"etheme_brands":[],"product_brand":[],"product_cat":[110,118,114,104,105,109],"product_tag":[],"class_list":{"0":"post-1697","1":"product","2":"type-product","3":"status-publish","4":"has-post-thumbnail","6":"product_cat-sukienki-dlugie","7":"product_cat-sukienki-weselne","8":"product_cat-sukienki-wieczorowe","9":"product_cat-nowosci","10":"product_cat-premium","11":"product_cat-sukienki","13":"first","14":"instock","15":"shipping-taxable","16":"purchasable","17":"product-type-simple"},"_links":{"self":[{"href":"https:\/\/butikasia.pl\/index.php?rest_route=\/wp\/v2\/product\/1697","targetHints":{"allow":["GET"]}}],"collection":[{"href":"https:\/\/butikasia.pl\/index.php?rest_route=\/wp\/v2\/product"}],"about":[{"href":"https:\/\/butikasia.pl\/index.php?rest_route=\/wp\/v2\/types\/product"}],"replies":[{"embeddable":true,"href":"https:\/\/butikasia.pl\/index.php?rest_route=%2Fwp%2Fv2%2Fcomments&post=1697"}],"version-history":[{"count":1,"href":"https:\/\/butikasia.pl\/index.php?rest_route=\/wp\/v2\/product\/1697\/revisions"}],"predecessor-version":[{"id":1700,"href":"https:\/\/butikasia.pl\/index.php?rest_route=\/wp\/v2\/product\/1697\/revisions\/1700"}],"wp:featuredmedia":[{"embeddable":true,"href":"https:\/\/butikasia.pl\/index.php?rest_route=\/wp\/v2\/media\/1698"}],"wp:attachment":[{"href":"https:\/\/butikasia.pl\/index.php?rest_route=%2Fwp%2Fv2%2Fmedia&parent=1697"}],"wp:term":[{"taxonomy":"brand","embeddable":true,"href":"https:\/\/butikasia.pl\/index.php?rest_route=%2Fwp%2Fv2%2Fetheme_brands&post=1697"},{"taxonomy":"product_brand","embeddable":true,"href":"https:\/\/butikasia.pl\/index.php?rest_route=%2Fwp%2Fv2%2Fproduct_brand&post=1697"},{"taxonomy":"product_cat","embeddable":true,"href":"https:\/\/butikasia.pl\/index.php?rest_route=%2Fwp%2Fv2%2Fproduct_cat&post=1697"},{"taxonomy":"product_tag","embeddable":true,"href":"https:\/\/butikasia.pl\/index.php?rest_route=%2Fwp%2Fv2%2Fproduct_tag&post=1697"}],"curies":[{"name":"wp","href":"https:\/\/api.w.org\/{rel}","templated":true}]}}