{"id":1773,"date":"2026-02-17T21:33:42","date_gmt":"2026-02-17T20:33:42","guid":{"rendered":"https:\/\/butikasia.pl\/?post_type=product&#038;p=1773"},"modified":"2026-03-07T13:29:52","modified_gmt":"2026-03-07T12:29:52","slug":"sukienka-bordowa-josselin-36-s-tiulowa-dluga","status":"publish","type":"product","link":"https:\/\/butikasia.pl\/?product=sukienka-bordowa-josselin-36-s-tiulowa-dluga","title":{"rendered":"Sukienka bordowa JOSSELIN 36\/S tiulowa d\u0142uga"},"content":{"rendered":"<blockquote><p>NOWO\u015a\u0106 \u2013 Sukienka JOSSELIN \u2764\ufe0f<\/p>\n<p>Zjawiskowa i niezwykle kobieca sukienka JOSSELIN w g\u0142\u0119bokim, bordowym kolorze to idealna propozycja na wyj\u0105tkowe okazje \u2013 wesele, bal czy eleganckie przyj\u0119cie. To model, kt\u00f3ry przyci\u0105ga spojrzenia i pi\u0119knie podkre\u015bla sylwetk\u0119, dodaj\u0105c klasy i elegancji.<\/p>\n<p>G\u00f3ra sukienki posiada usztywniane miseczki, kt\u00f3re zapewniaj\u0105 \u015bwietne podtrzymanie i modelowanie biustu. Ty\u0142 wyko\u0144czony jest efektownym sznurowaniem, dzi\u0119ki czemu sukienk\u0119 mo\u017cna idealnie dopasowa\u0107 do sylwetki. Lekki, tiulowy d\u00f3\u0142 nadaje stylizacji lekko\u015bci i sprawia, \u017ce ca\u0142o\u015b\u0107 prezentuje si\u0119 niezwykle elegancko i kobieco. Dodatkowo rozci\u0119cie na nodze subtelnie eksponuje nogi i dodaje sukience zmys\u0142owego charakteru.<\/p>\n<p>To model stworzony na wielkie wyj\u015bcia \u2013 spektakularny, romantyczny i bardzo stylowy.<\/p>\n<p>Szczeg\u00f3\u0142y produktu:<\/p>\n<p>\u2022 Model: Sukienka JOSSELIN<\/p>\n<p>\u2022 Rozmiar: 36<\/p>\n<p>\u2022 Kolor: bordowy<\/p>\n<p>\u2022 Usztywniane miseczki<\/p>\n<p>\u2022 D\u00f3\u0142 z lekkiego tiulu<\/p>\n<p>\u2022 Sznurowanie z ty\u0142u dla lepszego dopasowania<\/p>\n<p>\u2022 D\u0142ugo\u015b\u0107 maxi<\/p>\n<p>\u2022 Cena: 619 z\u0142<\/p>\n<p>Zachwycaj przy ka\u017cdym kroku \u2013 sukienka JOSSELIN to idealny wyb\u00f3r na wyj\u0105tkowe momenty.<\/p>\n<ul>\n<li>#butikasia\u00a0 #sukienkabordowa #sukienkibordowe #sukienkitiulowe #sukienkimaxi #sukienkabalowe #sukienkanawesele\u00a0 #butikonline #skleponline #moda<\/li>\n<\/ul>\n<\/blockquote>\n","protected":false},"excerpt":{"rendered":"<p>NOWO\u015a\u0106 \u2013 Sukienka JOSSELIN \u2764\ufe0f Zjawiskowa i niezwykle kobieca sukienka JOSSELIN w g\u0142\u0119bokim, bordowym kolorze to idealna propozycja na wyj\u0105tkowe okazje \u2013 wesele, bal czy&#8230;<\/p>\n","protected":false},"featured_media":1774,"comment_status":"open","ping_status":"closed","template":"","meta":[],"etheme_brands":[],"product_brand":[],"product_cat":[110,113,118,114,104,105,109],"product_tag":[],"class_list":{"0":"post-1773","1":"product","2":"type-product","3":"status-publish","4":"has-post-thumbnail","6":"product_cat-sukienki-dlugie","7":"product_cat-sukienki-rozkloszowane","8":"product_cat-sukienki-weselne","9":"product_cat-sukienki-wieczorowe","10":"product_cat-nowosci","11":"product_cat-premium","12":"product_cat-sukienki","14":"first","15":"instock","16":"shipping-taxable","17":"purchasable","18":"product-type-simple"},"_links":{"self":[{"href":"https:\/\/butikasia.pl\/index.php?rest_route=\/wp\/v2\/product\/1773","targetHints":{"allow":["GET"]}}],"collection":[{"href":"https:\/\/butikasia.pl\/index.php?rest_route=\/wp\/v2\/product"}],"about":[{"href":"https:\/\/butikasia.pl\/index.php?rest_route=\/wp\/v2\/types\/product"}],"replies":[{"embeddable":true,"href":"https:\/\/butikasia.pl\/index.php?rest_route=%2Fwp%2Fv2%2Fcomments&post=1773"}],"version-history":[{"count":1,"href":"https:\/\/butikasia.pl\/index.php?rest_route=\/wp\/v2\/product\/1773\/revisions"}],"predecessor-version":[{"id":1776,"href":"https:\/\/butikasia.pl\/index.php?rest_route=\/wp\/v2\/product\/1773\/revisions\/1776"}],"wp:featuredmedia":[{"embeddable":true,"href":"https:\/\/butikasia.pl\/index.php?rest_route=\/wp\/v2\/media\/1774"}],"wp:attachment":[{"href":"https:\/\/butikasia.pl\/index.php?rest_route=%2Fwp%2Fv2%2Fmedia&parent=1773"}],"wp:term":[{"taxonomy":"brand","embeddable":true,"href":"https:\/\/butikasia.pl\/index.php?rest_route=%2Fwp%2Fv2%2Fetheme_brands&post=1773"},{"taxonomy":"product_brand","embeddable":true,"href":"https:\/\/butikasia.pl\/index.php?rest_route=%2Fwp%2Fv2%2Fproduct_brand&post=1773"},{"taxonomy":"product_cat","embeddable":true,"href":"https:\/\/butikasia.pl\/index.php?rest_route=%2Fwp%2Fv2%2Fproduct_cat&post=1773"},{"taxonomy":"product_tag","embeddable":true,"href":"https:\/\/butikasia.pl\/index.php?rest_route=%2Fwp%2Fv2%2Fproduct_tag&post=1773"}],"curies":[{"name":"wp","href":"https:\/\/api.w.org\/{rel}","templated":true}]}}