{"id":1935,"date":"2026-02-20T23:28:54","date_gmt":"2026-02-20T22:28:54","guid":{"rendered":"https:\/\/butikasia.pl\/?post_type=product&#038;p=1935"},"modified":"2026-03-05T23:42:05","modified_gmt":"2026-03-05T22:42:05","slug":"sukienka-czarna-melika-dluga-wieczorowa-36-38-40","status":"publish","type":"product","link":"https:\/\/butikasia.pl\/?product=sukienka-czarna-melika-dluga-wieczorowa-36-38-40","title":{"rendered":"Sukienka czarna MELIKA d\u0142uga wieczorowa 36 38 40"},"content":{"rendered":"<p>\ud83d\udda4\ud83d\udda4\ud83d\udda4 Sukienka MELIKA \ud83d\udda4\ud83d\udda4\ud83d\udda4<\/p>\n<p>Zjawiskowa, elegancka i niezwykle kobieca \u2013 Sukienka MELIKA to propozycja dla kobiet, kt\u00f3re chc\u0105 zachwyci\u0107 podczas wyj\u0105tkowych okazji. D\u0142uga, dopasowana forma pi\u0119knie modeluje sylwetk\u0119, a efektowne wyko\u0144czenie g\u00f3ry przyci\u0105ga spojrzenia i dodaje stylizacji luksusowego charakteru.<\/p>\n<p>Gorsetowa g\u00f3ra zdobiona koronkowymi aplikacjami i subtelnymi cyrkoniami podkre\u015bla biust oraz tali\u0119, a wszyte poduszki zapewniaj\u0105 komfort i idealne u\u0142o\u017cenie sukienki. Wysokie rozci\u0119cie na nodze nadaje ca\u0142o\u015bci zmys\u0142owo\u015bci i elegancji, dzi\u0119ki czemu model doskonale sprawdzi si\u0119 na wesele, studni\u00f3wk\u0119, bal, gal\u0119 czy eleganckie przyj\u0119cie.<\/p>\n<p>\u2728 Dlaczego pokochasz Sukienk\u0119 MELIKA?<\/p>\n<p>elegancka d\u0142ugo\u015b\u0107 maxi<\/p>\n<p>czarny, ponadczasowy kolor<\/p>\n<p>g\u00f3ra z koronkowymi aplikacjami i cyrkoniami<\/p>\n<p>wszyte poduszki modeluj\u0105ce biust<\/p>\n<p>wysmuklaj\u0105cy, dopasowany kr\u00f3j<\/p>\n<p>efektowne rozci\u0119cie na nodze<\/p>\n<p>idealna na wyj\u0105tkowe okazje<\/p>\n<p>Rozmiary: 36, 38, 40<\/p>\n<p>Cena: 499 z\u0142<\/p>\n<p>Sukienki d\u0142ugie najcz\u0119\u015bciej trzeba skr\u00f3ci\u0107 do swojego wzrostu uwzgl\u0119dniaj\u0105c wysoko\u015b\u0107 obcas\u00f3w.<\/p>\n<p>Postaw na klasyczn\u0105 czer\u0144 w luksusowym wydaniu i zachwycaj przy ka\u017cdym kroku. Sukienka MELIKA to idealny wyb\u00f3r, gdy chcesz wygl\u0105da\u0107 elegancko, kobieco i wyj\u0105tkowo \ud83d\udda4<\/p>\n<p>#butikasia #sukienkiwieczorowe #sukienkimaxi #sukienkiczarne #sukienkanawesele #sukienkanabal #eleganckasukienka #modadamska #butikonline #sukienkanaimpreze<\/p>\n","protected":false},"excerpt":{"rendered":"<p>\ud83d\udda4\ud83d\udda4\ud83d\udda4 Sukienka MELIKA \ud83d\udda4\ud83d\udda4\ud83d\udda4 Zjawiskowa, elegancka i niezwykle kobieca \u2013 Sukienka MELIKA to propozycja dla kobiet, kt\u00f3re chc\u0105 zachwyci\u0107 podczas wyj\u0105tkowych okazji. D\u0142uga, dopasowana forma&#8230;<\/p>\n","protected":false},"featured_media":1936,"comment_status":"open","ping_status":"closed","template":"","meta":[],"etheme_brands":[],"product_brand":[],"product_cat":[15,110,116,117,118,114,104,109],"product_tag":[],"class_list":{"0":"post-1935","1":"product","2":"type-product","3":"status-publish","4":"has-post-thumbnail","6":"product_cat-inne","7":"product_cat-sukienki-dlugie","8":"product_cat-sukienki-dopasowane","9":"product_cat-sukienki-eleganckie","10":"product_cat-sukienki-weselne","11":"product_cat-sukienki-wieczorowe","12":"product_cat-nowosci","13":"product_cat-sukienki","15":"first","16":"instock","17":"shipping-taxable","18":"purchasable","19":"product-type-variable","20":"has-default-attributes"},"_links":{"self":[{"href":"https:\/\/butikasia.pl\/index.php?rest_route=\/wp\/v2\/product\/1935","targetHints":{"allow":["GET"]}}],"collection":[{"href":"https:\/\/butikasia.pl\/index.php?rest_route=\/wp\/v2\/product"}],"about":[{"href":"https:\/\/butikasia.pl\/index.php?rest_route=\/wp\/v2\/types\/product"}],"replies":[{"embeddable":true,"href":"https:\/\/butikasia.pl\/index.php?rest_route=%2Fwp%2Fv2%2Fcomments&post=1935"}],"version-history":[{"count":1,"href":"https:\/\/butikasia.pl\/index.php?rest_route=\/wp\/v2\/product\/1935\/revisions"}],"predecessor-version":[{"id":1937,"href":"https:\/\/butikasia.pl\/index.php?rest_route=\/wp\/v2\/product\/1935\/revisions\/1937"}],"wp:featuredmedia":[{"embeddable":true,"href":"https:\/\/butikasia.pl\/index.php?rest_route=\/wp\/v2\/media\/1936"}],"wp:attachment":[{"href":"https:\/\/butikasia.pl\/index.php?rest_route=%2Fwp%2Fv2%2Fmedia&parent=1935"}],"wp:term":[{"taxonomy":"brand","embeddable":true,"href":"https:\/\/butikasia.pl\/index.php?rest_route=%2Fwp%2Fv2%2Fetheme_brands&post=1935"},{"taxonomy":"product_brand","embeddable":true,"href":"https:\/\/butikasia.pl\/index.php?rest_route=%2Fwp%2Fv2%2Fproduct_brand&post=1935"},{"taxonomy":"product_cat","embeddable":true,"href":"https:\/\/butikasia.pl\/index.php?rest_route=%2Fwp%2Fv2%2Fproduct_cat&post=1935"},{"taxonomy":"product_tag","embeddable":true,"href":"https:\/\/butikasia.pl\/index.php?rest_route=%2Fwp%2Fv2%2Fproduct_tag&post=1935"}],"curies":[{"name":"wp","href":"https:\/\/api.w.org\/{rel}","templated":true}]}}