{"id":1953,"date":"2026-02-21T09:23:33","date_gmt":"2026-02-21T08:23:33","guid":{"rendered":"https:\/\/butikasia.pl\/?post_type=product&#038;p=1953"},"modified":"2026-03-05T23:37:30","modified_gmt":"2026-03-05T22:37:30","slug":"sukienka-balowa-inez-tiulowa-40-l-szmaragdowa-zielen","status":"publish","type":"product","link":"https:\/\/butikasia.pl\/?product=sukienka-balowa-inez-tiulowa-40-l-szmaragdowa-zielen","title":{"rendered":"Sukienka balowa INEZ tiulowa 40\/L szmaragdowa ziele\u0144"},"content":{"rendered":"<p>\ud83d\udc9a\ud83d\udda4\ud83d\udc9a Sukienka INEZ \ud83d\udc9a\ud83d\udda4\ud83d\udc9a<\/p>\n<p>Ol\u015bniewaj\u0105ca i niezwykle efektowna \u2013 Sukienka INEZ w kolorze szmaragdowej zieleni to prawdziwa kreacja w stylu glamour. Ten model zachwyca bajkowym charakterem i spektakularnym wyko\u0144czeniem, kt\u00f3re przyci\u0105ga spojrzenia ju\u017c od pierwszej chwili.<\/p>\n<p>G\u00f3ra sukienki jest przepi\u0119knie zdobiona \u2013 bogate aplikacje i subtelne detale nadaj\u0105 jej luksusowego blasku oraz podkre\u015blaj\u0105 biust i tali\u0119. Rozkloszowany d\u00f3\u0142 wykonany z tiulu posiada delikatn\u0105, po\u0142yskuj\u0105c\u0105 po\u015bwiat\u0119, dzi\u0119ki czemu suknia cudownie mieni si\u0119 w \u015bwietle i prezentuje si\u0119 niezwykle elegancko podczas ruchu.<\/p>\n<p>To idealna propozycja dla kobiet, kt\u00f3re marz\u0105 o kreacji w stylu ksi\u0119\u017cniczki \u2013 pe\u0142nej klasy, obj\u0119to\u015bci i wyj\u0105tkowego charakteru. Doskona\u0142a na\u00a0 bal, gal\u0119 czy inne wyj\u0105tkowe uroczysto\u015bci.<\/p>\n<p>Dlaczego warto wybra\u0107 Sukienk\u0119 INEZ?<\/p>\n<p>d\u0142ugo\u015b\u0107 maxi \u2013 idealna na wielkie wyj\u015bcia<\/p>\n<p>elegancka szmaragdowa ziele\u0144<\/p>\n<p>bogato zdobiona g\u00f3ra<\/p>\n<p>tiulowy d\u00f3\u0142 z po\u0142yskuj\u0105c\u0105 po\u015bwiat\u0105<\/p>\n<p>efektowny, balowy fason<\/p>\n<p>styl ksi\u0119\u017cniczki \u2013 spektakularny efekt<\/p>\n<p>Rozmiar: 40<\/p>\n<p>Cena: 699 z\u0142<\/p>\n<p>Je\u015bli chcesz poczu\u0107 si\u0119 wyj\u0105tkowo i zrobi\u0107 niezapomniane wra\u017cenie \u2013 Sukienka INEZ spe\u0142ni Twoje marzenia o idealnej kreacji \ud83d\udc9a<\/p>\n<p>#sukienkibalowe #sukienkid\u0142ugie #sukienkitiulowe #sukienkiksi\u0119\u017cniczki #sukienkanabal #szmaragdowasukienka #eleganckasukienka #modadamska<\/p>\n","protected":false},"excerpt":{"rendered":"<p>\ud83d\udc9a\ud83d\udda4\ud83d\udc9a Sukienka INEZ \ud83d\udc9a\ud83d\udda4\ud83d\udc9a Ol\u015bniewaj\u0105ca i niezwykle efektowna \u2013 Sukienka INEZ w kolorze szmaragdowej zieleni to prawdziwa kreacja w stylu glamour. Ten model zachwyca bajkowym&#8230;<\/p>\n","protected":false},"featured_media":1954,"comment_status":"open","ping_status":"closed","template":"","meta":[],"etheme_brands":[],"product_brand":[],"product_cat":[110,113,118,114,104,105,109],"product_tag":[],"class_list":{"0":"post-1953","1":"product","2":"type-product","3":"status-publish","4":"has-post-thumbnail","6":"product_cat-sukienki-dlugie","7":"product_cat-sukienki-rozkloszowane","8":"product_cat-sukienki-weselne","9":"product_cat-sukienki-wieczorowe","10":"product_cat-nowosci","11":"product_cat-premium","12":"product_cat-sukienki","14":"first","15":"instock","16":"shipping-taxable","17":"purchasable","18":"product-type-simple"},"_links":{"self":[{"href":"https:\/\/butikasia.pl\/index.php?rest_route=\/wp\/v2\/product\/1953","targetHints":{"allow":["GET"]}}],"collection":[{"href":"https:\/\/butikasia.pl\/index.php?rest_route=\/wp\/v2\/product"}],"about":[{"href":"https:\/\/butikasia.pl\/index.php?rest_route=\/wp\/v2\/types\/product"}],"replies":[{"embeddable":true,"href":"https:\/\/butikasia.pl\/index.php?rest_route=%2Fwp%2Fv2%2Fcomments&post=1953"}],"version-history":[{"count":1,"href":"https:\/\/butikasia.pl\/index.php?rest_route=\/wp\/v2\/product\/1953\/revisions"}],"predecessor-version":[{"id":1955,"href":"https:\/\/butikasia.pl\/index.php?rest_route=\/wp\/v2\/product\/1953\/revisions\/1955"}],"wp:featuredmedia":[{"embeddable":true,"href":"https:\/\/butikasia.pl\/index.php?rest_route=\/wp\/v2\/media\/1954"}],"wp:attachment":[{"href":"https:\/\/butikasia.pl\/index.php?rest_route=%2Fwp%2Fv2%2Fmedia&parent=1953"}],"wp:term":[{"taxonomy":"brand","embeddable":true,"href":"https:\/\/butikasia.pl\/index.php?rest_route=%2Fwp%2Fv2%2Fetheme_brands&post=1953"},{"taxonomy":"product_brand","embeddable":true,"href":"https:\/\/butikasia.pl\/index.php?rest_route=%2Fwp%2Fv2%2Fproduct_brand&post=1953"},{"taxonomy":"product_cat","embeddable":true,"href":"https:\/\/butikasia.pl\/index.php?rest_route=%2Fwp%2Fv2%2Fproduct_cat&post=1953"},{"taxonomy":"product_tag","embeddable":true,"href":"https:\/\/butikasia.pl\/index.php?rest_route=%2Fwp%2Fv2%2Fproduct_tag&post=1953"}],"curies":[{"name":"wp","href":"https:\/\/api.w.org\/{rel}","templated":true}]}}