{"id":2073,"date":"2026-02-22T00:03:08","date_gmt":"2026-02-21T23:03:08","guid":{"rendered":"https:\/\/butikasia.pl\/?post_type=product&#038;p=2073"},"modified":"2026-03-05T23:12:27","modified_gmt":"2026-03-05T22:12:27","slug":"sukienka-anabel-maxi-dluga-niebieska-38-m-brokatowa-balowa","status":"publish","type":"product","link":"https:\/\/butikasia.pl\/?product=sukienka-anabel-maxi-dluga-niebieska-38-m-brokatowa-balowa","title":{"rendered":"Sukienka ANABEL Maxi d\u0142uga niebieska 38\/M brokatowa balowa"},"content":{"rendered":"<p>\u2661Sukienka ANABEL\u2661<\/p>\n<p>Tiulowa sukienka maxi z brokatowymi aplikacjami<\/p>\n<p>Zjawiskowa, lekka i niezwykle efektowna \u2013 ta tiulowa sukienka maxi w odcieniu niebieskiego jeansu to idealna propozycja na wyj\u0105tkowe okazje. Kreacja przyci\u0105ga spojrzenia dzi\u0119ki subtelnemu po\u0142yskowi i misternym, brokatowym aplikacjom, kt\u00f3re pi\u0119knie mieni\u0105 si\u0119 w \u015bwietle i nadaj\u0105 stylizacji bajkowego charakteru.<\/p>\n<p>Rozkloszowany d\u00f3\u0142 z warstw tiulu tworzy spektakularny efekt podczas ruchu, a dopasowana g\u00f3ra podkre\u015bla tali\u0119 i biust. Wszyte miseczki zapewniaj\u0105 komfort i \u015bwietne podtrzymanie, natomiast sznurowanie z ty\u0142u pozwala idealnie dopasowa\u0107 sukienk\u0119 do sylwetki.<\/p>\n<p>Model doskonale sprawdzi si\u0119 na\u00a0 bal, wesele, gal\u0119 czy eleganckie przyj\u0119cie. To propozycja dla kobiet, kt\u00f3re chc\u0105 wygl\u0105da\u0107 elegancko, ale jednocze\u015bnie lekko i dziewcz\u0119co.<\/p>\n<p>\u2728 Szczeg\u00f3\u0142y produktu:<\/p>\n<p>Rozmiar: 38<\/p>\n<p>Cena: 599 z\u0142<\/p>\n<p>Kolor: niebieski jeansowy<\/p>\n<p>D\u0142ugo\u015b\u0107: maxi<\/p>\n<p>Materia\u0142: tiul<\/p>\n<p>Zdobienia: brokatowe aplikacje<\/p>\n<p>Wszyte miseczki<\/p>\n<p>Ty\u0142: sznurowany<\/p>\n<p>Rozkloszowany, balowy d\u00f3\u0142<\/p>\n<p>Lekka, efektowna i bardzo kobieca<\/p>\n<p>Ta kreacja zachwyca na \u017cywo \u2013 delikatny po\u0142ysk, romantyczny tiul i perfekcyjny kr\u00f3j tworz\u0105 idealn\u0105 sukienk\u0119 na wielkie wyj\u015bcia<\/p>\n<p>Sukienki d\u0142ugie najcz\u0119\u015bciej trzeba skr\u00f3ci\u0107 do swojego wzrostu uwzgl\u0119dniaj\u0105c wysoko\u015b\u0107 obcas\u00f3w.<\/p>\n<p>#butikasia<\/p>\n<p>#sukienkibalowe<\/p>\n<p>#sukienkid\u0142ugie<\/p>\n<p>#sukienkamaxi<\/p>\n<p>#sukienkanawesele<\/p>\n<p>#sukienkatiulowa<\/p>\n<p>&nbsp;<\/p>\n<p>#eleganckasukienka<\/p>\n","protected":false},"excerpt":{"rendered":"<blockquote><p>&nbsp;<\/p><\/blockquote>\n","protected":false},"featured_media":2074,"comment_status":"open","ping_status":"closed","template":"","meta":[],"etheme_brands":[],"product_brand":[],"product_cat":[110,113,118,114,104,105,109],"product_tag":[],"class_list":{"0":"post-2073","1":"product","2":"type-product","3":"status-publish","4":"has-post-thumbnail","6":"product_cat-sukienki-dlugie","7":"product_cat-sukienki-rozkloszowane","8":"product_cat-sukienki-weselne","9":"product_cat-sukienki-wieczorowe","10":"product_cat-nowosci","11":"product_cat-premium","12":"product_cat-sukienki","14":"first","15":"instock","16":"shipping-taxable","17":"purchasable","18":"product-type-simple"},"_links":{"self":[{"href":"https:\/\/butikasia.pl\/index.php?rest_route=\/wp\/v2\/product\/2073","targetHints":{"allow":["GET"]}}],"collection":[{"href":"https:\/\/butikasia.pl\/index.php?rest_route=\/wp\/v2\/product"}],"about":[{"href":"https:\/\/butikasia.pl\/index.php?rest_route=\/wp\/v2\/types\/product"}],"replies":[{"embeddable":true,"href":"https:\/\/butikasia.pl\/index.php?rest_route=%2Fwp%2Fv2%2Fcomments&post=2073"}],"version-history":[{"count":1,"href":"https:\/\/butikasia.pl\/index.php?rest_route=\/wp\/v2\/product\/2073\/revisions"}],"predecessor-version":[{"id":2076,"href":"https:\/\/butikasia.pl\/index.php?rest_route=\/wp\/v2\/product\/2073\/revisions\/2076"}],"wp:featuredmedia":[{"embeddable":true,"href":"https:\/\/butikasia.pl\/index.php?rest_route=\/wp\/v2\/media\/2074"}],"wp:attachment":[{"href":"https:\/\/butikasia.pl\/index.php?rest_route=%2Fwp%2Fv2%2Fmedia&parent=2073"}],"wp:term":[{"taxonomy":"brand","embeddable":true,"href":"https:\/\/butikasia.pl\/index.php?rest_route=%2Fwp%2Fv2%2Fetheme_brands&post=2073"},{"taxonomy":"product_brand","embeddable":true,"href":"https:\/\/butikasia.pl\/index.php?rest_route=%2Fwp%2Fv2%2Fproduct_brand&post=2073"},{"taxonomy":"product_cat","embeddable":true,"href":"https:\/\/butikasia.pl\/index.php?rest_route=%2Fwp%2Fv2%2Fproduct_cat&post=2073"},{"taxonomy":"product_tag","embeddable":true,"href":"https:\/\/butikasia.pl\/index.php?rest_route=%2Fwp%2Fv2%2Fproduct_tag&post=2073"}],"curies":[{"name":"wp","href":"https:\/\/api.w.org\/{rel}","templated":true}]}}