{"id":2230,"date":"2026-02-22T14:44:06","date_gmt":"2026-02-22T13:44:06","guid":{"rendered":"https:\/\/butikasia.pl\/?post_type=product&#038;p=2230"},"modified":"2026-03-05T22:57:17","modified_gmt":"2026-03-05T21:57:17","slug":"sukienka-bella-maxi-balowa-tiulowa-40-l-gorsetowa-dluga-niebieska","status":"publish","type":"product","link":"https:\/\/butikasia.pl\/?product=sukienka-bella-maxi-balowa-tiulowa-40-l-gorsetowa-dluga-niebieska","title":{"rendered":"Sukienka BELLA Maxi balowa tiulowa 40\/L gorsetowa d\u0142uga niebieska"},"content":{"rendered":"<p>\ud83d\udc8e Sukienka BELLA PREMIUM \ud83d\udc8e<\/p>\n<p>Elegancka, kobieca i niezwykle efektowna \u2013 sukienka BELLA PREMIUM to propozycja dla kobiet, kt\u00f3re chc\u0105 zachwyci\u0107 stylizacj\u0105 podczas wyj\u0105tkowych okazji. Na zdj\u0119ciach wida\u0107 dopracowan\u0105 g\u00f3r\u0119 ozdobion\u0105 koronkowymi aplikacjami, kt\u00f3re subtelnie podkre\u015blaj\u0105 sylwetk\u0119 i dodaj\u0105 ca\u0142o\u015bci luksusowego charakteru.<\/p>\n<p>Rozkloszowany d\u00f3\u0142 pi\u0119knie uk\u0142ada si\u0119 w ruchu, tworz\u0105c lekki i elegancki efekt. Ca\u0142o\u015b\u0107 prezentuje si\u0119 niezwykle szykownie i sprawdzi si\u0119 idealnie na\u00a0 wesele, bal czy inne uroczyste wydarzenia. Model zaprojektowany i uszyty przez polskiego producenta, z dba\u0142o\u015bci\u0105 o detale i komfort noszenia.<\/p>\n<p>Szczeg\u00f3\u0142y produktu:<\/p>\n<p>\u2022 model: BELLA PREMIUM<\/p>\n<p>\u2022 rozmiar: 40<\/p>\n<p>\u2022 cena: 849 z\u0142<\/p>\n<p>\u2022 kolor: niebieski<\/p>\n<p>\u2022 g\u00f3ra zdobiona koronkowymi aplikacjami<\/p>\n<p>\u2022 fason: d\u0142uga, elegancka suknia wieczorowa<\/p>\n<p>\u2022 polski producent<\/p>\n<p>To suknia, kt\u00f3ra podkre\u015bli Twoj\u0105 kobieco\u015b\u0107 i sprawi, \u017ce poczujesz si\u0119 wyj\u0105tkowo podczas najwa\u017cniejszych chwil.<\/p>\n<p>#butikasia\u00a0 #sukienkabalowa #sukienkad\u0142uga\u00a0 #sukienkanawesele #sukienkawieczorowa #eleganckasukienka #modadamska<\/p>\n","protected":false},"excerpt":{"rendered":"<p>\ud83d\udc8e Sukienka BELLA PREMIUM \ud83d\udc8e Elegancka, kobieca i niezwykle efektowna \u2013 sukienka BELLA PREMIUM to propozycja dla kobiet, kt\u00f3re chc\u0105 zachwyci\u0107 stylizacj\u0105 podczas wyj\u0105tkowych okazji&#8230;.<\/p>\n","protected":false},"featured_media":2237,"comment_status":"open","ping_status":"closed","template":"","meta":[],"etheme_brands":[],"product_brand":[],"product_cat":[110,113,118,114,104,107,105,109],"product_tag":[],"class_list":{"0":"post-2230","1":"product","2":"type-product","3":"status-publish","4":"has-post-thumbnail","6":"product_cat-sukienki-dlugie","7":"product_cat-sukienki-rozkloszowane","8":"product_cat-sukienki-weselne","9":"product_cat-sukienki-wieczorowe","10":"product_cat-nowosci","11":"product_cat-polscy-producenci","12":"product_cat-premium","13":"product_cat-sukienki","15":"first","16":"instock","17":"shipping-taxable","18":"purchasable","19":"product-type-simple"},"_links":{"self":[{"href":"https:\/\/butikasia.pl\/index.php?rest_route=\/wp\/v2\/product\/2230","targetHints":{"allow":["GET"]}}],"collection":[{"href":"https:\/\/butikasia.pl\/index.php?rest_route=\/wp\/v2\/product"}],"about":[{"href":"https:\/\/butikasia.pl\/index.php?rest_route=\/wp\/v2\/types\/product"}],"replies":[{"embeddable":true,"href":"https:\/\/butikasia.pl\/index.php?rest_route=%2Fwp%2Fv2%2Fcomments&post=2230"}],"version-history":[{"count":1,"href":"https:\/\/butikasia.pl\/index.php?rest_route=\/wp\/v2\/product\/2230\/revisions"}],"predecessor-version":[{"id":2239,"href":"https:\/\/butikasia.pl\/index.php?rest_route=\/wp\/v2\/product\/2230\/revisions\/2239"}],"wp:featuredmedia":[{"embeddable":true,"href":"https:\/\/butikasia.pl\/index.php?rest_route=\/wp\/v2\/media\/2237"}],"wp:attachment":[{"href":"https:\/\/butikasia.pl\/index.php?rest_route=%2Fwp%2Fv2%2Fmedia&parent=2230"}],"wp:term":[{"taxonomy":"brand","embeddable":true,"href":"https:\/\/butikasia.pl\/index.php?rest_route=%2Fwp%2Fv2%2Fetheme_brands&post=2230"},{"taxonomy":"product_brand","embeddable":true,"href":"https:\/\/butikasia.pl\/index.php?rest_route=%2Fwp%2Fv2%2Fproduct_brand&post=2230"},{"taxonomy":"product_cat","embeddable":true,"href":"https:\/\/butikasia.pl\/index.php?rest_route=%2Fwp%2Fv2%2Fproduct_cat&post=2230"},{"taxonomy":"product_tag","embeddable":true,"href":"https:\/\/butikasia.pl\/index.php?rest_route=%2Fwp%2Fv2%2Fproduct_tag&post=2230"}],"curies":[{"name":"wp","href":"https:\/\/api.w.org\/{rel}","templated":true}]}}