{"id":2274,"date":"2026-02-22T17:54:37","date_gmt":"2026-02-22T16:54:37","guid":{"rendered":"https:\/\/butikasia.pl\/?post_type=product&#038;p=2274"},"modified":"2026-02-22T17:54:37","modified_gmt":"2026-02-22T16:54:37","slug":"bluzka-estera-biala-34-36-logo-elastyczna","status":"publish","type":"product","link":"https:\/\/butikasia.pl\/?product=bluzka-estera-biala-34-36-logo-elastyczna","title":{"rendered":"Bluzka ESTERA bia\u0142a 34\/36 logo elastyczna"},"content":{"rendered":"<p>\ud83d\udda4 Bluzka ESTERA \ud83d\udda4<\/p>\n<p>Minimalistyczna, dopasowana i niezwykle kobieca \u2013 bluzka ESTERA to idealna baza do wielu stylizacji.Elegancki, bia\u0142y model z subtelnym czarnym logo \u201eM\u201d, kt\u00f3ry \u015bwietnie podkre\u015bla sylwetk\u0119 i doskonale komponuje si\u0119 zar\u00f3wno z eleganckimi spodniami, jak i codziennymi zestawami.<\/p>\n<p>Uszyta z podw\u00f3jnego, mi\u0119kkiego i elastycznego materia\u0142u, zapewnia komfort noszenia przez ca\u0142y dzie\u0144. Bluzka pi\u0119knie dopasowuje si\u0119 do cia\u0142a, a praktyczna dziurka na kciuk w r\u0119kawie nadaje jej nowoczesnego, modowego charakteru i sprawia, \u017ce r\u0119kawy idealnie si\u0119 uk\u0142adaj\u0105. To model, kt\u00f3ry sprawdzi si\u0119 zar\u00f3wno na co dzie\u0144, jak i do bardziej eleganckich stylizacji.<\/p>\n<p>Produkt polskiego producenta \u2013 gwarancja jako\u015bci i starannego wykonania. Dost\u0119pne s\u0105 r\u00f3wnie\u017c inne kolory i wzory.<\/p>\n<p>Szczeg\u00f3\u0142y produktu:<\/p>\n<p>\u2022 model: ESTERA<\/p>\n<p>\u2022 rozmiar: 36 (wypada o p\u00f3\u0142 rozmiaru mniejsza ni\u017c metka)<\/p>\n<p>\u2022 kolor: bia\u0142y z czarnym logo \u201eM\u201d<\/p>\n<p>\u2022 podw\u00f3jny, mi\u0119ciutki materia\u0142<\/p>\n<p>\u2022 elastyczna i dopasowana<\/p>\n<p>\u2022 r\u0119kawy z otworem na kciuk<\/p>\n<p>\u2022 polski producent<\/p>\n<p>\u2022 cena: 149 z\u0142<\/p>\n<p>Idealna baza do stylizacji \u2013 od sportowych po eleganckie.<\/p>\n<p>#bluzki #bluzkielastyczne #butikasia #bluzkadamska #modadamska #bluzkabasic #polskiproducent #stylizacjedamskie<\/p>\n","protected":false},"excerpt":{"rendered":"<blockquote><p>&nbsp;<\/p><\/blockquote>\n","protected":false},"featured_media":2280,"comment_status":"open","ping_status":"closed","template":"","meta":[],"etheme_brands":[],"product_brand":[],"product_cat":[90,52,107],"product_tag":[],"class_list":{"0":"post-2274","1":"product","2":"type-product","3":"status-publish","4":"has-post-thumbnail","6":"product_cat-kolekcja-wiosenna","7":"product_cat-bluzki-body","8":"product_cat-polscy-producenci","10":"first","11":"instock","12":"shipping-taxable","13":"purchasable","14":"product-type-simple"},"_links":{"self":[{"href":"https:\/\/butikasia.pl\/index.php?rest_route=\/wp\/v2\/product\/2274","targetHints":{"allow":["GET"]}}],"collection":[{"href":"https:\/\/butikasia.pl\/index.php?rest_route=\/wp\/v2\/product"}],"about":[{"href":"https:\/\/butikasia.pl\/index.php?rest_route=\/wp\/v2\/types\/product"}],"replies":[{"embeddable":true,"href":"https:\/\/butikasia.pl\/index.php?rest_route=%2Fwp%2Fv2%2Fcomments&post=2274"}],"version-history":[{"count":1,"href":"https:\/\/butikasia.pl\/index.php?rest_route=\/wp\/v2\/product\/2274\/revisions"}],"predecessor-version":[{"id":2284,"href":"https:\/\/butikasia.pl\/index.php?rest_route=\/wp\/v2\/product\/2274\/revisions\/2284"}],"wp:featuredmedia":[{"embeddable":true,"href":"https:\/\/butikasia.pl\/index.php?rest_route=\/wp\/v2\/media\/2280"}],"wp:attachment":[{"href":"https:\/\/butikasia.pl\/index.php?rest_route=%2Fwp%2Fv2%2Fmedia&parent=2274"}],"wp:term":[{"taxonomy":"brand","embeddable":true,"href":"https:\/\/butikasia.pl\/index.php?rest_route=%2Fwp%2Fv2%2Fetheme_brands&post=2274"},{"taxonomy":"product_brand","embeddable":true,"href":"https:\/\/butikasia.pl\/index.php?rest_route=%2Fwp%2Fv2%2Fproduct_brand&post=2274"},{"taxonomy":"product_cat","embeddable":true,"href":"https:\/\/butikasia.pl\/index.php?rest_route=%2Fwp%2Fv2%2Fproduct_cat&post=2274"},{"taxonomy":"product_tag","embeddable":true,"href":"https:\/\/butikasia.pl\/index.php?rest_route=%2Fwp%2Fv2%2Fproduct_tag&post=2274"}],"curies":[{"name":"wp","href":"https:\/\/api.w.org\/{rel}","templated":true}]}}