{"id":2293,"date":"2026-02-22T18:23:22","date_gmt":"2026-02-22T17:23:22","guid":{"rendered":"https:\/\/butikasia.pl\/?post_type=product&#038;p=2293"},"modified":"2026-03-05T22:20:45","modified_gmt":"2026-03-05T21:20:45","slug":"bluzka-brazowa-elastyczna-estera-36-s-40-l-42-xl","status":"publish","type":"product","link":"https:\/\/butikasia.pl\/?product=bluzka-brazowa-elastyczna-estera-36-s-40-l-42-xl","title":{"rendered":"Bluzka br\u0105zowa elastyczna ESTERA 36\/S 40\/L 42\/XL"},"content":{"rendered":"<p>\ud83e\udd0e Bluzka ESTERA \ud83e\udd0e<\/p>\n<p>Klasyczna, dopasowana i niezwykle komfortowa \u2013 bluzka ESTERA w modnym odcieniu br\u0105zu to idealna baza do jesienno-zimowych stylizacji. Model o minimalistycznym kroju, kt\u00f3ry pi\u0119knie podkre\u015bla sylwetk\u0119 i \u015bwietnie komponuje si\u0119 zar\u00f3wno z eleganckimi spodniami, jak i casualowymi zestawami.<\/p>\n<p>Bluzka zosta\u0142a uszyta z podw\u00f3jnego, mi\u0119kkiego i elastycznego materia\u0142u, dzi\u0119ki czemu jest bardzo wygodna i idealnie dopasowuje si\u0119 do cia\u0142a. D\u0142ugie r\u0119kawy zako\u0144czone s\u0105 praktyczn\u0105 dziurk\u0105 na kciuk \u2013 modny i funkcjonalny detal, kt\u00f3ry nadaje ca\u0142o\u015bci nowoczesnego charakteru. To model, kt\u00f3ry sprawdzi si\u0119 przez ca\u0142y rok \u2013 solo lub pod marynark\u0119, kurtk\u0119 czy p\u0142aszcz.<\/p>\n<p>Produkt polskiego producenta \u2013 gwarancja jako\u015bci i starannego wykonania. Dost\u0119pne r\u00f3wnie\u017c inne kolory i wzory.<\/p>\n<p>Szczeg\u00f3\u0142y produktu:<\/p>\n<p>\u2022 model: ESTERA<\/p>\n<p>\u2022 rozmiary: 36, 40, 42<\/p>\n<p>\u2022 kolor: br\u0105zowy<\/p>\n<p>\u2022 podw\u00f3jny, mi\u0119ciutki materia\u0142<\/p>\n<p>\u2022 elastyczna i dopasowana<\/p>\n<p>\u2022 r\u0119kaw z otworem na kciuk<\/p>\n<p>\u2022 polski producent<\/p>\n<p>\u2022 cena: 149 z\u0142<\/p>\n<p>Stylowa baza garderoby, kt\u00f3r\u0105 wykorzystasz w wielu stylizacjach \u2013 od codziennych po eleganckie.<\/p>\n<p>#bluzki #bluzkibr\u0105zowe #butikasia #bluzkadamska #bluzkabasic #modadamska #polskiproducent #stylizacjedamskie<\/p>\n","protected":false},"excerpt":{"rendered":"<p>\ud83e\udd0e Bluzka ESTERA \ud83e\udd0e Klasyczna, dopasowana i niezwykle komfortowa \u2013 bluzka ESTERA w modnym odcieniu br\u0105zu to idealna baza do jesienno-zimowych stylizacji. Model o minimalistycznym&#8230;<\/p>\n","protected":false},"featured_media":2294,"comment_status":"open","ping_status":"closed","template":"","meta":[],"etheme_brands":[],"product_brand":[],"product_cat":[52,107],"product_tag":[],"class_list":{"0":"post-2293","1":"product","2":"type-product","3":"status-publish","4":"has-post-thumbnail","6":"product_cat-bluzki-body","7":"product_cat-polscy-producenci","9":"first","10":"instock","11":"shipping-taxable","12":"purchasable","13":"product-type-variable","14":"has-default-attributes"},"_links":{"self":[{"href":"https:\/\/butikasia.pl\/index.php?rest_route=\/wp\/v2\/product\/2293","targetHints":{"allow":["GET"]}}],"collection":[{"href":"https:\/\/butikasia.pl\/index.php?rest_route=\/wp\/v2\/product"}],"about":[{"href":"https:\/\/butikasia.pl\/index.php?rest_route=\/wp\/v2\/types\/product"}],"replies":[{"embeddable":true,"href":"https:\/\/butikasia.pl\/index.php?rest_route=%2Fwp%2Fv2%2Fcomments&post=2293"}],"version-history":[{"count":1,"href":"https:\/\/butikasia.pl\/index.php?rest_route=\/wp\/v2\/product\/2293\/revisions"}],"predecessor-version":[{"id":2299,"href":"https:\/\/butikasia.pl\/index.php?rest_route=\/wp\/v2\/product\/2293\/revisions\/2299"}],"wp:featuredmedia":[{"embeddable":true,"href":"https:\/\/butikasia.pl\/index.php?rest_route=\/wp\/v2\/media\/2294"}],"wp:attachment":[{"href":"https:\/\/butikasia.pl\/index.php?rest_route=%2Fwp%2Fv2%2Fmedia&parent=2293"}],"wp:term":[{"taxonomy":"brand","embeddable":true,"href":"https:\/\/butikasia.pl\/index.php?rest_route=%2Fwp%2Fv2%2Fetheme_brands&post=2293"},{"taxonomy":"product_brand","embeddable":true,"href":"https:\/\/butikasia.pl\/index.php?rest_route=%2Fwp%2Fv2%2Fproduct_brand&post=2293"},{"taxonomy":"product_cat","embeddable":true,"href":"https:\/\/butikasia.pl\/index.php?rest_route=%2Fwp%2Fv2%2Fproduct_cat&post=2293"},{"taxonomy":"product_tag","embeddable":true,"href":"https:\/\/butikasia.pl\/index.php?rest_route=%2Fwp%2Fv2%2Fproduct_tag&post=2293"}],"curies":[{"name":"wp","href":"https:\/\/api.w.org\/{rel}","templated":true}]}}