{"id":2307,"date":"2026-02-22T18:38:22","date_gmt":"2026-02-22T17:38:22","guid":{"rendered":"https:\/\/butikasia.pl\/?post_type=product&#038;p=2307"},"modified":"2026-02-22T18:38:22","modified_gmt":"2026-02-22T17:38:22","slug":"bluzka-estera-we-wzory-elastyczna-40-42-bezowa-czarna","status":"publish","type":"product","link":"https:\/\/butikasia.pl\/?product=bluzka-estera-we-wzory-elastyczna-40-42-bezowa-czarna","title":{"rendered":"Bluzka ESTERA we wzory elastyczna 40\/42 be\u017cowa czarna"},"content":{"rendered":"<p>\ud83d\udda4\ud83d\udc9b\ud83e\udd0e Bluzka ESTERA \ud83e\udd0e\ud83d\udc9b\ud83d\udda4<\/p>\n<p>Efektowna, kobieca i niezwykle stylowa \u2013 bluzka ESTERA w modny, wyrazisty print to propozycja dla kobiet, kt\u00f3re lubi\u0105 przyci\u0105ga\u0107 spojrzenia.Model pi\u0119knie podkre\u015bla sylwetk\u0119 i idealnie komponuje si\u0119 ze sp\u00f3dnic\u0105 lub spodniami z eko sk\u00f3ry, tworz\u0105c eleganck\u0105, a zarazem nowoczesn\u0105 stylizacj\u0119.<\/p>\n<p>Bluzka uszyta jest z podw\u00f3jnego, mi\u0119ciutkiego i elastycznego materia\u0142u, kt\u00f3ry doskonale dopasowuje si\u0119 do cia\u0142a, zapewniaj\u0105c komfort noszenia przez ca\u0142y dzie\u0144. D\u0142ugi r\u0119kaw zako\u0144czony jest praktyczn\u0105 dziurk\u0105 na kciuk \u2013 modny detal, kt\u00f3ry dodaje charakteru i wygody.<\/p>\n<p>To model idealny zar\u00f3wno na wieczorne wyj\u015bcia, jak i stylowe, codzienne zestawy.<\/p>\n<p>Szczeg\u00f3\u0142y produktu:<\/p>\n<p>\u2022 model: ESTERA<\/p>\n<p>\u2022 rozmiar: 42 (wypada o p\u00f3\u0142 rozmiaru mniejszy ni\u017c metka)<\/p>\n<p>\u2022 kolor: ca\u0142o\u015b\u0107 w modny print<\/p>\n<p>\u2022 podw\u00f3jny, mi\u0119kki i elastyczny materia\u0142<\/p>\n<p>\u2022 r\u0119kaw z otworem na kciuk<\/p>\n<p>\u2022 polski producent<\/p>\n<p>\u2022 cena: 149 z\u0142<\/p>\n<p>\u2022 dost\u0119pne r\u00f3wnie\u017c inne kolory i wzory<\/p>\n<p>Postaw na wygod\u0119 i styl w jednym \u2013 ESTERA to must-have w kobiecej garderobie \ud83e\udd0e<\/p>\n<p>#bluzki #bluzkiwewzory #butikasia #bluzkadamska #modadamska #bluzkaelastyczna #stylizacjenawiecz\u00f3r #polskiproducent<\/p>\n","protected":false},"excerpt":{"rendered":"<p>\ud83d\udda4\ud83d\udc9b\ud83e\udd0e Bluzka ESTERA \ud83e\udd0e\ud83d\udc9b\ud83d\udda4 Efektowna, kobieca i niezwykle stylowa \u2013 bluzka ESTERA w modny, wyrazisty print to propozycja dla kobiet, kt\u00f3re lubi\u0105 przyci\u0105ga\u0107 spojrzenia.Model pi\u0119knie&#8230;<\/p>\n","protected":false},"featured_media":2310,"comment_status":"open","ping_status":"closed","template":"","meta":[],"etheme_brands":[],"product_brand":[],"product_cat":[52,104,107],"product_tag":[],"class_list":{"0":"post-2307","1":"product","2":"type-product","3":"status-publish","4":"has-post-thumbnail","6":"product_cat-bluzki-body","7":"product_cat-nowosci","8":"product_cat-polscy-producenci","10":"first","11":"instock","12":"shipping-taxable","13":"purchasable","14":"product-type-simple"},"_links":{"self":[{"href":"https:\/\/butikasia.pl\/index.php?rest_route=\/wp\/v2\/product\/2307","targetHints":{"allow":["GET"]}}],"collection":[{"href":"https:\/\/butikasia.pl\/index.php?rest_route=\/wp\/v2\/product"}],"about":[{"href":"https:\/\/butikasia.pl\/index.php?rest_route=\/wp\/v2\/types\/product"}],"replies":[{"embeddable":true,"href":"https:\/\/butikasia.pl\/index.php?rest_route=%2Fwp%2Fv2%2Fcomments&post=2307"}],"version-history":[{"count":1,"href":"https:\/\/butikasia.pl\/index.php?rest_route=\/wp\/v2\/product\/2307\/revisions"}],"predecessor-version":[{"id":2311,"href":"https:\/\/butikasia.pl\/index.php?rest_route=\/wp\/v2\/product\/2307\/revisions\/2311"}],"wp:featuredmedia":[{"embeddable":true,"href":"https:\/\/butikasia.pl\/index.php?rest_route=\/wp\/v2\/media\/2310"}],"wp:attachment":[{"href":"https:\/\/butikasia.pl\/index.php?rest_route=%2Fwp%2Fv2%2Fmedia&parent=2307"}],"wp:term":[{"taxonomy":"brand","embeddable":true,"href":"https:\/\/butikasia.pl\/index.php?rest_route=%2Fwp%2Fv2%2Fetheme_brands&post=2307"},{"taxonomy":"product_brand","embeddable":true,"href":"https:\/\/butikasia.pl\/index.php?rest_route=%2Fwp%2Fv2%2Fproduct_brand&post=2307"},{"taxonomy":"product_cat","embeddable":true,"href":"https:\/\/butikasia.pl\/index.php?rest_route=%2Fwp%2Fv2%2Fproduct_cat&post=2307"},{"taxonomy":"product_tag","embeddable":true,"href":"https:\/\/butikasia.pl\/index.php?rest_route=%2Fwp%2Fv2%2Fproduct_tag&post=2307"}],"curies":[{"name":"wp","href":"https:\/\/api.w.org\/{rel}","templated":true}]}}