{"id":2312,"date":"2026-02-22T18:47:41","date_gmt":"2026-02-22T17:47:41","guid":{"rendered":"https:\/\/butikasia.pl\/?post_type=product&#038;p=2312"},"modified":"2026-02-22T18:47:41","modified_gmt":"2026-02-22T17:47:41","slug":"bluzka-estera-wzory-38-40-kolorowa-elastyczna","status":"publish","type":"product","link":"https:\/\/butikasia.pl\/?product=bluzka-estera-wzory-38-40-kolorowa-elastyczna","title":{"rendered":"Bluzka ESTERA wzory 38\/40 kolorowa elastyczna"},"content":{"rendered":"<p>\ud83d\udc99\ud83d\udc9c Bluzka ESTERA \ud83d\udc9c\ud83d\udc99<\/p>\n<p>Stylowa, dopasowana i niezwykle komfortowa \u2013 bluzka ESTERA w modny, przyci\u0105gaj\u0105cy wzrok print to idealna propozycja do codziennych i wieczorowych stylizacji.Model prezentuje j\u0105 w eleganckiej, miejskiej ods\u0142onie \u2013 \u015bwietnie wygl\u0105da zar\u00f3wno solo, jak i w po\u0142\u0105czeniu ze spodniami czy sp\u00f3dnic\u0105 z eko sk\u00f3ry.<\/p>\n<p>Model uszyty zosta\u0142 z podw\u00f3jnego, mi\u0119ciutkiego i elastycznego materia\u0142u, kt\u00f3ry pi\u0119knie dopasowuje si\u0119 do sylwetki i podkre\u015bla kobiece kszta\u0142ty. D\u0142ugi r\u0119kaw z otworem na kciuk to modny i praktyczny detal, kt\u00f3ry dodaje charakteru oraz zapewnia wygod\u0119 noszenia.<\/p>\n<p>To must-have w garderobie ka\u017cdej kobiety, kt\u00f3ra lubi nowoczesne printy i dopasowane fasony.<\/p>\n<p>Szczeg\u00f3\u0142y produktu:<\/p>\n<p>\u2022 model: ESTERA<\/p>\n<p>\u2022 rozmiar: 40 (wypada o p\u00f3\u0142 rozmiaru mniejsza ni\u017c metka)<\/p>\n<p>\u2022 kolor: ca\u0142o\u015b\u0107 w modny print (odcienie czerni, fioletu i niebieskiego)<\/p>\n<p>\u2022 podw\u00f3jny, mi\u0119kki i elastyczny materia\u0142<\/p>\n<p>\u2022 r\u0119kaw z otworem na kciuk<\/p>\n<p>\u2022 polski producent<\/p>\n<p>\u2022 cena: 149 z\u0142<\/p>\n<p>\u2022 dost\u0119pne r\u00f3wnie\u017c inne kolory i wzory<\/p>\n<p>Idealna do stylizacji dziennych i wieczorowych \u2013 postaw na wygod\u0119 i modny look w jednym \ud83d\udc99\ud83d\udc9c<\/p>\n<p>#bluzki #bluzkiwewzory #butikasia #bluzkadamska #modadamska #bluzkaelastyczna #stylizacjadnia<\/p>\n","protected":false},"excerpt":{"rendered":"<p>\ud83d\udc99\ud83d\udc9c Bluzka ESTERA \ud83d\udc9c\ud83d\udc99 Stylowa, dopasowana i niezwykle komfortowa \u2013 bluzka ESTERA w modny, przyci\u0105gaj\u0105cy wzrok print to idealna propozycja do codziennych i wieczorowych stylizacji.Model&#8230;<\/p>\n","protected":false},"featured_media":2315,"comment_status":"open","ping_status":"closed","template":"","meta":[],"etheme_brands":[],"product_brand":[],"product_cat":[52,104,107],"product_tag":[],"class_list":{"0":"post-2312","1":"product","2":"type-product","3":"status-publish","4":"has-post-thumbnail","6":"product_cat-bluzki-body","7":"product_cat-nowosci","8":"product_cat-polscy-producenci","10":"first","11":"instock","12":"shipping-taxable","13":"purchasable","14":"product-type-simple"},"_links":{"self":[{"href":"https:\/\/butikasia.pl\/index.php?rest_route=\/wp\/v2\/product\/2312","targetHints":{"allow":["GET"]}}],"collection":[{"href":"https:\/\/butikasia.pl\/index.php?rest_route=\/wp\/v2\/product"}],"about":[{"href":"https:\/\/butikasia.pl\/index.php?rest_route=\/wp\/v2\/types\/product"}],"replies":[{"embeddable":true,"href":"https:\/\/butikasia.pl\/index.php?rest_route=%2Fwp%2Fv2%2Fcomments&post=2312"}],"version-history":[{"count":1,"href":"https:\/\/butikasia.pl\/index.php?rest_route=\/wp\/v2\/product\/2312\/revisions"}],"predecessor-version":[{"id":2316,"href":"https:\/\/butikasia.pl\/index.php?rest_route=\/wp\/v2\/product\/2312\/revisions\/2316"}],"wp:featuredmedia":[{"embeddable":true,"href":"https:\/\/butikasia.pl\/index.php?rest_route=\/wp\/v2\/media\/2315"}],"wp:attachment":[{"href":"https:\/\/butikasia.pl\/index.php?rest_route=%2Fwp%2Fv2%2Fmedia&parent=2312"}],"wp:term":[{"taxonomy":"brand","embeddable":true,"href":"https:\/\/butikasia.pl\/index.php?rest_route=%2Fwp%2Fv2%2Fetheme_brands&post=2312"},{"taxonomy":"product_brand","embeddable":true,"href":"https:\/\/butikasia.pl\/index.php?rest_route=%2Fwp%2Fv2%2Fproduct_brand&post=2312"},{"taxonomy":"product_cat","embeddable":true,"href":"https:\/\/butikasia.pl\/index.php?rest_route=%2Fwp%2Fv2%2Fproduct_cat&post=2312"},{"taxonomy":"product_tag","embeddable":true,"href":"https:\/\/butikasia.pl\/index.php?rest_route=%2Fwp%2Fv2%2Fproduct_tag&post=2312"}],"curies":[{"name":"wp","href":"https:\/\/api.w.org\/{rel}","templated":true}]}}