{"id":2320,"date":"2026-02-22T18:59:29","date_gmt":"2026-02-22T17:59:29","guid":{"rendered":"https:\/\/butikasia.pl\/?post_type=product&#038;p=2320"},"modified":"2026-02-22T18:59:30","modified_gmt":"2026-02-22T17:59:30","slug":"sukienka-caroline-czerwona-40-l-marszczona-elegancka","status":"publish","type":"product","link":"https:\/\/butikasia.pl\/?product=sukienka-caroline-czerwona-40-l-marszczona-elegancka","title":{"rendered":"Sukienka CAROLINE czerwona 40\/L marszczona elegancka"},"content":{"rendered":"<p>\ud83c\udf39\u2764\ufe0f\ud83c\udf39 Sukienka CAROLINE \ud83c\udf39\u2764\ufe0f\ud83c\udf39<\/p>\n<ol>\n<li>Kobieca, elegancka i niezwykle twarzowa \u2764\ufe0f Sukienka CAROLINE w intensywnym czerwonym kolorze to model, kt\u00f3ry przyci\u0105ga spojrzenia i podkre\u015bla sylwetk\u0119.Klasyczny kr\u00f3j z delikatnym dopasowaniem oraz marszczenie w okolicy brzucha, kt\u00f3re pi\u0119knie modeluje figur\u0119 i zapewnia komfort noszenia.<\/li>\n<\/ol>\n<p>To idealna propozycja na wesele, kolacj\u0119, \u015bwi\u0119ta, randk\u0119 czy ka\u017cd\u0105 wyj\u0105tkow\u0105 okazj\u0119. Minimalistyczna forma sprawia, \u017ce sukienka wygl\u0105da bardzo elegancko, a jednocze\u015bnie jest wygodna i uniwersalna. Z ty\u0142u przy szyi zapinana na trzy guziki, co dodaje jej subtelnego uroku i estetycznego wyko\u0144czenia.<\/p>\n<p>Model polskiego producenta \u2013 starannie uszyty z dba\u0142o\u015bci\u0105 o detale i wygod\u0119.<\/p>\n<p>Szczeg\u00f3\u0142y produktu:<\/p>\n<p>\u2022 model: CAROLINE<\/p>\n<p>\u2022 rozmiar: 40<\/p>\n<p>\u2022 kolor: czerwony<\/p>\n<p>\u2022 cena: 219 z\u0142<\/p>\n<p>\u2022 marszczenie maskuj\u0105ce brzuszek<\/p>\n<p>\u2022 zapinana z ty\u0142u u g\u00f3ry na 3 guziki<\/p>\n<p>\u2022 wygodny, elegancki kr\u00f3j<\/p>\n<p>\u2022 polski producent<\/p>\n<p>\u2022 dost\u0119pna r\u00f3wnie\u017c w innych kolorach w rozmiarach 34\u201342<\/p>\n<p>Ponadczasowa czerwie\u0144 i perfekcyjny fason \u2013 must have w kobiecej szafie \u2764\ufe0f<\/p>\n<p>#butikasia #sukienki #sukienkiczerwone #sukienkimarszczone #sukienkaelegancka #modadamska #polskiproducent #stylizacjedamskie #sukienkanawesele<\/p>\n","protected":false},"excerpt":{"rendered":"<p>\ud83c\udf39\u2764\ufe0f\ud83c\udf39 Sukienka CAROLINE \ud83c\udf39\u2764\ufe0f\ud83c\udf39 Kobieca, elegancka i niezwykle twarzowa \u2764\ufe0f Sukienka CAROLINE w intensywnym czerwonym kolorze to model, kt\u00f3ry przyci\u0105ga spojrzenia i podkre\u015bla sylwetk\u0119.Klasyczny kr\u00f3j&#8230;<\/p>\n","protected":false},"featured_media":2323,"comment_status":"open","ping_status":"closed","template":"","meta":[],"etheme_brands":[],"product_brand":[],"product_cat":[115,116,117,112,118,104,107,109],"product_tag":[],"class_list":{"0":"post-2320","1":"product","2":"type-product","3":"status-publish","4":"has-post-thumbnail","6":"product_cat-sukienki-codzienne","7":"product_cat-sukienki-dopasowane","8":"product_cat-sukienki-eleganckie","9":"product_cat-sukienki-krotkie","10":"product_cat-sukienki-weselne","11":"product_cat-nowosci","12":"product_cat-polscy-producenci","13":"product_cat-sukienki","15":"first","16":"instock","17":"shipping-taxable","18":"purchasable","19":"product-type-simple"},"_links":{"self":[{"href":"https:\/\/butikasia.pl\/index.php?rest_route=\/wp\/v2\/product\/2320","targetHints":{"allow":["GET"]}}],"collection":[{"href":"https:\/\/butikasia.pl\/index.php?rest_route=\/wp\/v2\/product"}],"about":[{"href":"https:\/\/butikasia.pl\/index.php?rest_route=\/wp\/v2\/types\/product"}],"replies":[{"embeddable":true,"href":"https:\/\/butikasia.pl\/index.php?rest_route=%2Fwp%2Fv2%2Fcomments&post=2320"}],"version-history":[{"count":1,"href":"https:\/\/butikasia.pl\/index.php?rest_route=\/wp\/v2\/product\/2320\/revisions"}],"predecessor-version":[{"id":2324,"href":"https:\/\/butikasia.pl\/index.php?rest_route=\/wp\/v2\/product\/2320\/revisions\/2324"}],"wp:featuredmedia":[{"embeddable":true,"href":"https:\/\/butikasia.pl\/index.php?rest_route=\/wp\/v2\/media\/2323"}],"wp:attachment":[{"href":"https:\/\/butikasia.pl\/index.php?rest_route=%2Fwp%2Fv2%2Fmedia&parent=2320"}],"wp:term":[{"taxonomy":"brand","embeddable":true,"href":"https:\/\/butikasia.pl\/index.php?rest_route=%2Fwp%2Fv2%2Fetheme_brands&post=2320"},{"taxonomy":"product_brand","embeddable":true,"href":"https:\/\/butikasia.pl\/index.php?rest_route=%2Fwp%2Fv2%2Fproduct_brand&post=2320"},{"taxonomy":"product_cat","embeddable":true,"href":"https:\/\/butikasia.pl\/index.php?rest_route=%2Fwp%2Fv2%2Fproduct_cat&post=2320"},{"taxonomy":"product_tag","embeddable":true,"href":"https:\/\/butikasia.pl\/index.php?rest_route=%2Fwp%2Fv2%2Fproduct_tag&post=2320"}],"curies":[{"name":"wp","href":"https:\/\/api.w.org\/{rel}","templated":true}]}}