{"id":2354,"date":"2026-02-22T20:21:55","date_gmt":"2026-02-22T19:21:55","guid":{"rendered":"https:\/\/butikasia.pl\/?post_type=product&#038;p=2354"},"modified":"2026-03-05T22:16:22","modified_gmt":"2026-03-05T21:16:22","slug":"spodenki-brazowe-marli-34-36-38-40","status":"publish","type":"product","link":"https:\/\/butikasia.pl\/?product=spodenki-brazowe-marli-34-36-38-40","title":{"rendered":"Spodenki br\u0105zowe MARLI 34 36 38 40"},"content":{"rendered":"<p>\ud83e\udd0e\ud83e\udd0e\ud83e\udd0e Spodenki MARLI \ud83e\udd0e\ud83e\udd0e\ud83e\udd0e<\/p>\n<p>Stylowe spodenki MARLI w modnym, czekoladowym odcieniu br\u0105zu to must-have w ka\u017cdej kobiecej garderobie. Elegancki fason z wysokim stanem i wi\u0105zaniem w talii, kt\u00f3ry pi\u0119knie podkre\u015bla sylwetk\u0119 i nadaje stylizacji nowoczesnego charakteru. Wykonane z wysokiej jako\u015bci sk\u00f3ry eko \u2013 prezentuj\u0105 si\u0119 niezwykle efektownie, a jednocze\u015bnie s\u0105 wygodne w noszeniu.<\/p>\n<p>Model \u015bwietnie sprawdzi si\u0119 zar\u00f3wno w codziennych stylizacjach z bluzk\u0105 lub swetrem, jak i w bardziej eleganckiej wersji z koszul\u0105 czy body. Idealne na jesie\u0144, wiosn\u0119 i ch\u0142odniejsze letnie dni.<\/p>\n<p>Szczeg\u00f3\u0142y produktu:<\/p>\n<p>\u2022 rozmiary: 34, 36, 38, 40<\/p>\n<p>\u2022 cena: 149 z\u0142<\/p>\n<p>\u2022 kolor: br\u0105zowy<\/p>\n<p>\u2022 materia\u0142: sk\u00f3ra eko<\/p>\n<p>\u2022 wysoki stan z wi\u0105zaniem w talii<\/p>\n<p>\u2022 dwie praktyczne kieszonki<\/p>\n<p>\u2022 komfortowe i stylowe<\/p>\n<p>\u2022 polski producent<\/p>\n<p>Ponadczasowy model, kt\u00f3ry doda charakteru ka\u017cdej stylizacji \ud83e\udd0e<\/p>\n<p>#butikasia #spodenki #szortydamskie #spodenkizwysokimstanem #spodenkibrazowe #modadamska #butikonline #stylizacjedamskie<\/p>\n","protected":false},"excerpt":{"rendered":"<p>\ud83e\udd0e\ud83e\udd0e\ud83e\udd0e Spodenki MARLI \ud83e\udd0e\ud83e\udd0e\ud83e\udd0e Stylowe spodenki MARLI w modnym, czekoladowym odcieniu br\u0105zu to must-have w ka\u017cdej kobiecej garderobie. Elegancki fason z wysokim stanem i wi\u0105zaniem&#8230;<\/p>\n","protected":false},"featured_media":2355,"comment_status":"open","ping_status":"closed","template":"","meta":[],"etheme_brands":[],"product_brand":[],"product_cat":[104,107,56],"product_tag":[],"class_list":{"0":"post-2354","1":"product","2":"type-product","3":"status-publish","4":"has-post-thumbnail","6":"product_cat-nowosci","7":"product_cat-polscy-producenci","8":"product_cat-spodenki","10":"first","11":"instock","12":"shipping-taxable","13":"purchasable","14":"product-type-variable","15":"has-default-attributes"},"_links":{"self":[{"href":"https:\/\/butikasia.pl\/index.php?rest_route=\/wp\/v2\/product\/2354","targetHints":{"allow":["GET"]}}],"collection":[{"href":"https:\/\/butikasia.pl\/index.php?rest_route=\/wp\/v2\/product"}],"about":[{"href":"https:\/\/butikasia.pl\/index.php?rest_route=\/wp\/v2\/types\/product"}],"replies":[{"embeddable":true,"href":"https:\/\/butikasia.pl\/index.php?rest_route=%2Fwp%2Fv2%2Fcomments&post=2354"}],"version-history":[{"count":1,"href":"https:\/\/butikasia.pl\/index.php?rest_route=\/wp\/v2\/product\/2354\/revisions"}],"predecessor-version":[{"id":2359,"href":"https:\/\/butikasia.pl\/index.php?rest_route=\/wp\/v2\/product\/2354\/revisions\/2359"}],"wp:featuredmedia":[{"embeddable":true,"href":"https:\/\/butikasia.pl\/index.php?rest_route=\/wp\/v2\/media\/2355"}],"wp:attachment":[{"href":"https:\/\/butikasia.pl\/index.php?rest_route=%2Fwp%2Fv2%2Fmedia&parent=2354"}],"wp:term":[{"taxonomy":"brand","embeddable":true,"href":"https:\/\/butikasia.pl\/index.php?rest_route=%2Fwp%2Fv2%2Fetheme_brands&post=2354"},{"taxonomy":"product_brand","embeddable":true,"href":"https:\/\/butikasia.pl\/index.php?rest_route=%2Fwp%2Fv2%2Fproduct_brand&post=2354"},{"taxonomy":"product_cat","embeddable":true,"href":"https:\/\/butikasia.pl\/index.php?rest_route=%2Fwp%2Fv2%2Fproduct_cat&post=2354"},{"taxonomy":"product_tag","embeddable":true,"href":"https:\/\/butikasia.pl\/index.php?rest_route=%2Fwp%2Fv2%2Fproduct_tag&post=2354"}],"curies":[{"name":"wp","href":"https:\/\/api.w.org\/{rel}","templated":true}]}}