{"id":2360,"date":"2026-02-23T11:50:09","date_gmt":"2026-02-23T10:50:09","guid":{"rendered":"https:\/\/butikasia.pl\/?post_type=product&#038;p=2360"},"modified":"2026-02-23T11:50:09","modified_gmt":"2026-02-23T10:50:09","slug":"bluzka-estera-bordowa-38-m-elastyczna","status":"publish","type":"product","link":"https:\/\/butikasia.pl\/?product=bluzka-estera-bordowa-38-m-elastyczna","title":{"rendered":"Bluzka ESTERA bordowa 38\/M elastyczna"},"content":{"rendered":"<p>Bluzka ESTERA \u2013 bordowa elegancja i komfort na co dzie\u0144<\/p>\n<p>Bluzka ESTERA w modnym, g\u0142\u0119bokim odcieniu bordowym to idealne po\u0142\u0105czenie wygody i kobiecego stylu. Uszyta z podw\u00f3jnego, mi\u0119kkiego materia\u0142u, pi\u0119knie dopasowuje si\u0119 do sylwetki i zapewnia komfort noszenia przez ca\u0142y dzie\u0144. To model od polskiego producenta, kt\u00f3ry \u015bwietnie sprawdzi si\u0119 zar\u00f3wno do eleganckich stylizacji, jak i codziennych zestaw\u00f3w.<\/p>\n<p>R\u0119kaw zako\u0144czony jest praktycznym otworem na kciuk, co nadaje bluzce nowoczesnego charakteru i zwi\u0119ksza wygod\u0119 noszenia. W ofercie posiadamy tak\u017ce inne kolory i wzory modelu ESTERA.<\/p>\n<p>Szczeg\u00f3\u0142y produktu:<\/p>\n<p>Model: Bluzka ESTERA<\/p>\n<p>Rozmiar: 38<\/p>\n<p>Cena: 149 z\u0142<\/p>\n<p>Kolor: bordowy<\/p>\n<p>Materia\u0142: podw\u00f3jny, mi\u0119kki i przyjemny w dotyku<\/p>\n<p>Polski producent<\/p>\n<p>Otw\u00f3r na kciuk w r\u0119kawie<\/p>\n<p>Dost\u0119pne inne kolory i wzory<\/p>\n<p>Mo\u017cliwo\u015b\u0107 dokupienia sp\u00f3dnicy do kompletu.<\/p>\n<p>&nbsp;<\/p>\n<p>Zam\u00f3w ju\u017c teraz i postaw na styl, jako\u015b\u0107 oraz wygod\u0119 w jednym!<\/p>\n<p>#bluzkadamska #bordowabluzka #modadamska\u00a0 #butikonline #butikdamski #ubraniaonline #skleponline\u00a0 #bluzkidamskie #butikasia #bluzkibordowe<\/p>\n","protected":false},"excerpt":{"rendered":"<p>Bluzka ESTERA \u2013 bordowa elegancja i komfort na co dzie\u0144 Bluzka ESTERA w modnym, g\u0142\u0119bokim odcieniu bordowym to idealne po\u0142\u0105czenie wygody i kobiecego stylu. Uszyta&#8230;<\/p>\n","protected":false},"featured_media":2363,"comment_status":"open","ping_status":"closed","template":"","meta":[],"etheme_brands":[],"product_brand":[],"product_cat":[52,104,107],"product_tag":[],"class_list":{"0":"post-2360","1":"product","2":"type-product","3":"status-publish","4":"has-post-thumbnail","6":"product_cat-bluzki-body","7":"product_cat-nowosci","8":"product_cat-polscy-producenci","10":"first","11":"instock","12":"shipping-taxable","13":"purchasable","14":"product-type-simple"},"_links":{"self":[{"href":"https:\/\/butikasia.pl\/index.php?rest_route=\/wp\/v2\/product\/2360","targetHints":{"allow":["GET"]}}],"collection":[{"href":"https:\/\/butikasia.pl\/index.php?rest_route=\/wp\/v2\/product"}],"about":[{"href":"https:\/\/butikasia.pl\/index.php?rest_route=\/wp\/v2\/types\/product"}],"replies":[{"embeddable":true,"href":"https:\/\/butikasia.pl\/index.php?rest_route=%2Fwp%2Fv2%2Fcomments&post=2360"}],"version-history":[{"count":1,"href":"https:\/\/butikasia.pl\/index.php?rest_route=\/wp\/v2\/product\/2360\/revisions"}],"predecessor-version":[{"id":2364,"href":"https:\/\/butikasia.pl\/index.php?rest_route=\/wp\/v2\/product\/2360\/revisions\/2364"}],"wp:featuredmedia":[{"embeddable":true,"href":"https:\/\/butikasia.pl\/index.php?rest_route=\/wp\/v2\/media\/2363"}],"wp:attachment":[{"href":"https:\/\/butikasia.pl\/index.php?rest_route=%2Fwp%2Fv2%2Fmedia&parent=2360"}],"wp:term":[{"taxonomy":"brand","embeddable":true,"href":"https:\/\/butikasia.pl\/index.php?rest_route=%2Fwp%2Fv2%2Fetheme_brands&post=2360"},{"taxonomy":"product_brand","embeddable":true,"href":"https:\/\/butikasia.pl\/index.php?rest_route=%2Fwp%2Fv2%2Fproduct_brand&post=2360"},{"taxonomy":"product_cat","embeddable":true,"href":"https:\/\/butikasia.pl\/index.php?rest_route=%2Fwp%2Fv2%2Fproduct_cat&post=2360"},{"taxonomy":"product_tag","embeddable":true,"href":"https:\/\/butikasia.pl\/index.php?rest_route=%2Fwp%2Fv2%2Fproduct_tag&post=2360"}],"curies":[{"name":"wp","href":"https:\/\/api.w.org\/{rel}","templated":true}]}}