{"id":2365,"date":"2026-02-23T12:13:12","date_gmt":"2026-02-23T11:13:12","guid":{"rendered":"https:\/\/butikasia.pl\/?post_type=product&#038;p=2365"},"modified":"2026-02-23T12:13:12","modified_gmt":"2026-02-23T11:13:12","slug":"spodnie-czarne-millelli-skora-eko-dzwony-40-42","status":"publish","type":"product","link":"https:\/\/butikasia.pl\/?product=spodnie-czarne-millelli-skora-eko-dzwony-40-42","title":{"rendered":"Spodnie czarne MILLELLI sk\u00f3ra eko dzwony 40\/42"},"content":{"rendered":"<p>Spodnie MILLELLI \u2013 czarna klasyka w nowoczesnym wydaniu<\/p>\n<p>Stylowe spodnie MILLELLI to must-have w garderobie ka\u017cdej kobiety, kt\u00f3ra ceni elegancj\u0119, wygod\u0119 i modny wygl\u0105d. Model wykonany z wysokiej jako\u015bci sk\u00f3ry ekologicznej pi\u0119knie dopasowuje si\u0119 do sylwetki, podkre\u015bla nogi i nadaje stylizacji charakteru. To idealna propozycja zar\u00f3wno do eleganckich zestaw\u00f3w z marynark\u0105 i szpilkami, jak i do codziennych stylizacji z bluzk\u0105 lub swetrem.<\/p>\n<p>Spodnie w klasycznym czarnym kolorze, kt\u00f3ry \u015bwietnie \u0142\u0105czy si\u0119 z wieloma elementami garderoby i sprawdzi si\u0119 o ka\u017cdej porze roku. W ofercie dost\u0119pny jest r\u00f3wnie\u017c kolor br\u0105zowy. Produkt pochodzi od polskiego producenta, co gwarantuje jako\u015b\u0107 wykonania i dba\u0142o\u015b\u0107 o detale.<\/p>\n<p>Szczeg\u00f3\u0142y produktu:<\/p>\n<p>Model: Spodnie MILLELLI<\/p>\n<p>Rozmiar: 42 Wypadaj\u0105 o p\u00f3\u0142 rozmiaru mniejsza ni\u017c rozmiar z metki<\/p>\n<p>Cena: 169 z\u0142<\/p>\n<p>Kolor: czarny<\/p>\n<p>Materia\u0142: wysokiej jako\u015bci sk\u00f3ra ekologiczna<\/p>\n<p>Fason: elegancki, wyd\u0142u\u017caj\u0105cy nogi<\/p>\n<p>Polski producent<\/p>\n<p>Dost\u0119pne r\u00f3wnie\u017c w kolorze br\u0105zowym<\/p>\n<p>Spodnie MILLELLI to \u015bwietna baza do wielu stylizacji \u2013 od eleganckich po casualowe. Je\u015bli szukasz modnych spodni ze sk\u00f3ry eko, kt\u00f3re podkre\u015bl\u0105 sylwetk\u0119 i dodadz\u0105 stylu, ten model b\u0119dzie idealnym wyborem.<\/p>\n<p>#spodniedamskie #spodnieczarne #modadamska #butikonline #butikdamski #polskiproducent #skleponline #butikasia #spodnie #spodnieczarne<\/p>\n","protected":false},"excerpt":{"rendered":"<p>Spodnie MILLELLI \u2013 czarna klasyka w nowoczesnym wydaniu Stylowe spodnie MILLELLI to must-have w garderobie ka\u017cdej kobiety, kt\u00f3ra ceni elegancj\u0119, wygod\u0119 i modny wygl\u0105d. Model&#8230;<\/p>\n","protected":false},"featured_media":2366,"comment_status":"open","ping_status":"closed","template":"","meta":[],"etheme_brands":[],"product_brand":[],"product_cat":[104,107,49],"product_tag":[],"class_list":{"0":"post-2365","1":"product","2":"type-product","3":"status-publish","4":"has-post-thumbnail","6":"product_cat-nowosci","7":"product_cat-polscy-producenci","8":"product_cat-spodnie","10":"first","11":"instock","12":"shipping-taxable","13":"purchasable","14":"product-type-simple"},"_links":{"self":[{"href":"https:\/\/butikasia.pl\/index.php?rest_route=\/wp\/v2\/product\/2365","targetHints":{"allow":["GET"]}}],"collection":[{"href":"https:\/\/butikasia.pl\/index.php?rest_route=\/wp\/v2\/product"}],"about":[{"href":"https:\/\/butikasia.pl\/index.php?rest_route=\/wp\/v2\/types\/product"}],"replies":[{"embeddable":true,"href":"https:\/\/butikasia.pl\/index.php?rest_route=%2Fwp%2Fv2%2Fcomments&post=2365"}],"version-history":[{"count":1,"href":"https:\/\/butikasia.pl\/index.php?rest_route=\/wp\/v2\/product\/2365\/revisions"}],"predecessor-version":[{"id":2369,"href":"https:\/\/butikasia.pl\/index.php?rest_route=\/wp\/v2\/product\/2365\/revisions\/2369"}],"wp:featuredmedia":[{"embeddable":true,"href":"https:\/\/butikasia.pl\/index.php?rest_route=\/wp\/v2\/media\/2366"}],"wp:attachment":[{"href":"https:\/\/butikasia.pl\/index.php?rest_route=%2Fwp%2Fv2%2Fmedia&parent=2365"}],"wp:term":[{"taxonomy":"brand","embeddable":true,"href":"https:\/\/butikasia.pl\/index.php?rest_route=%2Fwp%2Fv2%2Fetheme_brands&post=2365"},{"taxonomy":"product_brand","embeddable":true,"href":"https:\/\/butikasia.pl\/index.php?rest_route=%2Fwp%2Fv2%2Fproduct_brand&post=2365"},{"taxonomy":"product_cat","embeddable":true,"href":"https:\/\/butikasia.pl\/index.php?rest_route=%2Fwp%2Fv2%2Fproduct_cat&post=2365"},{"taxonomy":"product_tag","embeddable":true,"href":"https:\/\/butikasia.pl\/index.php?rest_route=%2Fwp%2Fv2%2Fproduct_tag&post=2365"}],"curies":[{"name":"wp","href":"https:\/\/api.w.org\/{rel}","templated":true}]}}