{"id":2412,"date":"2026-02-23T14:25:41","date_gmt":"2026-02-23T13:25:41","guid":{"rendered":"https:\/\/butikasia.pl\/?post_type=product&#038;p=2412"},"modified":"2026-02-23T14:42:50","modified_gmt":"2026-02-23T13:42:50","slug":"sukienka-brazowa-allitessa-36-s-czekoladowa-marszczona","status":"publish","type":"product","link":"https:\/\/butikasia.pl\/?product=sukienka-brazowa-allitessa-36-s-czekoladowa-marszczona","title":{"rendered":"Sukienka br\u0105zowa ALLITESSA 36\/S czekoladowa marszczona"},"content":{"rendered":"<p>\ud83e\udd0e\ud83e\udd0e\ud83e\udd0eSukienka ALITTESSA\ud83e\udd0e\ud83e\udd0e\ud83e\udd0e<\/p>\n<p>*r.36<\/p>\n<p>*cena:379,-<\/p>\n<p>*kolor:br\u0105zowy<\/p>\n<p>*elastyczna<\/p>\n<p>*na \u017cywo przepi\u0119kna<\/p>\n<p>*polski producent<\/p>\n<ol>\n<li>*dost\u0119pna r\u00f3wnie\u017c w kolorze\u00a0 bordowym r.38 oraz 40<\/li>\n<\/ol>\n<p>#sukienki #sukienkibr\u0105zowe #sukienkielastyczne<\/p>\n","protected":false},"excerpt":{"rendered":"<p>\ud83e\udd0e\ud83e\udd0e\ud83e\udd0eSukienka ALITTESSA\ud83e\udd0e\ud83e\udd0e\ud83e\udd0e *r.36 *cena:379,- *kolor:br\u0105zowy *elastyczna *na \u017cywo przepi\u0119kna *polski producent *dost\u0119pna r\u00f3wnie\u017c w kolorze\u00a0 bordowym r.38 oraz 40 #sukienki #sukienkibr\u0105zowe #sukienkielastyczne<\/p>\n","protected":false},"featured_media":2413,"comment_status":"open","ping_status":"closed","template":"","meta":[],"etheme_brands":[],"product_brand":[],"product_cat":[110,116,117,118,114,104,107,109],"product_tag":[],"class_list":{"0":"post-2412","1":"product","2":"type-product","3":"status-publish","4":"has-post-thumbnail","6":"product_cat-sukienki-dlugie","7":"product_cat-sukienki-dopasowane","8":"product_cat-sukienki-eleganckie","9":"product_cat-sukienki-weselne","10":"product_cat-sukienki-wieczorowe","11":"product_cat-nowosci","12":"product_cat-polscy-producenci","13":"product_cat-sukienki","15":"first","16":"instock","17":"shipping-taxable","18":"purchasable","19":"product-type-simple"},"_links":{"self":[{"href":"https:\/\/butikasia.pl\/index.php?rest_route=\/wp\/v2\/product\/2412","targetHints":{"allow":["GET"]}}],"collection":[{"href":"https:\/\/butikasia.pl\/index.php?rest_route=\/wp\/v2\/product"}],"about":[{"href":"https:\/\/butikasia.pl\/index.php?rest_route=\/wp\/v2\/types\/product"}],"replies":[{"embeddable":true,"href":"https:\/\/butikasia.pl\/index.php?rest_route=%2Fwp%2Fv2%2Fcomments&post=2412"}],"version-history":[{"count":1,"href":"https:\/\/butikasia.pl\/index.php?rest_route=\/wp\/v2\/product\/2412\/revisions"}],"predecessor-version":[{"id":2416,"href":"https:\/\/butikasia.pl\/index.php?rest_route=\/wp\/v2\/product\/2412\/revisions\/2416"}],"wp:featuredmedia":[{"embeddable":true,"href":"https:\/\/butikasia.pl\/index.php?rest_route=\/wp\/v2\/media\/2413"}],"wp:attachment":[{"href":"https:\/\/butikasia.pl\/index.php?rest_route=%2Fwp%2Fv2%2Fmedia&parent=2412"}],"wp:term":[{"taxonomy":"brand","embeddable":true,"href":"https:\/\/butikasia.pl\/index.php?rest_route=%2Fwp%2Fv2%2Fetheme_brands&post=2412"},{"taxonomy":"product_brand","embeddable":true,"href":"https:\/\/butikasia.pl\/index.php?rest_route=%2Fwp%2Fv2%2Fproduct_brand&post=2412"},{"taxonomy":"product_cat","embeddable":true,"href":"https:\/\/butikasia.pl\/index.php?rest_route=%2Fwp%2Fv2%2Fproduct_cat&post=2412"},{"taxonomy":"product_tag","embeddable":true,"href":"https:\/\/butikasia.pl\/index.php?rest_route=%2Fwp%2Fv2%2Fproduct_tag&post=2412"}],"curies":[{"name":"wp","href":"https:\/\/api.w.org\/{rel}","templated":true}]}}