{"id":2433,"date":"2026-02-23T17:02:25","date_gmt":"2026-02-23T16:02:25","guid":{"rendered":"https:\/\/butikasia.pl\/?post_type=product&#038;p=2433"},"modified":"2026-02-23T17:15:22","modified_gmt":"2026-02-23T16:15:22","slug":"torebka-bialy-ze-zlotymi-zdobieniami-ze-zlotym-lancuszkiem","status":"publish","type":"product","link":"https:\/\/butikasia.pl\/?product=torebka-bialy-ze-zlotymi-zdobieniami-ze-zlotym-lancuszkiem","title":{"rendered":"Torebka bia\u0142a ze z\u0142otymi zdobieniami ze z\u0142otym \u0142a\u0144cuszkiem"},"content":{"rendered":"<p>\ud83d\udc97\ud83d\udc97\ud83d\udc97\ud83d\udc97Torebka bia\u0142a ze z\u0142otym zdobieniem w komplecie z\u0142oty \u0142a\u0144cuszek<\/p>\n<p>Cena 199<\/p>\n","protected":false},"excerpt":{"rendered":"<p>\ud83d\udc97\ud83d\udc97\ud83d\udc97\ud83d\udc97Torebka bia\u0142a ze z\u0142otym zdobieniem w komplecie z\u0142oty \u0142a\u0144cuszek Cena 199<\/p>\n","protected":false},"featured_media":2434,"comment_status":"open","ping_status":"closed","template":"","meta":[],"etheme_brands":[],"product_brand":[],"product_cat":[104,59],"product_tag":[],"class_list":{"0":"post-2433","1":"product","2":"type-product","3":"status-publish","4":"has-post-thumbnail","6":"product_cat-nowosci","7":"product_cat-torebki-nerki-plecaki","9":"first","10":"instock","11":"shipping-taxable","12":"purchasable","13":"product-type-simple"},"_links":{"self":[{"href":"https:\/\/butikasia.pl\/index.php?rest_route=\/wp\/v2\/product\/2433","targetHints":{"allow":["GET"]}}],"collection":[{"href":"https:\/\/butikasia.pl\/index.php?rest_route=\/wp\/v2\/product"}],"about":[{"href":"https:\/\/butikasia.pl\/index.php?rest_route=\/wp\/v2\/types\/product"}],"replies":[{"embeddable":true,"href":"https:\/\/butikasia.pl\/index.php?rest_route=%2Fwp%2Fv2%2Fcomments&post=2433"}],"version-history":[{"count":3,"href":"https:\/\/butikasia.pl\/index.php?rest_route=\/wp\/v2\/product\/2433\/revisions"}],"predecessor-version":[{"id":2446,"href":"https:\/\/butikasia.pl\/index.php?rest_route=\/wp\/v2\/product\/2433\/revisions\/2446"}],"wp:featuredmedia":[{"embeddable":true,"href":"https:\/\/butikasia.pl\/index.php?rest_route=\/wp\/v2\/media\/2434"}],"wp:attachment":[{"href":"https:\/\/butikasia.pl\/index.php?rest_route=%2Fwp%2Fv2%2Fmedia&parent=2433"}],"wp:term":[{"taxonomy":"brand","embeddable":true,"href":"https:\/\/butikasia.pl\/index.php?rest_route=%2Fwp%2Fv2%2Fetheme_brands&post=2433"},{"taxonomy":"product_brand","embeddable":true,"href":"https:\/\/butikasia.pl\/index.php?rest_route=%2Fwp%2Fv2%2Fproduct_brand&post=2433"},{"taxonomy":"product_cat","embeddable":true,"href":"https:\/\/butikasia.pl\/index.php?rest_route=%2Fwp%2Fv2%2Fproduct_cat&post=2433"},{"taxonomy":"product_tag","embeddable":true,"href":"https:\/\/butikasia.pl\/index.php?rest_route=%2Fwp%2Fv2%2Fproduct_tag&post=2433"}],"curies":[{"name":"wp","href":"https:\/\/api.w.org\/{rel}","templated":true}]}}