{"id":2498,"date":"2026-02-23T20:07:14","date_gmt":"2026-02-23T19:07:14","guid":{"rendered":"https:\/\/butikasia.pl\/?post_type=product&#038;p=2498"},"modified":"2026-02-23T20:07:14","modified_gmt":"2026-02-23T19:07:14","slug":"torebka-czarna","status":"publish","type":"product","link":"https:\/\/butikasia.pl\/?product=torebka-czarna","title":{"rendered":"Torebka czarna"},"content":{"rendered":"<p>\ud83d\udda4\ud83d\udda4\ud83d\udda4Torebka \ud83d\udda4\ud83d\udda4\ud83d\udda4<\/p>\n<p>*cena:129,-<\/p>\n<p>*kolor:czarny<\/p>\n<p>*w komplecie posiada pasek<\/p>\n<p>*dost\u0119pne r\u00f3wnie\u017c inne kolory<\/p>\n<p>#butikasia #torebki<\/p>\n","protected":false},"excerpt":{"rendered":"<p>\ud83d\udda4\ud83d\udda4\ud83d\udda4Torebka \ud83d\udda4\ud83d\udda4\ud83d\udda4 *cena:129,- *kolor:czarny *w komplecie posiada pasek *dost\u0119pne r\u00f3wnie\u017c inne kolory #butikasia #torebki<\/p>\n","protected":false},"featured_media":2499,"comment_status":"open","ping_status":"closed","template":"","meta":[],"etheme_brands":[],"product_brand":[],"product_cat":[104,59],"product_tag":[],"class_list":{"0":"post-2498","1":"product","2":"type-product","3":"status-publish","4":"has-post-thumbnail","6":"product_cat-nowosci","7":"product_cat-torebki-nerki-plecaki","9":"first","10":"instock","11":"shipping-taxable","12":"purchasable","13":"product-type-simple"},"_links":{"self":[{"href":"https:\/\/butikasia.pl\/index.php?rest_route=\/wp\/v2\/product\/2498","targetHints":{"allow":["GET"]}}],"collection":[{"href":"https:\/\/butikasia.pl\/index.php?rest_route=\/wp\/v2\/product"}],"about":[{"href":"https:\/\/butikasia.pl\/index.php?rest_route=\/wp\/v2\/types\/product"}],"replies":[{"embeddable":true,"href":"https:\/\/butikasia.pl\/index.php?rest_route=%2Fwp%2Fv2%2Fcomments&post=2498"}],"version-history":[{"count":1,"href":"https:\/\/butikasia.pl\/index.php?rest_route=\/wp\/v2\/product\/2498\/revisions"}],"predecessor-version":[{"id":2502,"href":"https:\/\/butikasia.pl\/index.php?rest_route=\/wp\/v2\/product\/2498\/revisions\/2502"}],"wp:featuredmedia":[{"embeddable":true,"href":"https:\/\/butikasia.pl\/index.php?rest_route=\/wp\/v2\/media\/2499"}],"wp:attachment":[{"href":"https:\/\/butikasia.pl\/index.php?rest_route=%2Fwp%2Fv2%2Fmedia&parent=2498"}],"wp:term":[{"taxonomy":"brand","embeddable":true,"href":"https:\/\/butikasia.pl\/index.php?rest_route=%2Fwp%2Fv2%2Fetheme_brands&post=2498"},{"taxonomy":"product_brand","embeddable":true,"href":"https:\/\/butikasia.pl\/index.php?rest_route=%2Fwp%2Fv2%2Fproduct_brand&post=2498"},{"taxonomy":"product_cat","embeddable":true,"href":"https:\/\/butikasia.pl\/index.php?rest_route=%2Fwp%2Fv2%2Fproduct_cat&post=2498"},{"taxonomy":"product_tag","embeddable":true,"href":"https:\/\/butikasia.pl\/index.php?rest_route=%2Fwp%2Fv2%2Fproduct_tag&post=2498"}],"curies":[{"name":"wp","href":"https:\/\/api.w.org\/{rel}","templated":true}]}}