{"id":2521,"date":"2026-02-23T20:24:12","date_gmt":"2026-02-23T19:24:12","guid":{"rendered":"https:\/\/butikasia.pl\/?post_type=product&#038;p=2521"},"modified":"2026-03-05T13:40:55","modified_gmt":"2026-03-05T12:40:55","slug":"torebka-bezowa-z-fredzlami-zamszowa-z-dlugim-paskiem","status":"publish","type":"product","link":"https:\/\/butikasia.pl\/?product=torebka-bezowa-z-fredzlami-zamszowa-z-dlugim-paskiem","title":{"rendered":"Torebka be\u017cowa z fr\u0119dzlami zamszowa z d\u0142ugim paskiem"},"content":{"rendered":"<p>\ud83d\udda4\ud83d\udda4\ud83d\udda4Torebka \ud83d\udda4\ud83d\udda4\ud83d\udda4<\/p>\n<p>*cena:159<\/p>\n<p>*kolor: be\u017cowy jasny<\/p>\n<p>*w komplecie posiada d\u0142ugi pasek<\/p>\n<p>zamszowa<\/p>\n<p>#butikasia #torebki<\/p>\n","protected":false},"excerpt":{"rendered":"<blockquote><p>&nbsp;<\/p><\/blockquote>\n","protected":false},"featured_media":2527,"comment_status":"open","ping_status":"closed","template":"","meta":[],"etheme_brands":[],"product_brand":[],"product_cat":[104,59],"product_tag":[],"class_list":{"0":"post-2521","1":"product","2":"type-product","3":"status-publish","4":"has-post-thumbnail","6":"product_cat-nowosci","7":"product_cat-torebki-nerki-plecaki","9":"first","10":"instock","11":"shipping-taxable","12":"purchasable","13":"product-type-simple"},"_links":{"self":[{"href":"https:\/\/butikasia.pl\/index.php?rest_route=\/wp\/v2\/product\/2521","targetHints":{"allow":["GET"]}}],"collection":[{"href":"https:\/\/butikasia.pl\/index.php?rest_route=\/wp\/v2\/product"}],"about":[{"href":"https:\/\/butikasia.pl\/index.php?rest_route=\/wp\/v2\/types\/product"}],"replies":[{"embeddable":true,"href":"https:\/\/butikasia.pl\/index.php?rest_route=%2Fwp%2Fv2%2Fcomments&post=2521"}],"version-history":[{"count":2,"href":"https:\/\/butikasia.pl\/index.php?rest_route=\/wp\/v2\/product\/2521\/revisions"}],"predecessor-version":[{"id":3730,"href":"https:\/\/butikasia.pl\/index.php?rest_route=\/wp\/v2\/product\/2521\/revisions\/3730"}],"wp:featuredmedia":[{"embeddable":true,"href":"https:\/\/butikasia.pl\/index.php?rest_route=\/wp\/v2\/media\/2527"}],"wp:attachment":[{"href":"https:\/\/butikasia.pl\/index.php?rest_route=%2Fwp%2Fv2%2Fmedia&parent=2521"}],"wp:term":[{"taxonomy":"brand","embeddable":true,"href":"https:\/\/butikasia.pl\/index.php?rest_route=%2Fwp%2Fv2%2Fetheme_brands&post=2521"},{"taxonomy":"product_brand","embeddable":true,"href":"https:\/\/butikasia.pl\/index.php?rest_route=%2Fwp%2Fv2%2Fproduct_brand&post=2521"},{"taxonomy":"product_cat","embeddable":true,"href":"https:\/\/butikasia.pl\/index.php?rest_route=%2Fwp%2Fv2%2Fproduct_cat&post=2521"},{"taxonomy":"product_tag","embeddable":true,"href":"https:\/\/butikasia.pl\/index.php?rest_route=%2Fwp%2Fv2%2Fproduct_tag&post=2521"}],"curies":[{"name":"wp","href":"https:\/\/api.w.org\/{rel}","templated":true}]}}