{"id":2530,"date":"2026-02-23T20:28:55","date_gmt":"2026-02-23T19:28:55","guid":{"rendered":"https:\/\/butikasia.pl\/?post_type=product&#038;p=2530"},"modified":"2026-02-23T20:28:55","modified_gmt":"2026-02-23T19:28:55","slug":"plecak-torebka-bezowa-z-kieszonkami","status":"publish","type":"product","link":"https:\/\/butikasia.pl\/?product=plecak-torebka-bezowa-z-kieszonkami","title":{"rendered":"Plecak torebka be\u017cowa z kieszonkami"},"content":{"rendered":"<p>\ud83d\udda4\ud83d\udda4\ud83d\udda4Torebka 321\ud83d\udda4\ud83d\udda4\ud83d\udda4<\/p>\n<p>*cena:139,-<\/p>\n<p>*kolor: be\u017cowy<\/p>\n<p>eko sk\u00f3rka<\/p>\n<p>*dost\u0119pne r\u00f3wnie\u017c inne kolory<\/p>\n<p>#butikasia #torebki<\/p>\n","protected":false},"excerpt":{"rendered":"<p>\ud83d\udda4\ud83d\udda4\ud83d\udda4Torebka 321\ud83d\udda4\ud83d\udda4\ud83d\udda4 *cena:139,- *kolor: be\u017cowy eko sk\u00f3rka *dost\u0119pne r\u00f3wnie\u017c inne kolory #butikasia #torebki<\/p>\n","protected":false},"featured_media":2531,"comment_status":"open","ping_status":"closed","template":"","meta":[],"etheme_brands":[],"product_brand":[],"product_cat":[104,59],"product_tag":[],"class_list":{"0":"post-2530","1":"product","2":"type-product","3":"status-publish","4":"has-post-thumbnail","6":"product_cat-nowosci","7":"product_cat-torebki-nerki-plecaki","9":"first","10":"instock","11":"shipping-taxable","12":"purchasable","13":"product-type-simple"},"_links":{"self":[{"href":"https:\/\/butikasia.pl\/index.php?rest_route=\/wp\/v2\/product\/2530","targetHints":{"allow":["GET"]}}],"collection":[{"href":"https:\/\/butikasia.pl\/index.php?rest_route=\/wp\/v2\/product"}],"about":[{"href":"https:\/\/butikasia.pl\/index.php?rest_route=\/wp\/v2\/types\/product"}],"replies":[{"embeddable":true,"href":"https:\/\/butikasia.pl\/index.php?rest_route=%2Fwp%2Fv2%2Fcomments&post=2530"}],"version-history":[{"count":1,"href":"https:\/\/butikasia.pl\/index.php?rest_route=\/wp\/v2\/product\/2530\/revisions"}],"predecessor-version":[{"id":2535,"href":"https:\/\/butikasia.pl\/index.php?rest_route=\/wp\/v2\/product\/2530\/revisions\/2535"}],"wp:featuredmedia":[{"embeddable":true,"href":"https:\/\/butikasia.pl\/index.php?rest_route=\/wp\/v2\/media\/2531"}],"wp:attachment":[{"href":"https:\/\/butikasia.pl\/index.php?rest_route=%2Fwp%2Fv2%2Fmedia&parent=2530"}],"wp:term":[{"taxonomy":"brand","embeddable":true,"href":"https:\/\/butikasia.pl\/index.php?rest_route=%2Fwp%2Fv2%2Fetheme_brands&post=2530"},{"taxonomy":"product_brand","embeddable":true,"href":"https:\/\/butikasia.pl\/index.php?rest_route=%2Fwp%2Fv2%2Fproduct_brand&post=2530"},{"taxonomy":"product_cat","embeddable":true,"href":"https:\/\/butikasia.pl\/index.php?rest_route=%2Fwp%2Fv2%2Fproduct_cat&post=2530"},{"taxonomy":"product_tag","embeddable":true,"href":"https:\/\/butikasia.pl\/index.php?rest_route=%2Fwp%2Fv2%2Fproduct_tag&post=2530"}],"curies":[{"name":"wp","href":"https:\/\/api.w.org\/{rel}","templated":true}]}}