{"id":2602,"date":"2026-02-24T13:34:35","date_gmt":"2026-02-24T12:34:35","guid":{"rendered":"https:\/\/butikasia.pl\/?post_type=product&#038;p=2602"},"modified":"2026-02-24T13:35:28","modified_gmt":"2026-02-24T12:35:28","slug":"kombinezon-bialy-vera-na-ramiaczkach-36-s","status":"publish","type":"product","link":"https:\/\/butikasia.pl\/?product=kombinezon-bialy-vera-na-ramiaczkach-36-s","title":{"rendered":"Kombinezon bia\u0142y VERA na rami\u0105czkach 36\/S"},"content":{"rendered":"<p>\ud83e\udd0d\ud83e\udd0d\ud83e\udd0dKombinezon VERA\ud83e\udd0d\ud83e\udd0d\ud83e\udd0d<\/p>\n<p>*r.36<\/p>\n<p>*cena:239,-<\/p>\n<p>*kolor:\u015bmietankowa biel<\/p>\n<p>*z ty\u0142u zapinany na zamek<\/p>\n<p>*posiada rozci\u0119cia na nogi oraz regulowane rami\u0105czka<\/p>\n<p>*polski producent-wysoka jako\u015b\u0107 wykonania<\/p>\n<p>*dost\u0119pne r\u00f3wnie\u017c inne kolory w rozmiarach od 34 do 42<\/p>\n<p>#kombinezon #kombinezondamski #kombinezonbia\u0142y<\/p>\n","protected":false},"excerpt":{"rendered":"<p>\ud83e\udd0d\ud83e\udd0d\ud83e\udd0dKombinezon VERA\ud83e\udd0d\ud83e\udd0d\ud83e\udd0d *r.36 *cena:239,- *kolor:\u015bmietankowa biel *z ty\u0142u zapinany na zamek *posiada rozci\u0119cia na nogi oraz regulowane rami\u0105czka *polski producent-wysoka jako\u015b\u0107 wykonania *dost\u0119pne r\u00f3wnie\u017c inne&#8230;<\/p>\n","protected":false},"featured_media":2603,"comment_status":"open","ping_status":"closed","template":"","meta":[],"etheme_brands":[],"product_brand":[],"product_cat":[90,158,47,104,107],"product_tag":[],"class_list":{"0":"post-2602","1":"product","2":"type-product","3":"status-publish","4":"has-post-thumbnail","6":"product_cat-kolekcja-wiosenna","7":"product_cat-komunia-2026","8":"product_cat-kombinezony","9":"product_cat-nowosci","10":"product_cat-polscy-producenci","12":"first","13":"instock","14":"shipping-taxable","15":"purchasable","16":"product-type-simple"},"_links":{"self":[{"href":"https:\/\/butikasia.pl\/index.php?rest_route=\/wp\/v2\/product\/2602","targetHints":{"allow":["GET"]}}],"collection":[{"href":"https:\/\/butikasia.pl\/index.php?rest_route=\/wp\/v2\/product"}],"about":[{"href":"https:\/\/butikasia.pl\/index.php?rest_route=\/wp\/v2\/types\/product"}],"replies":[{"embeddable":true,"href":"https:\/\/butikasia.pl\/index.php?rest_route=%2Fwp%2Fv2%2Fcomments&post=2602"}],"version-history":[{"count":1,"href":"https:\/\/butikasia.pl\/index.php?rest_route=\/wp\/v2\/product\/2602\/revisions"}],"predecessor-version":[{"id":2610,"href":"https:\/\/butikasia.pl\/index.php?rest_route=\/wp\/v2\/product\/2602\/revisions\/2610"}],"wp:featuredmedia":[{"embeddable":true,"href":"https:\/\/butikasia.pl\/index.php?rest_route=\/wp\/v2\/media\/2603"}],"wp:attachment":[{"href":"https:\/\/butikasia.pl\/index.php?rest_route=%2Fwp%2Fv2%2Fmedia&parent=2602"}],"wp:term":[{"taxonomy":"brand","embeddable":true,"href":"https:\/\/butikasia.pl\/index.php?rest_route=%2Fwp%2Fv2%2Fetheme_brands&post=2602"},{"taxonomy":"product_brand","embeddable":true,"href":"https:\/\/butikasia.pl\/index.php?rest_route=%2Fwp%2Fv2%2Fproduct_brand&post=2602"},{"taxonomy":"product_cat","embeddable":true,"href":"https:\/\/butikasia.pl\/index.php?rest_route=%2Fwp%2Fv2%2Fproduct_cat&post=2602"},{"taxonomy":"product_tag","embeddable":true,"href":"https:\/\/butikasia.pl\/index.php?rest_route=%2Fwp%2Fv2%2Fproduct_tag&post=2602"}],"curies":[{"name":"wp","href":"https:\/\/api.w.org\/{rel}","templated":true}]}}