{"id":2616,"date":"2026-02-24T14:10:50","date_gmt":"2026-02-24T13:10:50","guid":{"rendered":"https:\/\/butikasia.pl\/?post_type=product&#038;p=2616"},"modified":"2026-02-24T14:10:51","modified_gmt":"2026-02-24T13:10:51","slug":"kombinezon-pastelowy-roz-38-m-vera-na-ramiaczkach","status":"publish","type":"product","link":"https:\/\/butikasia.pl\/?product=kombinezon-pastelowy-roz-38-m-vera-na-ramiaczkach","title":{"rendered":"Kombinezon pastelowy r\u00f3\u017c 38\/M VERA na rami\u0105czkach"},"content":{"rendered":"<p>\ud83e\ude77\ud83e\ude77Kombinezon VERA\ud83e\ude77\ud83e\ude77<\/p>\n<p>*r.38<\/p>\n<p>*cena:239,- teraz tylko 149,-<\/p>\n<blockquote><p>(Posiada malutkie zaci\u0105gni\u0119cie na biu\u015bcie )<\/p><\/blockquote>\n<p>*kolor:pastelowy r\u00f3\u017c<\/p>\n<p>*z ty\u0142u zapinany na zamek<\/p>\n<p>*posiada rozci\u0119cia na nogi oraz regulowane rami\u0105czka<\/p>\n<p>*polski producent-wysoka jako\u015b\u0107 wykonania<\/p>\n<p>*dost\u0119pne r\u00f3wnie\u017c inne kolory w rozmiarach od 34 do 42<\/p>\n<p>#kombinezon #kombinezondamski #kombinezonpastelowy<\/p>\n","protected":false},"excerpt":{"rendered":"<p>\ud83e\ude77\ud83e\ude77Kombinezon VERA\ud83e\ude77\ud83e\ude77 *r.38 *cena:239,- teraz tylko 149,- (Posiada malutkie zaci\u0105gni\u0119cie na biu\u015bcie ) *kolor:pastelowy r\u00f3\u017c *z ty\u0142u zapinany na zamek *posiada rozci\u0119cia na nogi oraz&#8230;<\/p>\n","protected":false},"featured_media":2617,"comment_status":"open","ping_status":"closed","template":"","meta":[],"etheme_brands":[],"product_brand":[],"product_cat":[90,158,47,104,68,107],"product_tag":[],"class_list":{"0":"post-2616","1":"product","2":"type-product","3":"status-publish","4":"has-post-thumbnail","6":"product_cat-kolekcja-wiosenna","7":"product_cat-komunia-2026","8":"product_cat-kombinezony","9":"product_cat-nowosci","10":"product_cat-outlet","11":"product_cat-polscy-producenci","13":"first","14":"instock","15":"sale","16":"shipping-taxable","17":"purchasable","18":"product-type-simple"},"_links":{"self":[{"href":"https:\/\/butikasia.pl\/index.php?rest_route=\/wp\/v2\/product\/2616","targetHints":{"allow":["GET"]}}],"collection":[{"href":"https:\/\/butikasia.pl\/index.php?rest_route=\/wp\/v2\/product"}],"about":[{"href":"https:\/\/butikasia.pl\/index.php?rest_route=\/wp\/v2\/types\/product"}],"replies":[{"embeddable":true,"href":"https:\/\/butikasia.pl\/index.php?rest_route=%2Fwp%2Fv2%2Fcomments&post=2616"}],"version-history":[{"count":1,"href":"https:\/\/butikasia.pl\/index.php?rest_route=\/wp\/v2\/product\/2616\/revisions"}],"predecessor-version":[{"id":2624,"href":"https:\/\/butikasia.pl\/index.php?rest_route=\/wp\/v2\/product\/2616\/revisions\/2624"}],"wp:featuredmedia":[{"embeddable":true,"href":"https:\/\/butikasia.pl\/index.php?rest_route=\/wp\/v2\/media\/2617"}],"wp:attachment":[{"href":"https:\/\/butikasia.pl\/index.php?rest_route=%2Fwp%2Fv2%2Fmedia&parent=2616"}],"wp:term":[{"taxonomy":"brand","embeddable":true,"href":"https:\/\/butikasia.pl\/index.php?rest_route=%2Fwp%2Fv2%2Fetheme_brands&post=2616"},{"taxonomy":"product_brand","embeddable":true,"href":"https:\/\/butikasia.pl\/index.php?rest_route=%2Fwp%2Fv2%2Fproduct_brand&post=2616"},{"taxonomy":"product_cat","embeddable":true,"href":"https:\/\/butikasia.pl\/index.php?rest_route=%2Fwp%2Fv2%2Fproduct_cat&post=2616"},{"taxonomy":"product_tag","embeddable":true,"href":"https:\/\/butikasia.pl\/index.php?rest_route=%2Fwp%2Fv2%2Fproduct_tag&post=2616"}],"curies":[{"name":"wp","href":"https:\/\/api.w.org\/{rel}","templated":true}]}}