{"id":2625,"date":"2026-02-24T14:24:37","date_gmt":"2026-02-24T13:24:37","guid":{"rendered":"https:\/\/butikasia.pl\/?post_type=product&#038;p=2625"},"modified":"2026-02-24T14:24:37","modified_gmt":"2026-02-24T13:24:37","slug":"kombinezon-blekitny-vera-40-l-na-ramiaczkach-niebieski","status":"publish","type":"product","link":"https:\/\/butikasia.pl\/?product=kombinezon-blekitny-vera-40-l-na-ramiaczkach-niebieski","title":{"rendered":"Kombinezon b\u0142\u0119kitny VERA 40\/L na rami\u0105czkach niebieski"},"content":{"rendered":"<p>\ud83e\ude75\ud83e\ude75\ud83e\ude75Kombinezon VERA \ud83e\ude75\ud83e\ude75\ud83e\ude75<\/p>\n<p>*r.40<\/p>\n<p>*cena:239,-<\/p>\n<p>*kolor:b\u0142\u0119kitny<\/p>\n<p>*z ty\u0142u zapinany na zamek<\/p>\n<p>*posiada rozci\u0119cia na nogi oraz regulowane rami\u0105czka<\/p>\n<p>*polski producent-wysoka jako\u015b\u0107 wykonania<\/p>\n<p>*dost\u0119pne r\u00f3wnie\u017c inne kolory w rozmiarach od 34 do 42<\/p>\n<p>#kombinezon #kombinezondamski #kombinezonb\u0142ekitny<\/p>\n","protected":false},"excerpt":{"rendered":"<p>\ud83e\ude75\ud83e\ude75\ud83e\ude75Kombinezon VERA \ud83e\ude75\ud83e\ude75\ud83e\ude75 *r.40 *cena:239,- *kolor:b\u0142\u0119kitny *z ty\u0142u zapinany na zamek *posiada rozci\u0119cia na nogi oraz regulowane rami\u0105czka *polski producent-wysoka jako\u015b\u0107 wykonania *dost\u0119pne r\u00f3wnie\u017c inne&#8230;<\/p>\n","protected":false},"featured_media":2628,"comment_status":"open","ping_status":"closed","template":"","meta":[],"etheme_brands":[],"product_brand":[],"product_cat":[90,158,47,104,107],"product_tag":[],"class_list":{"0":"post-2625","1":"product","2":"type-product","3":"status-publish","4":"has-post-thumbnail","6":"product_cat-kolekcja-wiosenna","7":"product_cat-komunia-2026","8":"product_cat-kombinezony","9":"product_cat-nowosci","10":"product_cat-polscy-producenci","12":"first","13":"instock","14":"shipping-taxable","15":"purchasable","16":"product-type-simple"},"_links":{"self":[{"href":"https:\/\/butikasia.pl\/index.php?rest_route=\/wp\/v2\/product\/2625","targetHints":{"allow":["GET"]}}],"collection":[{"href":"https:\/\/butikasia.pl\/index.php?rest_route=\/wp\/v2\/product"}],"about":[{"href":"https:\/\/butikasia.pl\/index.php?rest_route=\/wp\/v2\/types\/product"}],"replies":[{"embeddable":true,"href":"https:\/\/butikasia.pl\/index.php?rest_route=%2Fwp%2Fv2%2Fcomments&post=2625"}],"version-history":[{"count":1,"href":"https:\/\/butikasia.pl\/index.php?rest_route=\/wp\/v2\/product\/2625\/revisions"}],"predecessor-version":[{"id":2630,"href":"https:\/\/butikasia.pl\/index.php?rest_route=\/wp\/v2\/product\/2625\/revisions\/2630"}],"wp:featuredmedia":[{"embeddable":true,"href":"https:\/\/butikasia.pl\/index.php?rest_route=\/wp\/v2\/media\/2628"}],"wp:attachment":[{"href":"https:\/\/butikasia.pl\/index.php?rest_route=%2Fwp%2Fv2%2Fmedia&parent=2625"}],"wp:term":[{"taxonomy":"brand","embeddable":true,"href":"https:\/\/butikasia.pl\/index.php?rest_route=%2Fwp%2Fv2%2Fetheme_brands&post=2625"},{"taxonomy":"product_brand","embeddable":true,"href":"https:\/\/butikasia.pl\/index.php?rest_route=%2Fwp%2Fv2%2Fproduct_brand&post=2625"},{"taxonomy":"product_cat","embeddable":true,"href":"https:\/\/butikasia.pl\/index.php?rest_route=%2Fwp%2Fv2%2Fproduct_cat&post=2625"},{"taxonomy":"product_tag","embeddable":true,"href":"https:\/\/butikasia.pl\/index.php?rest_route=%2Fwp%2Fv2%2Fproduct_tag&post=2625"}],"curies":[{"name":"wp","href":"https:\/\/api.w.org\/{rel}","templated":true}]}}