{"id":2632,"date":"2026-02-24T14:31:27","date_gmt":"2026-02-24T13:31:27","guid":{"rendered":"https:\/\/butikasia.pl\/?post_type=product&#038;p=2632"},"modified":"2026-02-24T14:31:27","modified_gmt":"2026-02-24T13:31:27","slug":"kombinezon-vera-bis-czarny-38-m-z-rekawkiem","status":"publish","type":"product","link":"https:\/\/butikasia.pl\/?product=kombinezon-vera-bis-czarny-38-m-z-rekawkiem","title":{"rendered":"Kombinezon VERA Bis czarny 38\/M z r\u0119kawkiem"},"content":{"rendered":"<p>\ud83d\udda4\ud83d\udda4Kombinezon VERA Bis\ud83d\udda4\ud83d\udda4<\/p>\n<p>*r.38<\/p>\n<p>*cena:279,-<\/p>\n<p>*kolor:czarny<\/p>\n<p>*z ty\u0142u zapinany na zamek<\/p>\n<p>*posiada rozci\u0119cia na nogi oraz r\u0119kawki<\/p>\n<p>*polski producent-wysoka jako\u015b\u0107 wykonania<\/p>\n<p>*dost\u0119pne r\u00f3wnie\u017c inne kolory w rozmiarach od 34 do 42<\/p>\n<p>#kombinezon #kombinezondamski #kombinezonczarny<\/p>\n","protected":false},"excerpt":{"rendered":"<p>\ud83d\udda4\ud83d\udda4Kombinezon VERA Bis\ud83d\udda4\ud83d\udda4 *r.38 *cena:279,- *kolor:czarny *z ty\u0142u zapinany na zamek *posiada rozci\u0119cia na nogi oraz r\u0119kawki *polski producent-wysoka jako\u015b\u0107 wykonania *dost\u0119pne r\u00f3wnie\u017c inne kolory&#8230;<\/p>\n","protected":false},"featured_media":2635,"comment_status":"open","ping_status":"closed","template":"","meta":[],"etheme_brands":[],"product_brand":[],"product_cat":[47,104,107],"product_tag":[],"class_list":{"0":"post-2632","1":"product","2":"type-product","3":"status-publish","4":"has-post-thumbnail","6":"product_cat-kombinezony","7":"product_cat-nowosci","8":"product_cat-polscy-producenci","10":"first","11":"instock","12":"shipping-taxable","13":"purchasable","14":"product-type-simple"},"_links":{"self":[{"href":"https:\/\/butikasia.pl\/index.php?rest_route=\/wp\/v2\/product\/2632","targetHints":{"allow":["GET"]}}],"collection":[{"href":"https:\/\/butikasia.pl\/index.php?rest_route=\/wp\/v2\/product"}],"about":[{"href":"https:\/\/butikasia.pl\/index.php?rest_route=\/wp\/v2\/types\/product"}],"replies":[{"embeddable":true,"href":"https:\/\/butikasia.pl\/index.php?rest_route=%2Fwp%2Fv2%2Fcomments&post=2632"}],"version-history":[{"count":1,"href":"https:\/\/butikasia.pl\/index.php?rest_route=\/wp\/v2\/product\/2632\/revisions"}],"predecessor-version":[{"id":2637,"href":"https:\/\/butikasia.pl\/index.php?rest_route=\/wp\/v2\/product\/2632\/revisions\/2637"}],"wp:featuredmedia":[{"embeddable":true,"href":"https:\/\/butikasia.pl\/index.php?rest_route=\/wp\/v2\/media\/2635"}],"wp:attachment":[{"href":"https:\/\/butikasia.pl\/index.php?rest_route=%2Fwp%2Fv2%2Fmedia&parent=2632"}],"wp:term":[{"taxonomy":"brand","embeddable":true,"href":"https:\/\/butikasia.pl\/index.php?rest_route=%2Fwp%2Fv2%2Fetheme_brands&post=2632"},{"taxonomy":"product_brand","embeddable":true,"href":"https:\/\/butikasia.pl\/index.php?rest_route=%2Fwp%2Fv2%2Fproduct_brand&post=2632"},{"taxonomy":"product_cat","embeddable":true,"href":"https:\/\/butikasia.pl\/index.php?rest_route=%2Fwp%2Fv2%2Fproduct_cat&post=2632"},{"taxonomy":"product_tag","embeddable":true,"href":"https:\/\/butikasia.pl\/index.php?rest_route=%2Fwp%2Fv2%2Fproduct_tag&post=2632"}],"curies":[{"name":"wp","href":"https:\/\/api.w.org\/{rel}","templated":true}]}}