{"id":2638,"date":"2026-02-24T14:33:59","date_gmt":"2026-02-24T13:33:59","guid":{"rendered":"https:\/\/butikasia.pl\/?post_type=product&#038;p=2638"},"modified":"2026-03-05T13:30:59","modified_gmt":"2026-03-05T12:30:59","slug":"kombinezon-lila-fiolet-pastelowy-vera-bis-z-rekawkiem","status":"publish","type":"product","link":"https:\/\/butikasia.pl\/?product=kombinezon-lila-fiolet-pastelowy-vera-bis-z-rekawkiem","title":{"rendered":"Kombinezon lila fiolet pastelowy VERA Bis z r\u0119kawkiem 34\/XS"},"content":{"rendered":"<p>\ud83d\udc9c\ud83d\udc9cKombinezon VERA Bis\ud83d\udc9c\ud83d\udc9c<\/p>\n<p>*r.34<\/p>\n<p>*cena:279,-<\/p>\n<p>*kolor:lila fiolet<\/p>\n<p>*z ty\u0142u zapinany na zamek<\/p>\n<p>*posiada rozci\u0119cia na nogi oraz r\u0119kawki<\/p>\n<p>*polski producent-wysoka jako\u015b\u0107 wykonania<\/p>\n<p>*dost\u0119pne r\u00f3wnie\u017c inne kolory w rozmiarach od 34 do 42<\/p>\n<p>#kombinezon #kombinezondamski #kombinezonfioletowy<\/p>\n","protected":false},"excerpt":{"rendered":"<p>\ud83d\udc9c\ud83d\udc9cKombinezon VERA Bis\ud83d\udc9c\ud83d\udc9c *r.34 *cena:279,- *kolor:lila fiolet *z ty\u0142u zapinany na zamek *posiada rozci\u0119cia na nogi oraz r\u0119kawki *polski producent-wysoka jako\u015b\u0107 wykonania *dost\u0119pne r\u00f3wnie\u017c inne&#8230;<\/p>\n","protected":false},"featured_media":2639,"comment_status":"open","ping_status":"closed","template":"","meta":[],"etheme_brands":[],"product_brand":[],"product_cat":[15],"product_tag":[],"class_list":{"0":"post-2638","1":"product","2":"type-product","3":"status-publish","4":"has-post-thumbnail","6":"product_cat-inne","8":"first","9":"instock","10":"shipping-taxable","11":"purchasable","12":"product-type-simple"},"_links":{"self":[{"href":"https:\/\/butikasia.pl\/index.php?rest_route=\/wp\/v2\/product\/2638","targetHints":{"allow":["GET"]}}],"collection":[{"href":"https:\/\/butikasia.pl\/index.php?rest_route=\/wp\/v2\/product"}],"about":[{"href":"https:\/\/butikasia.pl\/index.php?rest_route=\/wp\/v2\/types\/product"}],"replies":[{"embeddable":true,"href":"https:\/\/butikasia.pl\/index.php?rest_route=%2Fwp%2Fv2%2Fcomments&post=2638"}],"version-history":[{"count":2,"href":"https:\/\/butikasia.pl\/index.php?rest_route=\/wp\/v2\/product\/2638\/revisions"}],"predecessor-version":[{"id":3724,"href":"https:\/\/butikasia.pl\/index.php?rest_route=\/wp\/v2\/product\/2638\/revisions\/3724"}],"wp:featuredmedia":[{"embeddable":true,"href":"https:\/\/butikasia.pl\/index.php?rest_route=\/wp\/v2\/media\/2639"}],"wp:attachment":[{"href":"https:\/\/butikasia.pl\/index.php?rest_route=%2Fwp%2Fv2%2Fmedia&parent=2638"}],"wp:term":[{"taxonomy":"brand","embeddable":true,"href":"https:\/\/butikasia.pl\/index.php?rest_route=%2Fwp%2Fv2%2Fetheme_brands&post=2638"},{"taxonomy":"product_brand","embeddable":true,"href":"https:\/\/butikasia.pl\/index.php?rest_route=%2Fwp%2Fv2%2Fproduct_brand&post=2638"},{"taxonomy":"product_cat","embeddable":true,"href":"https:\/\/butikasia.pl\/index.php?rest_route=%2Fwp%2Fv2%2Fproduct_cat&post=2638"},{"taxonomy":"product_tag","embeddable":true,"href":"https:\/\/butikasia.pl\/index.php?rest_route=%2Fwp%2Fv2%2Fproduct_tag&post=2638"}],"curies":[{"name":"wp","href":"https:\/\/api.w.org\/{rel}","templated":true}]}}