{"id":2643,"date":"2026-02-24T14:41:54","date_gmt":"2026-02-24T13:41:54","guid":{"rendered":"https:\/\/butikasia.pl\/?post_type=product&#038;p=2643"},"modified":"2026-02-24T14:41:54","modified_gmt":"2026-02-24T13:41:54","slug":"sukienka-bordowa-34-36-marszczona-amoura","status":"publish","type":"product","link":"https:\/\/butikasia.pl\/?product=sukienka-bordowa-34-36-marszczona-amoura","title":{"rendered":"Sukienka bordowa 34\/36 marszczona AMOURA"},"content":{"rendered":"<p>\ud83c\udf39\u2764\ufe0fNOWO\u015a\u0106\u2764\ufe0f\ud83c\udf39<\/p>\n<p>\u25cfSukienka AMOURA\u25cf<\/p>\n<p>*r.36 (Wypadaj\u0105 o p\u00f3\u0142 rozmiaru mniejsze ni\u017c rozmiar z metki)<\/p>\n<p>*cena:199,-<\/p>\n<p>*kolor:bordowy<\/p>\n<p>*posiada marszczenie z przodu i z ty\u0142u<\/p>\n<p>*r\u0119kawki na dole poszerzane<\/p>\n<p>*\u015bwietny materia\u0142<\/p>\n<p>*polski producent<\/p>\n<p>*dost\u0119pne r\u00f3wnie\u017c inne kolory<\/p>\n<p>#butikasia #sukienki #sukienkibordowe #sukienkimarszczone<\/p>\n","protected":false},"excerpt":{"rendered":"<p>\ud83c\udf39\u2764\ufe0fNOWO\u015a\u0106\u2764\ufe0f\ud83c\udf39 \u25cfSukienka AMOURA\u25cf *r.36 (Wypadaj\u0105 o p\u00f3\u0142 rozmiaru mniejsze ni\u017c rozmiar z metki) *cena:199,- *kolor:bordowy *posiada marszczenie z przodu i z ty\u0142u *r\u0119kawki na dole&#8230;<\/p>\n","protected":false},"featured_media":2644,"comment_status":"open","ping_status":"closed","template":"","meta":[],"etheme_brands":[],"product_brand":[],"product_cat":[115,116,112,104,107,109],"product_tag":[],"class_list":{"0":"post-2643","1":"product","2":"type-product","3":"status-publish","4":"has-post-thumbnail","6":"product_cat-sukienki-codzienne","7":"product_cat-sukienki-dopasowane","8":"product_cat-sukienki-krotkie","9":"product_cat-nowosci","10":"product_cat-polscy-producenci","11":"product_cat-sukienki","13":"first","14":"instock","15":"shipping-taxable","16":"purchasable","17":"product-type-simple"},"_links":{"self":[{"href":"https:\/\/butikasia.pl\/index.php?rest_route=\/wp\/v2\/product\/2643","targetHints":{"allow":["GET"]}}],"collection":[{"href":"https:\/\/butikasia.pl\/index.php?rest_route=\/wp\/v2\/product"}],"about":[{"href":"https:\/\/butikasia.pl\/index.php?rest_route=\/wp\/v2\/types\/product"}],"replies":[{"embeddable":true,"href":"https:\/\/butikasia.pl\/index.php?rest_route=%2Fwp%2Fv2%2Fcomments&post=2643"}],"version-history":[{"count":1,"href":"https:\/\/butikasia.pl\/index.php?rest_route=\/wp\/v2\/product\/2643\/revisions"}],"predecessor-version":[{"id":2645,"href":"https:\/\/butikasia.pl\/index.php?rest_route=\/wp\/v2\/product\/2643\/revisions\/2645"}],"wp:featuredmedia":[{"embeddable":true,"href":"https:\/\/butikasia.pl\/index.php?rest_route=\/wp\/v2\/media\/2644"}],"wp:attachment":[{"href":"https:\/\/butikasia.pl\/index.php?rest_route=%2Fwp%2Fv2%2Fmedia&parent=2643"}],"wp:term":[{"taxonomy":"brand","embeddable":true,"href":"https:\/\/butikasia.pl\/index.php?rest_route=%2Fwp%2Fv2%2Fetheme_brands&post=2643"},{"taxonomy":"product_brand","embeddable":true,"href":"https:\/\/butikasia.pl\/index.php?rest_route=%2Fwp%2Fv2%2Fproduct_brand&post=2643"},{"taxonomy":"product_cat","embeddable":true,"href":"https:\/\/butikasia.pl\/index.php?rest_route=%2Fwp%2Fv2%2Fproduct_cat&post=2643"},{"taxonomy":"product_tag","embeddable":true,"href":"https:\/\/butikasia.pl\/index.php?rest_route=%2Fwp%2Fv2%2Fproduct_tag&post=2643"}],"curies":[{"name":"wp","href":"https:\/\/api.w.org\/{rel}","templated":true}]}}