{"id":2646,"date":"2026-02-24T16:22:02","date_gmt":"2026-02-24T15:22:02","guid":{"rendered":"https:\/\/butikasia.pl\/?post_type=product&#038;p=2646"},"modified":"2026-03-05T13:30:19","modified_gmt":"2026-03-05T12:30:19","slug":"sukienka-czarna-36-38-38-40-marszczona","status":"publish","type":"product","link":"https:\/\/butikasia.pl\/?product=sukienka-czarna-36-38-38-40-marszczona","title":{"rendered":"Sukienka czarna AMOURA 36\/38 marszczona"},"content":{"rendered":"<p>\u25cfSukienka AMOURA\u25cf<\/p>\n<p>*r.38<\/p>\n<p>(Wypadaj\u0105 o p\u00f3\u0142 rozmiaru mniejsze ni\u017c rozmiar z metki)<!--more-->*cena:199,-<\/p>\n<p>*kolor:czarny<\/p>\n<p>*posiada marszczenie z przodu i z ty\u0142u<\/p>\n<p>*r\u0119kawki na dole poszerzane<\/p>\n<p>*\u015bwietny materia\u0142<\/p>\n<p>*polski producent<\/p>\n<p>#butikasia #sukienki #sukienkiczarne #sukienkimarszczone<\/p>\n","protected":false},"excerpt":{"rendered":"<p>\u25cfSukienka AMOURA\u25cf *r.38 (Wypadaj\u0105 o p\u00f3\u0142 rozmiaru mniejsze ni\u017c rozmiar z metki)<\/p>\n","protected":false},"featured_media":2647,"comment_status":"open","ping_status":"closed","template":"","meta":[],"etheme_brands":[],"product_brand":[],"product_cat":[115,116,112,109],"product_tag":[],"class_list":{"0":"post-2646","1":"product","2":"type-product","3":"status-publish","4":"has-post-thumbnail","6":"product_cat-sukienki-codzienne","7":"product_cat-sukienki-dopasowane","8":"product_cat-sukienki-krotkie","9":"product_cat-sukienki","11":"first","12":"instock","13":"shipping-taxable","14":"purchasable","15":"product-type-simple"},"_links":{"self":[{"href":"https:\/\/butikasia.pl\/index.php?rest_route=\/wp\/v2\/product\/2646","targetHints":{"allow":["GET"]}}],"collection":[{"href":"https:\/\/butikasia.pl\/index.php?rest_route=\/wp\/v2\/product"}],"about":[{"href":"https:\/\/butikasia.pl\/index.php?rest_route=\/wp\/v2\/types\/product"}],"replies":[{"embeddable":true,"href":"https:\/\/butikasia.pl\/index.php?rest_route=%2Fwp%2Fv2%2Fcomments&post=2646"}],"version-history":[{"count":3,"href":"https:\/\/butikasia.pl\/index.php?rest_route=\/wp\/v2\/product\/2646\/revisions"}],"predecessor-version":[{"id":3723,"href":"https:\/\/butikasia.pl\/index.php?rest_route=\/wp\/v2\/product\/2646\/revisions\/3723"}],"wp:featuredmedia":[{"embeddable":true,"href":"https:\/\/butikasia.pl\/index.php?rest_route=\/wp\/v2\/media\/2647"}],"wp:attachment":[{"href":"https:\/\/butikasia.pl\/index.php?rest_route=%2Fwp%2Fv2%2Fmedia&parent=2646"}],"wp:term":[{"taxonomy":"brand","embeddable":true,"href":"https:\/\/butikasia.pl\/index.php?rest_route=%2Fwp%2Fv2%2Fetheme_brands&post=2646"},{"taxonomy":"product_brand","embeddable":true,"href":"https:\/\/butikasia.pl\/index.php?rest_route=%2Fwp%2Fv2%2Fproduct_brand&post=2646"},{"taxonomy":"product_cat","embeddable":true,"href":"https:\/\/butikasia.pl\/index.php?rest_route=%2Fwp%2Fv2%2Fproduct_cat&post=2646"},{"taxonomy":"product_tag","embeddable":true,"href":"https:\/\/butikasia.pl\/index.php?rest_route=%2Fwp%2Fv2%2Fproduct_tag&post=2646"}],"curies":[{"name":"wp","href":"https:\/\/api.w.org\/{rel}","templated":true}]}}