{"id":2665,"date":"2026-02-24T17:32:14","date_gmt":"2026-02-24T16:32:14","guid":{"rendered":"https:\/\/butikasia.pl\/?post_type=product&#038;p=2665"},"modified":"2026-02-24T17:32:14","modified_gmt":"2026-02-24T16:32:14","slug":"sukienka-niebieska-zlota-42-xl-midiari-wzory","status":"publish","type":"product","link":"https:\/\/butikasia.pl\/?product=sukienka-niebieska-zlota-42-xl-midiari-wzory","title":{"rendered":"Sukienka niebieska z\u0142ota 42\/XL MIDIARI wzory"},"content":{"rendered":"<p>\ud83d\udc99\ud83d\udc9b\ud83d\udc99NOWO\u015a\u0106\ud83d\udc99\ud83d\udc9b\ud83d\udc99<\/p>\n<p>\u25cfSukienka MIDIARI\u25cf<\/p>\n<p>*r.42<\/p>\n<p>*cena:399,-<\/p>\n<p>*kolor:ciemnoniebieski +z\u0142oty,przepi\u0119kny nadruk<\/p>\n<p>*posiada marszczenie maskuj\u0105ce brzuszek<\/p>\n<p>*polski producent<\/p>\n<p>#butikasia #sukienki\u00a0 \u00a0#sukienkieleganckie<\/p>\n","protected":false},"excerpt":{"rendered":"<p>\ud83d\udc99\ud83d\udc9b\ud83d\udc99NOWO\u015a\u0106\ud83d\udc99\ud83d\udc9b\ud83d\udc99 \u25cfSukienka MIDIARI\u25cf *r.42 *cena:399,- *kolor:ciemnoniebieski +z\u0142oty,przepi\u0119kny nadruk *posiada marszczenie maskuj\u0105ce brzuszek *polski producent #butikasia #sukienki\u00a0 \u00a0#sukienkieleganckie<\/p>\n","protected":false},"featured_media":2666,"comment_status":"open","ping_status":"closed","template":"","meta":[],"etheme_brands":[],"product_brand":[],"product_cat":[116,117,112,111,118,114,104,107,109],"product_tag":[],"class_list":{"0":"post-2665","1":"product","2":"type-product","3":"status-publish","4":"has-post-thumbnail","6":"product_cat-sukienki-dopasowane","7":"product_cat-sukienki-eleganckie","8":"product_cat-sukienki-krotkie","9":"product_cat-sukienki-midi","10":"product_cat-sukienki-weselne","11":"product_cat-sukienki-wieczorowe","12":"product_cat-nowosci","13":"product_cat-polscy-producenci","14":"product_cat-sukienki","16":"first","17":"instock","18":"shipping-taxable","19":"purchasable","20":"product-type-simple"},"_links":{"self":[{"href":"https:\/\/butikasia.pl\/index.php?rest_route=\/wp\/v2\/product\/2665","targetHints":{"allow":["GET"]}}],"collection":[{"href":"https:\/\/butikasia.pl\/index.php?rest_route=\/wp\/v2\/product"}],"about":[{"href":"https:\/\/butikasia.pl\/index.php?rest_route=\/wp\/v2\/types\/product"}],"replies":[{"embeddable":true,"href":"https:\/\/butikasia.pl\/index.php?rest_route=%2Fwp%2Fv2%2Fcomments&post=2665"}],"version-history":[{"count":1,"href":"https:\/\/butikasia.pl\/index.php?rest_route=\/wp\/v2\/product\/2665\/revisions"}],"predecessor-version":[{"id":2667,"href":"https:\/\/butikasia.pl\/index.php?rest_route=\/wp\/v2\/product\/2665\/revisions\/2667"}],"wp:featuredmedia":[{"embeddable":true,"href":"https:\/\/butikasia.pl\/index.php?rest_route=\/wp\/v2\/media\/2666"}],"wp:attachment":[{"href":"https:\/\/butikasia.pl\/index.php?rest_route=%2Fwp%2Fv2%2Fmedia&parent=2665"}],"wp:term":[{"taxonomy":"brand","embeddable":true,"href":"https:\/\/butikasia.pl\/index.php?rest_route=%2Fwp%2Fv2%2Fetheme_brands&post=2665"},{"taxonomy":"product_brand","embeddable":true,"href":"https:\/\/butikasia.pl\/index.php?rest_route=%2Fwp%2Fv2%2Fproduct_brand&post=2665"},{"taxonomy":"product_cat","embeddable":true,"href":"https:\/\/butikasia.pl\/index.php?rest_route=%2Fwp%2Fv2%2Fproduct_cat&post=2665"},{"taxonomy":"product_tag","embeddable":true,"href":"https:\/\/butikasia.pl\/index.php?rest_route=%2Fwp%2Fv2%2Fproduct_tag&post=2665"}],"curies":[{"name":"wp","href":"https:\/\/api.w.org\/{rel}","templated":true}]}}