{"id":2714,"date":"2026-02-24T19:03:30","date_gmt":"2026-02-24T18:03:30","guid":{"rendered":"https:\/\/butikasia.pl\/?post_type=product&#038;p=2714"},"modified":"2026-02-24T19:03:30","modified_gmt":"2026-02-24T18:03:30","slug":"torebka-blekitna-wizytowa-wieczorowa-niebieska","status":"publish","type":"product","link":"https:\/\/butikasia.pl\/?product=torebka-blekitna-wizytowa-wieczorowa-niebieska","title":{"rendered":"Torebka b\u0142\u0119kitna wizytowa wieczorowa niebieska"},"content":{"rendered":"<p>\ud83d\udda4\ud83d\udda4\ud83d\udda4Torebka \ud83d\udda4\ud83d\udda4\ud83d\udda4<\/p>\n<p>*cena:129,-<\/p>\n<p>*kolor: b\u0142\u0119kitny niebieski<\/p>\n<p>*w komplecie posiada \u0142a\u0144cuszek<\/p>\n<p>*z\u0142ote zdobienia<\/p>\n<p>#butikasia #torebki<\/p>\n","protected":false},"excerpt":{"rendered":"<p>\ud83d\udda4\ud83d\udda4\ud83d\udda4Torebka \ud83d\udda4\ud83d\udda4\ud83d\udda4 *cena:129,- *kolor: b\u0142\u0119kitny niebieski *w komplecie posiada \u0142a\u0144cuszek *z\u0142ote zdobienia #butikasia #torebki<\/p>\n","protected":false},"featured_media":2723,"comment_status":"open","ping_status":"closed","template":"","meta":[],"etheme_brands":[],"product_brand":[],"product_cat":[104,59],"product_tag":[],"class_list":{"0":"post-2714","1":"product","2":"type-product","3":"status-publish","4":"has-post-thumbnail","6":"product_cat-nowosci","7":"product_cat-torebki-nerki-plecaki","9":"first","10":"instock","11":"shipping-taxable","12":"purchasable","13":"product-type-simple"},"_links":{"self":[{"href":"https:\/\/butikasia.pl\/index.php?rest_route=\/wp\/v2\/product\/2714","targetHints":{"allow":["GET"]}}],"collection":[{"href":"https:\/\/butikasia.pl\/index.php?rest_route=\/wp\/v2\/product"}],"about":[{"href":"https:\/\/butikasia.pl\/index.php?rest_route=\/wp\/v2\/types\/product"}],"replies":[{"embeddable":true,"href":"https:\/\/butikasia.pl\/index.php?rest_route=%2Fwp%2Fv2%2Fcomments&post=2714"}],"version-history":[{"count":2,"href":"https:\/\/butikasia.pl\/index.php?rest_route=\/wp\/v2\/product\/2714\/revisions"}],"predecessor-version":[{"id":2726,"href":"https:\/\/butikasia.pl\/index.php?rest_route=\/wp\/v2\/product\/2714\/revisions\/2726"}],"wp:featuredmedia":[{"embeddable":true,"href":"https:\/\/butikasia.pl\/index.php?rest_route=\/wp\/v2\/media\/2723"}],"wp:attachment":[{"href":"https:\/\/butikasia.pl\/index.php?rest_route=%2Fwp%2Fv2%2Fmedia&parent=2714"}],"wp:term":[{"taxonomy":"brand","embeddable":true,"href":"https:\/\/butikasia.pl\/index.php?rest_route=%2Fwp%2Fv2%2Fetheme_brands&post=2714"},{"taxonomy":"product_brand","embeddable":true,"href":"https:\/\/butikasia.pl\/index.php?rest_route=%2Fwp%2Fv2%2Fproduct_brand&post=2714"},{"taxonomy":"product_cat","embeddable":true,"href":"https:\/\/butikasia.pl\/index.php?rest_route=%2Fwp%2Fv2%2Fproduct_cat&post=2714"},{"taxonomy":"product_tag","embeddable":true,"href":"https:\/\/butikasia.pl\/index.php?rest_route=%2Fwp%2Fv2%2Fproduct_tag&post=2714"}],"curies":[{"name":"wp","href":"https:\/\/api.w.org\/{rel}","templated":true}]}}