{"id":2829,"date":"2026-02-25T09:10:00","date_gmt":"2026-02-25T08:10:00","guid":{"rendered":"https:\/\/butikasia.pl\/?post_type=product&#038;p=2829"},"modified":"2026-02-25T09:10:00","modified_gmt":"2026-02-25T08:10:00","slug":"kombinezon-bordowy-pamela-36-38-z-piorami-elegancki","status":"publish","type":"product","link":"https:\/\/butikasia.pl\/?product=kombinezon-bordowy-pamela-36-38-z-piorami-elegancki","title":{"rendered":"Kombinezon bordowy PAMELA 36\/38 z pi\u00f3rami elegancki"},"content":{"rendered":"<p>\ud83c\udf39\ud83c\udf39Kombinezon PAMELA\ud83c\udf39\ud83c\udf39<\/p>\n<p>r.38(wypada o p\u00f3\u0142 rozmiaru mniejszy ni\u017c rozmiar z metki)<\/p>\n<p>*cena:439,-<\/p>\n<p>*kolor:bordowy<\/p>\n<p>*zdobiony u g\u00f3ry naturalnymi pi\u00f3rami<\/p>\n<p>*dost\u0119pny r\u00f3wnie\u017c w kolorze czarnym r.46<\/p>\n<p>#Kombinezon #kombinezonbordowy #kombinezonwieczorowy<\/p>\n","protected":false},"excerpt":{"rendered":"<p>\ud83c\udf39\ud83c\udf39Kombinezon PAMELA\ud83c\udf39\ud83c\udf39 r.38(wypada o p\u00f3\u0142 rozmiaru mniejszy ni\u017c rozmiar z metki) *cena:439,- *kolor:bordowy *zdobiony u g\u00f3ry naturalnymi pi\u00f3rami *dost\u0119pny r\u00f3wnie\u017c w kolorze czarnym r.46 #Kombinezon&#8230;<\/p>\n","protected":false},"featured_media":2832,"comment_status":"open","ping_status":"closed","template":"","meta":[],"etheme_brands":[],"product_brand":[],"product_cat":[47,104,107,105],"product_tag":[],"class_list":{"0":"post-2829","1":"product","2":"type-product","3":"status-publish","4":"has-post-thumbnail","6":"product_cat-kombinezony","7":"product_cat-nowosci","8":"product_cat-polscy-producenci","9":"product_cat-premium","11":"first","12":"instock","13":"shipping-taxable","14":"purchasable","15":"product-type-simple"},"_links":{"self":[{"href":"https:\/\/butikasia.pl\/index.php?rest_route=\/wp\/v2\/product\/2829","targetHints":{"allow":["GET"]}}],"collection":[{"href":"https:\/\/butikasia.pl\/index.php?rest_route=\/wp\/v2\/product"}],"about":[{"href":"https:\/\/butikasia.pl\/index.php?rest_route=\/wp\/v2\/types\/product"}],"replies":[{"embeddable":true,"href":"https:\/\/butikasia.pl\/index.php?rest_route=%2Fwp%2Fv2%2Fcomments&post=2829"}],"version-history":[{"count":1,"href":"https:\/\/butikasia.pl\/index.php?rest_route=\/wp\/v2\/product\/2829\/revisions"}],"predecessor-version":[{"id":2833,"href":"https:\/\/butikasia.pl\/index.php?rest_route=\/wp\/v2\/product\/2829\/revisions\/2833"}],"wp:featuredmedia":[{"embeddable":true,"href":"https:\/\/butikasia.pl\/index.php?rest_route=\/wp\/v2\/media\/2832"}],"wp:attachment":[{"href":"https:\/\/butikasia.pl\/index.php?rest_route=%2Fwp%2Fv2%2Fmedia&parent=2829"}],"wp:term":[{"taxonomy":"brand","embeddable":true,"href":"https:\/\/butikasia.pl\/index.php?rest_route=%2Fwp%2Fv2%2Fetheme_brands&post=2829"},{"taxonomy":"product_brand","embeddable":true,"href":"https:\/\/butikasia.pl\/index.php?rest_route=%2Fwp%2Fv2%2Fproduct_brand&post=2829"},{"taxonomy":"product_cat","embeddable":true,"href":"https:\/\/butikasia.pl\/index.php?rest_route=%2Fwp%2Fv2%2Fproduct_cat&post=2829"},{"taxonomy":"product_tag","embeddable":true,"href":"https:\/\/butikasia.pl\/index.php?rest_route=%2Fwp%2Fv2%2Fproduct_tag&post=2829"}],"curies":[{"name":"wp","href":"https:\/\/api.w.org\/{rel}","templated":true}]}}