{"id":2837,"date":"2026-02-25T09:17:53","date_gmt":"2026-02-25T08:17:53","guid":{"rendered":"https:\/\/butikasia.pl\/?post_type=product&#038;p=2837"},"modified":"2026-02-25T09:17:54","modified_gmt":"2026-02-25T08:17:54","slug":"sukienka-klara-midi-brazowa-38-m-czekoladowa-gorsetowa","status":"publish","type":"product","link":"https:\/\/butikasia.pl\/?product=sukienka-klara-midi-brazowa-38-m-czekoladowa-gorsetowa","title":{"rendered":"Sukienka KLARA Midi br\u0105zowa 38\/M czekoladowa gorsetowa"},"content":{"rendered":"<p>\ud83e\udd0e\ud83e\udd0eSukienka KLARA\ud83e\udd0e\ud83e\udd0e<\/p>\n<blockquote><p>*r. 38<\/p><\/blockquote>\n<p>*cena:349,-<\/p>\n<p>*kolor:mleczna czekolada<\/p>\n<p>*d\u0142ugo\u015b\u0107 midi<\/p>\n<p>*posiada praktyczne wsuwane kieszenie<\/p>\n<p>*polski producent-jako\u015b\u0107 PREMIUM<\/p>\n<p>*inne kolory I rozmiary dost\u0119pne na zam\u00f3wienie<\/p>\n<p>#butikasia #sukienkamidi #sukienkigorsetowe #sukienkiczekoladowe<\/p>\n","protected":false},"excerpt":{"rendered":"<p>\ud83e\udd0e\ud83e\udd0eSukienka KLARA\ud83e\udd0e\ud83e\udd0e *r. 38 *cena:349,- *kolor:mleczna czekolada *d\u0142ugo\u015b\u0107 midi *posiada praktyczne wsuwane kieszenie *polski producent-jako\u015b\u0107 PREMIUM *inne kolory I rozmiary dost\u0119pne na zam\u00f3wienie #butikasia #sukienkamidi&#8230;<\/p>\n","protected":false},"featured_media":2838,"comment_status":"open","ping_status":"closed","template":"","meta":[],"etheme_brands":[],"product_brand":[],"product_cat":[111,113,118,114,104,107],"product_tag":[],"class_list":{"0":"post-2837","1":"product","2":"type-product","3":"status-publish","4":"has-post-thumbnail","6":"product_cat-sukienki-midi","7":"product_cat-sukienki-rozkloszowane","8":"product_cat-sukienki-weselne","9":"product_cat-sukienki-wieczorowe","10":"product_cat-nowosci","11":"product_cat-polscy-producenci","13":"first","14":"instock","15":"shipping-taxable","16":"purchasable","17":"product-type-simple"},"_links":{"self":[{"href":"https:\/\/butikasia.pl\/index.php?rest_route=\/wp\/v2\/product\/2837","targetHints":{"allow":["GET"]}}],"collection":[{"href":"https:\/\/butikasia.pl\/index.php?rest_route=\/wp\/v2\/product"}],"about":[{"href":"https:\/\/butikasia.pl\/index.php?rest_route=\/wp\/v2\/types\/product"}],"replies":[{"embeddable":true,"href":"https:\/\/butikasia.pl\/index.php?rest_route=%2Fwp%2Fv2%2Fcomments&post=2837"}],"version-history":[{"count":1,"href":"https:\/\/butikasia.pl\/index.php?rest_route=\/wp\/v2\/product\/2837\/revisions"}],"predecessor-version":[{"id":2839,"href":"https:\/\/butikasia.pl\/index.php?rest_route=\/wp\/v2\/product\/2837\/revisions\/2839"}],"wp:featuredmedia":[{"embeddable":true,"href":"https:\/\/butikasia.pl\/index.php?rest_route=\/wp\/v2\/media\/2838"}],"wp:attachment":[{"href":"https:\/\/butikasia.pl\/index.php?rest_route=%2Fwp%2Fv2%2Fmedia&parent=2837"}],"wp:term":[{"taxonomy":"brand","embeddable":true,"href":"https:\/\/butikasia.pl\/index.php?rest_route=%2Fwp%2Fv2%2Fetheme_brands&post=2837"},{"taxonomy":"product_brand","embeddable":true,"href":"https:\/\/butikasia.pl\/index.php?rest_route=%2Fwp%2Fv2%2Fproduct_brand&post=2837"},{"taxonomy":"product_cat","embeddable":true,"href":"https:\/\/butikasia.pl\/index.php?rest_route=%2Fwp%2Fv2%2Fproduct_cat&post=2837"},{"taxonomy":"product_tag","embeddable":true,"href":"https:\/\/butikasia.pl\/index.php?rest_route=%2Fwp%2Fv2%2Fproduct_tag&post=2837"}],"curies":[{"name":"wp","href":"https:\/\/api.w.org\/{rel}","templated":true}]}}