{"id":2892,"date":"2026-02-25T14:56:13","date_gmt":"2026-02-25T13:56:13","guid":{"rendered":"https:\/\/butikasia.pl\/?post_type=product&#038;p=2892"},"modified":"2026-02-25T14:56:13","modified_gmt":"2026-02-25T13:56:13","slug":"torebka-cyrkonie-rozowe-zloto-zdobiona-wieczorowa","status":"publish","type":"product","link":"https:\/\/butikasia.pl\/?product=torebka-cyrkonie-rozowe-zloto-zdobiona-wieczorowa","title":{"rendered":"Torebka cyrkonie r\u00f3\u017cowe z\u0142oto zdobiona wieczorowa"},"content":{"rendered":"<blockquote><p>&nbsp;<\/p>\n<p>\u2661Torebka 284\u2661<\/p>\n<p>*kolor:r\u00f3\u017cowe z\u0142oto+zdobiona srebrnymi cyrkoniami<\/p>\n<p>*cena:129,-<\/p>\n<p>*w komplecie posiada \u0142a\u0144cuszek<\/p><\/blockquote>\n","protected":false},"excerpt":{"rendered":"<p>&nbsp; \u2661Torebka 284\u2661 *kolor:r\u00f3\u017cowe z\u0142oto+zdobiona srebrnymi cyrkoniami *cena:129,- *w komplecie posiada \u0142a\u0144cuszek<\/p>\n","protected":false},"featured_media":2893,"comment_status":"open","ping_status":"closed","template":"","meta":[],"etheme_brands":[],"product_brand":[],"product_cat":[104,59],"product_tag":[],"class_list":{"0":"post-2892","1":"product","2":"type-product","3":"status-publish","4":"has-post-thumbnail","6":"product_cat-nowosci","7":"product_cat-torebki-nerki-plecaki","9":"first","10":"instock","11":"shipping-taxable","12":"purchasable","13":"product-type-simple"},"_links":{"self":[{"href":"https:\/\/butikasia.pl\/index.php?rest_route=\/wp\/v2\/product\/2892","targetHints":{"allow":["GET"]}}],"collection":[{"href":"https:\/\/butikasia.pl\/index.php?rest_route=\/wp\/v2\/product"}],"about":[{"href":"https:\/\/butikasia.pl\/index.php?rest_route=\/wp\/v2\/types\/product"}],"replies":[{"embeddable":true,"href":"https:\/\/butikasia.pl\/index.php?rest_route=%2Fwp%2Fv2%2Fcomments&post=2892"}],"version-history":[{"count":1,"href":"https:\/\/butikasia.pl\/index.php?rest_route=\/wp\/v2\/product\/2892\/revisions"}],"predecessor-version":[{"id":2894,"href":"https:\/\/butikasia.pl\/index.php?rest_route=\/wp\/v2\/product\/2892\/revisions\/2894"}],"wp:featuredmedia":[{"embeddable":true,"href":"https:\/\/butikasia.pl\/index.php?rest_route=\/wp\/v2\/media\/2893"}],"wp:attachment":[{"href":"https:\/\/butikasia.pl\/index.php?rest_route=%2Fwp%2Fv2%2Fmedia&parent=2892"}],"wp:term":[{"taxonomy":"brand","embeddable":true,"href":"https:\/\/butikasia.pl\/index.php?rest_route=%2Fwp%2Fv2%2Fetheme_brands&post=2892"},{"taxonomy":"product_brand","embeddable":true,"href":"https:\/\/butikasia.pl\/index.php?rest_route=%2Fwp%2Fv2%2Fproduct_brand&post=2892"},{"taxonomy":"product_cat","embeddable":true,"href":"https:\/\/butikasia.pl\/index.php?rest_route=%2Fwp%2Fv2%2Fproduct_cat&post=2892"},{"taxonomy":"product_tag","embeddable":true,"href":"https:\/\/butikasia.pl\/index.php?rest_route=%2Fwp%2Fv2%2Fproduct_tag&post=2892"}],"curies":[{"name":"wp","href":"https:\/\/api.w.org\/{rel}","templated":true}]}}