{"id":2895,"date":"2026-02-25T17:56:20","date_gmt":"2026-02-25T16:56:20","guid":{"rendered":"https:\/\/butikasia.pl\/?post_type=product&#038;p=2895"},"modified":"2026-02-25T17:58:39","modified_gmt":"2026-02-25T16:58:39","slug":"sukienka-bella-brokatowa-dluga-34-36-blyszczaca","status":"publish","type":"product","link":"https:\/\/butikasia.pl\/?product=sukienka-bella-brokatowa-dluga-34-36-blyszczaca","title":{"rendered":"Sukienka BELLA brokatowa turkusowa d\u0142uga 34\/36 b\u0142yszcz\u0105ca"},"content":{"rendered":"<p>Sukienka BELLA SHINE Maxi\ud83d\udc8e\ud83c\udf39<\/p>\n<p>*r.34-pasuje na 34 oraz 36<\/p>\n<p>*cena:269,-<\/p>\n<p>*kolor:morski\/ciemny turkus+brokatowa po\u015bwiata<\/p>\n<p>*kopertowa,marszczona<\/p>\n<p>*dost\u0119pne r\u00f3wnie\u017c inne kolory w rozmiarach od 34 do 40<\/p>\n<p>*polski producent<\/p>\n<p>#butikasia #sukienkib\u0142yszcz\u0105ce #sukienkid\u0142ugie<\/p>\n","protected":false},"excerpt":{"rendered":"<p>Sukienka BELLA SHINE Maxi\ud83d\udc8e\ud83c\udf39 *r.34-pasuje na 34 oraz 36 *cena:269,- *kolor:morski\/ciemny turkus+brokatowa po\u015bwiata *kopertowa,marszczona *dost\u0119pne r\u00f3wnie\u017c inne kolory w rozmiarach od 34 do 40 *polski&#8230;<\/p>\n","protected":false},"featured_media":2899,"comment_status":"open","ping_status":"closed","template":"","meta":[],"etheme_brands":[],"product_brand":[],"product_cat":[110,116,118,114,104,107,109],"product_tag":[],"class_list":{"0":"post-2895","1":"product","2":"type-product","3":"status-publish","4":"has-post-thumbnail","6":"product_cat-sukienki-dlugie","7":"product_cat-sukienki-dopasowane","8":"product_cat-sukienki-weselne","9":"product_cat-sukienki-wieczorowe","10":"product_cat-nowosci","11":"product_cat-polscy-producenci","12":"product_cat-sukienki","14":"first","15":"instock","16":"shipping-taxable","17":"purchasable","18":"product-type-simple"},"_links":{"self":[{"href":"https:\/\/butikasia.pl\/index.php?rest_route=\/wp\/v2\/product\/2895","targetHints":{"allow":["GET"]}}],"collection":[{"href":"https:\/\/butikasia.pl\/index.php?rest_route=\/wp\/v2\/product"}],"about":[{"href":"https:\/\/butikasia.pl\/index.php?rest_route=\/wp\/v2\/types\/product"}],"replies":[{"embeddable":true,"href":"https:\/\/butikasia.pl\/index.php?rest_route=%2Fwp%2Fv2%2Fcomments&post=2895"}],"version-history":[{"count":3,"href":"https:\/\/butikasia.pl\/index.php?rest_route=\/wp\/v2\/product\/2895\/revisions"}],"predecessor-version":[{"id":2902,"href":"https:\/\/butikasia.pl\/index.php?rest_route=\/wp\/v2\/product\/2895\/revisions\/2902"}],"wp:featuredmedia":[{"embeddable":true,"href":"https:\/\/butikasia.pl\/index.php?rest_route=\/wp\/v2\/media\/2899"}],"wp:attachment":[{"href":"https:\/\/butikasia.pl\/index.php?rest_route=%2Fwp%2Fv2%2Fmedia&parent=2895"}],"wp:term":[{"taxonomy":"brand","embeddable":true,"href":"https:\/\/butikasia.pl\/index.php?rest_route=%2Fwp%2Fv2%2Fetheme_brands&post=2895"},{"taxonomy":"product_brand","embeddable":true,"href":"https:\/\/butikasia.pl\/index.php?rest_route=%2Fwp%2Fv2%2Fproduct_brand&post=2895"},{"taxonomy":"product_cat","embeddable":true,"href":"https:\/\/butikasia.pl\/index.php?rest_route=%2Fwp%2Fv2%2Fproduct_cat&post=2895"},{"taxonomy":"product_tag","embeddable":true,"href":"https:\/\/butikasia.pl\/index.php?rest_route=%2Fwp%2Fv2%2Fproduct_tag&post=2895"}],"curies":[{"name":"wp","href":"https:\/\/api.w.org\/{rel}","templated":true}]}}