{"id":2903,"date":"2026-02-25T18:03:14","date_gmt":"2026-02-25T17:03:14","guid":{"rendered":"https:\/\/butikasia.pl\/?post_type=product&#038;p=2903"},"modified":"2026-02-25T18:03:14","modified_gmt":"2026-02-25T17:03:14","slug":"sukienka-bella-40-42-szmaragdowa-zielen-dluga-blyszczaca-wieczorowa","status":"publish","type":"product","link":"https:\/\/butikasia.pl\/?product=sukienka-bella-40-42-szmaragdowa-zielen-dluga-blyszczaca-wieczorowa","title":{"rendered":"Sukienka BELLA 40\/42 szmaragdowa ziele\u0144 d\u0142uga b\u0142yszcz\u0105ca wieczorowa"},"content":{"rendered":"<p>\ud83d\udc9a\ud83c\udf39Sukienka BELLA SHINE Maxi\ud83d\udc9a<\/p>\n<p>*r.40-pasuje na 40 oraz 42<\/p>\n<p>*cena:269,-<\/p>\n<p>*kolor:szmaragdowa ziele\u0144+brokatowa po\u015bwiata<\/p>\n<p>*kopertowa,marszczona<\/p>\n<p>*dost\u0119pne r\u00f3wnie\u017c inne kolory w rozmiarach od 34 do 40<\/p>\n<p>*polski producent<\/p>\n<p>#butikasia #sukienkizielone #sukienkid\u0142ugie<\/p>\n","protected":false},"excerpt":{"rendered":"<p>\ud83d\udc9a\ud83c\udf39Sukienka BELLA SHINE Maxi\ud83d\udc9a *r.40-pasuje na 40 oraz 42 *cena:269,- *kolor:szmaragdowa ziele\u0144+brokatowa po\u015bwiata *kopertowa,marszczona *dost\u0119pne r\u00f3wnie\u017c inne kolory w rozmiarach od 34 do 40 *polski&#8230;<\/p>\n","protected":false},"featured_media":2905,"comment_status":"open","ping_status":"closed","template":"","meta":[],"etheme_brands":[],"product_brand":[],"product_cat":[110,116,118,114,104,107,109],"product_tag":[],"class_list":{"0":"post-2903","1":"product","2":"type-product","3":"status-publish","4":"has-post-thumbnail","6":"product_cat-sukienki-dlugie","7":"product_cat-sukienki-dopasowane","8":"product_cat-sukienki-weselne","9":"product_cat-sukienki-wieczorowe","10":"product_cat-nowosci","11":"product_cat-polscy-producenci","12":"product_cat-sukienki","14":"first","15":"instock","16":"shipping-taxable","17":"purchasable","18":"product-type-simple"},"_links":{"self":[{"href":"https:\/\/butikasia.pl\/index.php?rest_route=\/wp\/v2\/product\/2903","targetHints":{"allow":["GET"]}}],"collection":[{"href":"https:\/\/butikasia.pl\/index.php?rest_route=\/wp\/v2\/product"}],"about":[{"href":"https:\/\/butikasia.pl\/index.php?rest_route=\/wp\/v2\/types\/product"}],"replies":[{"embeddable":true,"href":"https:\/\/butikasia.pl\/index.php?rest_route=%2Fwp%2Fv2%2Fcomments&post=2903"}],"version-history":[{"count":1,"href":"https:\/\/butikasia.pl\/index.php?rest_route=\/wp\/v2\/product\/2903\/revisions"}],"predecessor-version":[{"id":2907,"href":"https:\/\/butikasia.pl\/index.php?rest_route=\/wp\/v2\/product\/2903\/revisions\/2907"}],"wp:featuredmedia":[{"embeddable":true,"href":"https:\/\/butikasia.pl\/index.php?rest_route=\/wp\/v2\/media\/2905"}],"wp:attachment":[{"href":"https:\/\/butikasia.pl\/index.php?rest_route=%2Fwp%2Fv2%2Fmedia&parent=2903"}],"wp:term":[{"taxonomy":"brand","embeddable":true,"href":"https:\/\/butikasia.pl\/index.php?rest_route=%2Fwp%2Fv2%2Fetheme_brands&post=2903"},{"taxonomy":"product_brand","embeddable":true,"href":"https:\/\/butikasia.pl\/index.php?rest_route=%2Fwp%2Fv2%2Fproduct_brand&post=2903"},{"taxonomy":"product_cat","embeddable":true,"href":"https:\/\/butikasia.pl\/index.php?rest_route=%2Fwp%2Fv2%2Fproduct_cat&post=2903"},{"taxonomy":"product_tag","embeddable":true,"href":"https:\/\/butikasia.pl\/index.php?rest_route=%2Fwp%2Fv2%2Fproduct_tag&post=2903"}],"curies":[{"name":"wp","href":"https:\/\/api.w.org\/{rel}","templated":true}]}}