{"id":2908,"date":"2026-02-25T19:07:57","date_gmt":"2026-02-25T18:07:57","guid":{"rendered":"https:\/\/butikasia.pl\/?post_type=product&#038;p=2908"},"modified":"2026-02-25T19:07:58","modified_gmt":"2026-02-25T18:07:58","slug":"sukienka-bella-bordowa-dluga-blyszczaca-40-42-wieczorowa","status":"publish","type":"product","link":"https:\/\/butikasia.pl\/?product=sukienka-bella-bordowa-dluga-blyszczaca-40-42-wieczorowa","title":{"rendered":"Sukienka BELLA bordowa d\u0142uga b\u0142yszcz\u0105ca 40\/42 wieczorowa"},"content":{"rendered":"<p>\u2764\ufe0f\ud83d\udda4Sukienka BELLA SHINE Maxi\u2764\ufe0f<\/p>\n<p>*r.40-pasuje na 40 oraz 42<\/p>\n<p>*cena:269,-<\/p>\n<p>*kolor:bordowy+brokatowa po\u015bwiata<\/p>\n<p>*kopertowa,marszczona<\/p>\n<p>*dost\u0119pne r\u00f3wnie\u017c inne kolory w rozmiarach od 34 do 40<\/p>\n<p>*polski producent<\/p>\n<p>#butikasia #sukienkibordowe #sukienkid\u0142ugie<\/p>\n","protected":false},"excerpt":{"rendered":"<p>\u2764\ufe0f\ud83d\udda4Sukienka BELLA SHINE Maxi\u2764\ufe0f *r.40-pasuje na 40 oraz 42 *cena:269,- *kolor:bordowy+brokatowa po\u015bwiata *kopertowa,marszczona *dost\u0119pne r\u00f3wnie\u017c inne kolory w rozmiarach od 34 do 40 *polski producent&#8230;<\/p>\n","protected":false},"featured_media":2909,"comment_status":"open","ping_status":"closed","template":"","meta":[],"etheme_brands":[],"product_brand":[],"product_cat":[110,116,118,114,104,107,109],"product_tag":[],"class_list":{"0":"post-2908","1":"product","2":"type-product","3":"status-publish","4":"has-post-thumbnail","6":"product_cat-sukienki-dlugie","7":"product_cat-sukienki-dopasowane","8":"product_cat-sukienki-weselne","9":"product_cat-sukienki-wieczorowe","10":"product_cat-nowosci","11":"product_cat-polscy-producenci","12":"product_cat-sukienki","14":"first","15":"instock","16":"shipping-taxable","17":"purchasable","18":"product-type-simple"},"_links":{"self":[{"href":"https:\/\/butikasia.pl\/index.php?rest_route=\/wp\/v2\/product\/2908","targetHints":{"allow":["GET"]}}],"collection":[{"href":"https:\/\/butikasia.pl\/index.php?rest_route=\/wp\/v2\/product"}],"about":[{"href":"https:\/\/butikasia.pl\/index.php?rest_route=\/wp\/v2\/types\/product"}],"replies":[{"embeddable":true,"href":"https:\/\/butikasia.pl\/index.php?rest_route=%2Fwp%2Fv2%2Fcomments&post=2908"}],"version-history":[{"count":1,"href":"https:\/\/butikasia.pl\/index.php?rest_route=\/wp\/v2\/product\/2908\/revisions"}],"predecessor-version":[{"id":2911,"href":"https:\/\/butikasia.pl\/index.php?rest_route=\/wp\/v2\/product\/2908\/revisions\/2911"}],"wp:featuredmedia":[{"embeddable":true,"href":"https:\/\/butikasia.pl\/index.php?rest_route=\/wp\/v2\/media\/2909"}],"wp:attachment":[{"href":"https:\/\/butikasia.pl\/index.php?rest_route=%2Fwp%2Fv2%2Fmedia&parent=2908"}],"wp:term":[{"taxonomy":"brand","embeddable":true,"href":"https:\/\/butikasia.pl\/index.php?rest_route=%2Fwp%2Fv2%2Fetheme_brands&post=2908"},{"taxonomy":"product_brand","embeddable":true,"href":"https:\/\/butikasia.pl\/index.php?rest_route=%2Fwp%2Fv2%2Fproduct_brand&post=2908"},{"taxonomy":"product_cat","embeddable":true,"href":"https:\/\/butikasia.pl\/index.php?rest_route=%2Fwp%2Fv2%2Fproduct_cat&post=2908"},{"taxonomy":"product_tag","embeddable":true,"href":"https:\/\/butikasia.pl\/index.php?rest_route=%2Fwp%2Fv2%2Fproduct_tag&post=2908"}],"curies":[{"name":"wp","href":"https:\/\/api.w.org\/{rel}","templated":true}]}}