{"id":2923,"date":"2026-02-25T19:23:46","date_gmt":"2026-02-25T18:23:46","guid":{"rendered":"https:\/\/butikasia.pl\/?post_type=product&#038;p=2923"},"modified":"2026-03-05T12:59:28","modified_gmt":"2026-03-05T11:59:28","slug":"sukienka-amelia-42-44-44-46-kremowa-czarna-kopertowa-wzory","status":"publish","type":"product","link":"https:\/\/butikasia.pl\/?product=sukienka-amelia-42-44-44-46-kremowa-czarna-kopertowa-wzory","title":{"rendered":"Sukienka AMELIA 42\/44 44\/46 kremowa czarna kopertowa wzory"},"content":{"rendered":"<p>\ud83d\udda4\ud83e\udd0dSukienka AMELIA\ud83e\udd0d\ud83d\udda4<\/p>\n<p>*r.44,46<\/p>\n<p>(Wypadaj\u0105 o p\u00f3\u0142 rozmiaru mniejsze ni\u017c rozmiar z metki)<\/p>\n<p>*cena:219,-<\/p>\n<p>*kolor:ca\u0142a w modny,kwiatowy print<\/p>\n<p>*marszczona -\u015bwietnie maskuje brzuszek<\/p>\n<p>*asymetryczna<\/p>\n<p>*z ty\u0142u zapinana na zamek<\/p>\n<p>*polski producent<\/p>\n<p>*dost\u0119pne r\u00f3wnie\u017c inne kolory w rozmiarach od 36 do 50<\/p>\n<p>#butikasia #sukienki #sukienkikopertowe<\/p>\n","protected":false},"excerpt":{"rendered":"<p>\ud83d\udda4\ud83e\udd0dSukienka AMELIA\ud83e\udd0d\ud83d\udda4 *r.44,46 (Wypadaj\u0105 o p\u00f3\u0142 rozmiaru mniejsze ni\u017c rozmiar z metki) *cena:219,- *kolor:ca\u0142a w modny,kwiatowy print *marszczona -\u015bwietnie maskuje brzuszek *asymetryczna *z ty\u0142u zapinana&#8230;<\/p>\n","protected":false},"featured_media":2924,"comment_status":"open","ping_status":"closed","template":"","meta":[],"etheme_brands":[],"product_brand":[],"product_cat":[90,158,115,116,117,112,119,104,107,109],"product_tag":[],"class_list":{"0":"post-2923","1":"product","2":"type-product","3":"status-publish","4":"has-post-thumbnail","6":"product_cat-kolekcja-wiosenna","7":"product_cat-komunia-2026","8":"product_cat-sukienki-codzienne","9":"product_cat-sukienki-dopasowane","10":"product_cat-sukienki-eleganckie","11":"product_cat-sukienki-krotkie","12":"product_cat-sukienki-na-komunie-i-chrzciny","13":"product_cat-nowosci","14":"product_cat-polscy-producenci","15":"product_cat-sukienki","17":"first","18":"instock","19":"shipping-taxable","20":"purchasable","21":"product-type-variable","22":"has-default-attributes"},"_links":{"self":[{"href":"https:\/\/butikasia.pl\/index.php?rest_route=\/wp\/v2\/product\/2923","targetHints":{"allow":["GET"]}}],"collection":[{"href":"https:\/\/butikasia.pl\/index.php?rest_route=\/wp\/v2\/product"}],"about":[{"href":"https:\/\/butikasia.pl\/index.php?rest_route=\/wp\/v2\/types\/product"}],"replies":[{"embeddable":true,"href":"https:\/\/butikasia.pl\/index.php?rest_route=%2Fwp%2Fv2%2Fcomments&post=2923"}],"version-history":[{"count":1,"href":"https:\/\/butikasia.pl\/index.php?rest_route=\/wp\/v2\/product\/2923\/revisions"}],"predecessor-version":[{"id":2927,"href":"https:\/\/butikasia.pl\/index.php?rest_route=\/wp\/v2\/product\/2923\/revisions\/2927"}],"wp:featuredmedia":[{"embeddable":true,"href":"https:\/\/butikasia.pl\/index.php?rest_route=\/wp\/v2\/media\/2924"}],"wp:attachment":[{"href":"https:\/\/butikasia.pl\/index.php?rest_route=%2Fwp%2Fv2%2Fmedia&parent=2923"}],"wp:term":[{"taxonomy":"brand","embeddable":true,"href":"https:\/\/butikasia.pl\/index.php?rest_route=%2Fwp%2Fv2%2Fetheme_brands&post=2923"},{"taxonomy":"product_brand","embeddable":true,"href":"https:\/\/butikasia.pl\/index.php?rest_route=%2Fwp%2Fv2%2Fproduct_brand&post=2923"},{"taxonomy":"product_cat","embeddable":true,"href":"https:\/\/butikasia.pl\/index.php?rest_route=%2Fwp%2Fv2%2Fproduct_cat&post=2923"},{"taxonomy":"product_tag","embeddable":true,"href":"https:\/\/butikasia.pl\/index.php?rest_route=%2Fwp%2Fv2%2Fproduct_tag&post=2923"}],"curies":[{"name":"wp","href":"https:\/\/api.w.org\/{rel}","templated":true}]}}