{"id":2983,"date":"2026-02-27T21:33:56","date_gmt":"2026-02-27T20:33:56","guid":{"rendered":"https:\/\/butikasia.pl\/?post_type=product&#038;p=2983"},"modified":"2026-03-05T12:36:27","modified_gmt":"2026-03-05T11:36:27","slug":"sukienka-asymetryczna-laura-dluga-rozowa-34-xs-36-s","status":"publish","type":"product","link":"https:\/\/butikasia.pl\/?product=sukienka-asymetryczna-laura-dluga-rozowa-34-xs-36-s","title":{"rendered":"Sukienka asymetryczna LAURA d\u0142uga r\u00f3\u017cowa 34\/Xs 36\/S"},"content":{"rendered":"<p>\ud83e\ude77Sukienka LAURA ASYMETRIC Maxi\ud83e\ude77<\/p>\n<p>*r.36-pasuje na 34<\/p>\n<p>*r.38-pasuje na 36<\/p>\n<p>*cena:279,-<\/p>\n<p>*kolor:nasycony r\u00f3\u017c\/amarant<\/p>\n<p>*z ty\u0142u zapinana na zamek<\/p>\n<p>*posiada marszczenie maskuj\u0105ce brzuszek<\/p>\n<p>*polski producent<\/p>\n<p>*dost\u0119pne r\u00f3wnie\u017c inne kolory<\/p>\n<p>#butikasia #sukienkaasymetryczna #sukienkid\u0142ugie<\/p>\n","protected":false},"excerpt":{"rendered":"<p>\ud83e\ude77Sukienka LAURA ASYMETRIC Maxi\ud83e\ude77 *r.36-pasuje na 34 *r.38-pasuje na 36 *cena:279,- *kolor:nasycony r\u00f3\u017c\/amarant *z ty\u0142u zapinana na zamek *posiada marszczenie maskuj\u0105ce brzuszek *polski producent *dost\u0119pne&#8230;<\/p>\n","protected":false},"featured_media":2984,"comment_status":"open","ping_status":"closed","template":"","meta":[],"etheme_brands":[],"product_brand":[],"product_cat":[110,116,118,114,104,107,109],"product_tag":[],"class_list":{"0":"post-2983","1":"product","2":"type-product","3":"status-publish","4":"has-post-thumbnail","6":"product_cat-sukienki-dlugie","7":"product_cat-sukienki-dopasowane","8":"product_cat-sukienki-weselne","9":"product_cat-sukienki-wieczorowe","10":"product_cat-nowosci","11":"product_cat-polscy-producenci","12":"product_cat-sukienki","14":"first","15":"instock","16":"shipping-taxable","17":"purchasable","18":"product-type-variable","19":"has-default-attributes"},"_links":{"self":[{"href":"https:\/\/butikasia.pl\/index.php?rest_route=\/wp\/v2\/product\/2983","targetHints":{"allow":["GET"]}}],"collection":[{"href":"https:\/\/butikasia.pl\/index.php?rest_route=\/wp\/v2\/product"}],"about":[{"href":"https:\/\/butikasia.pl\/index.php?rest_route=\/wp\/v2\/types\/product"}],"replies":[{"embeddable":true,"href":"https:\/\/butikasia.pl\/index.php?rest_route=%2Fwp%2Fv2%2Fcomments&post=2983"}],"version-history":[{"count":1,"href":"https:\/\/butikasia.pl\/index.php?rest_route=\/wp\/v2\/product\/2983\/revisions"}],"predecessor-version":[{"id":2987,"href":"https:\/\/butikasia.pl\/index.php?rest_route=\/wp\/v2\/product\/2983\/revisions\/2987"}],"wp:featuredmedia":[{"embeddable":true,"href":"https:\/\/butikasia.pl\/index.php?rest_route=\/wp\/v2\/media\/2984"}],"wp:attachment":[{"href":"https:\/\/butikasia.pl\/index.php?rest_route=%2Fwp%2Fv2%2Fmedia&parent=2983"}],"wp:term":[{"taxonomy":"brand","embeddable":true,"href":"https:\/\/butikasia.pl\/index.php?rest_route=%2Fwp%2Fv2%2Fetheme_brands&post=2983"},{"taxonomy":"product_brand","embeddable":true,"href":"https:\/\/butikasia.pl\/index.php?rest_route=%2Fwp%2Fv2%2Fproduct_brand&post=2983"},{"taxonomy":"product_cat","embeddable":true,"href":"https:\/\/butikasia.pl\/index.php?rest_route=%2Fwp%2Fv2%2Fproduct_cat&post=2983"},{"taxonomy":"product_tag","embeddable":true,"href":"https:\/\/butikasia.pl\/index.php?rest_route=%2Fwp%2Fv2%2Fproduct_tag&post=2983"}],"curies":[{"name":"wp","href":"https:\/\/api.w.org\/{rel}","templated":true}]}}