{"id":2988,"date":"2026-02-27T21:41:09","date_gmt":"2026-02-27T20:41:09","guid":{"rendered":"https:\/\/butikasia.pl\/?post_type=product&#038;p=2988"},"modified":"2026-02-27T21:41:09","modified_gmt":"2026-02-27T20:41:09","slug":"sukienka-amelia-czarna-40-42-kopertowa-marszczona","status":"publish","type":"product","link":"https:\/\/butikasia.pl\/?product=sukienka-amelia-czarna-40-42-kopertowa-marszczona","title":{"rendered":"Sukienka AMELIA czarna 40\/42 kopertowa marszczona"},"content":{"rendered":"<p>\ud83d\udda4\ud83d\udda4Sukienka AMELIA\ud83d\udda4\ud83d\udda4<\/p>\n<p>*r.42<\/p>\n<p>(Wypadaj\u0105 o p\u00f3\u0142 rozmiaru mniejsze ni\u017c rozmiar z metki)<\/p>\n<p>*cena:219,-<\/p>\n<p>*kolor:czarny<\/p>\n<p>*marszczona -\u015bwietnie maskuje brzuszek<\/p>\n<p>*asymetryczna<\/p>\n<p>*z ty\u0142u zapinana na zamek<\/p>\n<p>*polski producent<\/p>\n<p>*dost\u0119pne r\u00f3wnie\u017c inne kolory w rozmiarach od 36 do 50<\/p>\n<p>#butikasia #sukienki #sukienkikopertowe<\/p>\n","protected":false},"excerpt":{"rendered":"<p>\ud83d\udda4\ud83d\udda4Sukienka AMELIA\ud83d\udda4\ud83d\udda4 *r.42 (Wypadaj\u0105 o p\u00f3\u0142 rozmiaru mniejsze ni\u017c rozmiar z metki) *cena:219,- *kolor:czarny *marszczona -\u015bwietnie maskuje brzuszek *asymetryczna *z ty\u0142u zapinana na zamek *polski&#8230;<\/p>\n","protected":false},"featured_media":2989,"comment_status":"open","ping_status":"closed","template":"","meta":[],"etheme_brands":[],"product_brand":[],"product_cat":[116,117,112,114,104,107,109],"product_tag":[],"class_list":{"0":"post-2988","1":"product","2":"type-product","3":"status-publish","4":"has-post-thumbnail","6":"product_cat-sukienki-dopasowane","7":"product_cat-sukienki-eleganckie","8":"product_cat-sukienki-krotkie","9":"product_cat-sukienki-wieczorowe","10":"product_cat-nowosci","11":"product_cat-polscy-producenci","12":"product_cat-sukienki","14":"first","15":"instock","16":"shipping-taxable","17":"purchasable","18":"product-type-simple"},"_links":{"self":[{"href":"https:\/\/butikasia.pl\/index.php?rest_route=\/wp\/v2\/product\/2988","targetHints":{"allow":["GET"]}}],"collection":[{"href":"https:\/\/butikasia.pl\/index.php?rest_route=\/wp\/v2\/product"}],"about":[{"href":"https:\/\/butikasia.pl\/index.php?rest_route=\/wp\/v2\/types\/product"}],"replies":[{"embeddable":true,"href":"https:\/\/butikasia.pl\/index.php?rest_route=%2Fwp%2Fv2%2Fcomments&post=2988"}],"version-history":[{"count":1,"href":"https:\/\/butikasia.pl\/index.php?rest_route=\/wp\/v2\/product\/2988\/revisions"}],"predecessor-version":[{"id":2991,"href":"https:\/\/butikasia.pl\/index.php?rest_route=\/wp\/v2\/product\/2988\/revisions\/2991"}],"wp:featuredmedia":[{"embeddable":true,"href":"https:\/\/butikasia.pl\/index.php?rest_route=\/wp\/v2\/media\/2989"}],"wp:attachment":[{"href":"https:\/\/butikasia.pl\/index.php?rest_route=%2Fwp%2Fv2%2Fmedia&parent=2988"}],"wp:term":[{"taxonomy":"brand","embeddable":true,"href":"https:\/\/butikasia.pl\/index.php?rest_route=%2Fwp%2Fv2%2Fetheme_brands&post=2988"},{"taxonomy":"product_brand","embeddable":true,"href":"https:\/\/butikasia.pl\/index.php?rest_route=%2Fwp%2Fv2%2Fproduct_brand&post=2988"},{"taxonomy":"product_cat","embeddable":true,"href":"https:\/\/butikasia.pl\/index.php?rest_route=%2Fwp%2Fv2%2Fproduct_cat&post=2988"},{"taxonomy":"product_tag","embeddable":true,"href":"https:\/\/butikasia.pl\/index.php?rest_route=%2Fwp%2Fv2%2Fproduct_tag&post=2988"}],"curies":[{"name":"wp","href":"https:\/\/api.w.org\/{rel}","templated":true}]}}