{"id":2992,"date":"2026-02-27T22:07:23","date_gmt":"2026-02-27T21:07:23","guid":{"rendered":"https:\/\/butikasia.pl\/?post_type=product&#038;p=2992"},"modified":"2026-03-05T12:21:31","modified_gmt":"2026-03-05T11:21:31","slug":"sukienka-amelia-42-44-44-46-rozowa-kopertowa-marszczona","status":"publish","type":"product","link":"https:\/\/butikasia.pl\/?product=sukienka-amelia-42-44-44-46-rozowa-kopertowa-marszczona","title":{"rendered":"Sukienka AMELIA 42\/44 44\/46 r\u00f3\u017cowa kopertowa marszczona"},"content":{"rendered":"<p>\ud83e\ude77\ud83e\ude77Sukienka AMELIA\ud83e\ude77\ud83e\ude77<\/p>\n<p>*r.44 oraz 46<\/p>\n<p>(Wypadaj\u0105 o p\u00f3\u0142 rozmiaru mniejsze ni\u017c rozmiar z metki)<\/p>\n<p>*cena:219,-<\/p>\n<p>*kolor:fuksja<\/p>\n<p>*marszczona -\u015bwietnie maskuje brzuszek<\/p>\n<p>*asymetryczna<\/p>\n<p>*z ty\u0142u zapinana na zamek<\/p>\n<p>*polski producent<\/p>\n<p>*dost\u0119pne r\u00f3wnie\u017c inne kolory w rozmiarach od 36 do 50<\/p>\n<p>#butikasia #sukienki #sukienkikopertowe<\/p>\n","protected":false},"excerpt":{"rendered":"<p>\ud83e\ude77\ud83e\ude77Sukienka AMELIA\ud83e\ude77\ud83e\ude77 *r.44 oraz 46 (Wypadaj\u0105 o p\u00f3\u0142 rozmiaru mniejsze ni\u017c rozmiar z metki) *cena:219,- *kolor:fuksja *marszczona -\u015bwietnie maskuje brzuszek *asymetryczna *z ty\u0142u zapinana na&#8230;<\/p>\n","protected":false},"featured_media":2993,"comment_status":"open","ping_status":"closed","template":"","meta":[],"etheme_brands":[],"product_brand":[],"product_cat":[90,158,116,117,112,119,118,108,104,107,109],"product_tag":[],"class_list":{"0":"post-2992","1":"product","2":"type-product","3":"status-publish","4":"has-post-thumbnail","6":"product_cat-kolekcja-wiosenna","7":"product_cat-komunia-2026","8":"product_cat-sukienki-dopasowane","9":"product_cat-sukienki-eleganckie","10":"product_cat-sukienki-krotkie","11":"product_cat-sukienki-na-komunie-i-chrzciny","12":"product_cat-sukienki-weselne","13":"product_cat-moda-plus-size","14":"product_cat-nowosci","15":"product_cat-polscy-producenci","16":"product_cat-sukienki","18":"first","19":"instock","20":"shipping-taxable","21":"purchasable","22":"product-type-variable","23":"has-default-attributes"},"_links":{"self":[{"href":"https:\/\/butikasia.pl\/index.php?rest_route=\/wp\/v2\/product\/2992","targetHints":{"allow":["GET"]}}],"collection":[{"href":"https:\/\/butikasia.pl\/index.php?rest_route=\/wp\/v2\/product"}],"about":[{"href":"https:\/\/butikasia.pl\/index.php?rest_route=\/wp\/v2\/types\/product"}],"replies":[{"embeddable":true,"href":"https:\/\/butikasia.pl\/index.php?rest_route=%2Fwp%2Fv2%2Fcomments&post=2992"}],"version-history":[{"count":1,"href":"https:\/\/butikasia.pl\/index.php?rest_route=\/wp\/v2\/product\/2992\/revisions"}],"predecessor-version":[{"id":2996,"href":"https:\/\/butikasia.pl\/index.php?rest_route=\/wp\/v2\/product\/2992\/revisions\/2996"}],"wp:featuredmedia":[{"embeddable":true,"href":"https:\/\/butikasia.pl\/index.php?rest_route=\/wp\/v2\/media\/2993"}],"wp:attachment":[{"href":"https:\/\/butikasia.pl\/index.php?rest_route=%2Fwp%2Fv2%2Fmedia&parent=2992"}],"wp:term":[{"taxonomy":"brand","embeddable":true,"href":"https:\/\/butikasia.pl\/index.php?rest_route=%2Fwp%2Fv2%2Fetheme_brands&post=2992"},{"taxonomy":"product_brand","embeddable":true,"href":"https:\/\/butikasia.pl\/index.php?rest_route=%2Fwp%2Fv2%2Fproduct_brand&post=2992"},{"taxonomy":"product_cat","embeddable":true,"href":"https:\/\/butikasia.pl\/index.php?rest_route=%2Fwp%2Fv2%2Fproduct_cat&post=2992"},{"taxonomy":"product_tag","embeddable":true,"href":"https:\/\/butikasia.pl\/index.php?rest_route=%2Fwp%2Fv2%2Fproduct_tag&post=2992"}],"curies":[{"name":"wp","href":"https:\/\/api.w.org\/{rel}","templated":true}]}}