{"id":3002,"date":"2026-02-28T08:09:44","date_gmt":"2026-02-28T07:09:44","guid":{"rendered":"https:\/\/butikasia.pl\/?post_type=product&#038;p=3002"},"modified":"2026-02-28T08:09:44","modified_gmt":"2026-02-28T07:09:44","slug":"sukienka-amelia-38-40-kopertowa-marszczona-cappuccino","status":"publish","type":"product","link":"https:\/\/butikasia.pl\/?product=sukienka-amelia-38-40-kopertowa-marszczona-cappuccino","title":{"rendered":"Sukienka AMELIA 38\/40 kopertowa marszczona cappuccino"},"content":{"rendered":"<p>\ud83e\udd0e\ud83e\udd0eSukienka AMELIA\ud83e\udd0e\ud83e\udd0e<\/p>\n<p>*r.40<\/p>\n<p>(Wypadaj\u0105 o p\u00f3\u0142 rozmiaru mniejsze ni\u017c rozmiar z metki)<\/p>\n<p>*cena:219,-<\/p>\n<p>*kolor:cappuccino<\/p>\n<p>*marszczona -\u015bwietnie maskuje brzuszek<\/p>\n<p>*asymetryczna<\/p>\n<p>*z ty\u0142u zapinana na zamek<\/p>\n<p>*polski producent<\/p>\n<p>*dost\u0119pne r\u00f3wnie\u017c inne kolory w rozmiarach od 36 do 50<\/p>\n<p>#butikasia #sukienki #sukienkikopertowe<\/p>\n","protected":false},"excerpt":{"rendered":"<p>\ud83e\udd0e\ud83e\udd0eSukienka AMELIA\ud83e\udd0e\ud83e\udd0e *r.40 (Wypadaj\u0105 o p\u00f3\u0142 rozmiaru mniejsze ni\u017c rozmiar z metki) *cena:219,- *kolor:cappuccino *marszczona -\u015bwietnie maskuje brzuszek *asymetryczna *z ty\u0142u zapinana na zamek *polski&#8230;<\/p>\n","protected":false},"featured_media":3003,"comment_status":"open","ping_status":"closed","template":"","meta":[],"etheme_brands":[],"product_brand":[],"product_cat":[158,115,116,117,112,119,104,107,109],"product_tag":[],"class_list":{"0":"post-3002","1":"product","2":"type-product","3":"status-publish","4":"has-post-thumbnail","6":"product_cat-komunia-2026","7":"product_cat-sukienki-codzienne","8":"product_cat-sukienki-dopasowane","9":"product_cat-sukienki-eleganckie","10":"product_cat-sukienki-krotkie","11":"product_cat-sukienki-na-komunie-i-chrzciny","12":"product_cat-nowosci","13":"product_cat-polscy-producenci","14":"product_cat-sukienki","16":"first","17":"instock","18":"shipping-taxable","19":"purchasable","20":"product-type-simple"},"_links":{"self":[{"href":"https:\/\/butikasia.pl\/index.php?rest_route=\/wp\/v2\/product\/3002","targetHints":{"allow":["GET"]}}],"collection":[{"href":"https:\/\/butikasia.pl\/index.php?rest_route=\/wp\/v2\/product"}],"about":[{"href":"https:\/\/butikasia.pl\/index.php?rest_route=\/wp\/v2\/types\/product"}],"replies":[{"embeddable":true,"href":"https:\/\/butikasia.pl\/index.php?rest_route=%2Fwp%2Fv2%2Fcomments&post=3002"}],"version-history":[{"count":1,"href":"https:\/\/butikasia.pl\/index.php?rest_route=\/wp\/v2\/product\/3002\/revisions"}],"predecessor-version":[{"id":3004,"href":"https:\/\/butikasia.pl\/index.php?rest_route=\/wp\/v2\/product\/3002\/revisions\/3004"}],"wp:featuredmedia":[{"embeddable":true,"href":"https:\/\/butikasia.pl\/index.php?rest_route=\/wp\/v2\/media\/3003"}],"wp:attachment":[{"href":"https:\/\/butikasia.pl\/index.php?rest_route=%2Fwp%2Fv2%2Fmedia&parent=3002"}],"wp:term":[{"taxonomy":"brand","embeddable":true,"href":"https:\/\/butikasia.pl\/index.php?rest_route=%2Fwp%2Fv2%2Fetheme_brands&post=3002"},{"taxonomy":"product_brand","embeddable":true,"href":"https:\/\/butikasia.pl\/index.php?rest_route=%2Fwp%2Fv2%2Fproduct_brand&post=3002"},{"taxonomy":"product_cat","embeddable":true,"href":"https:\/\/butikasia.pl\/index.php?rest_route=%2Fwp%2Fv2%2Fproduct_cat&post=3002"},{"taxonomy":"product_tag","embeddable":true,"href":"https:\/\/butikasia.pl\/index.php?rest_route=%2Fwp%2Fv2%2Fproduct_tag&post=3002"}],"curies":[{"name":"wp","href":"https:\/\/api.w.org\/{rel}","templated":true}]}}