{"id":3024,"date":"2026-02-28T08:33:20","date_gmt":"2026-02-28T07:33:20","guid":{"rendered":"https:\/\/butikasia.pl\/?post_type=product&#038;p=3024"},"modified":"2026-03-05T11:51:18","modified_gmt":"2026-03-05T10:51:18","slug":"sukienka-garden-maxi-34-xs-38-m-biala-tiulowa-koronkowa","status":"publish","type":"product","link":"https:\/\/butikasia.pl\/?product=sukienka-garden-maxi-34-xs-38-m-biala-tiulowa-koronkowa","title":{"rendered":"Sukienka GARDEN Maxi \u015blubna 34\/XS 38\/M bia\u0142a tiulowa koronkowa"},"content":{"rendered":"<p>\ud83d\udc8d\ud83d\udc8e\u2764\ufe0fSuknia GARDEN PREMIUM\u2764\ufe0f\ud83d\udc8e\ud83d\udc8d<\/p>\n<p>*r.34 oraz 38<\/p>\n<p>*cena:999,-<\/p>\n<p>*kolor:bia\u0142y<\/p>\n<p>*przepi\u0119knie zdobiona koronk\u0105<\/p>\n<p>*posiada wszyte miseczki<\/p>\n<p>*d\u00f3\u0142-tiulowy<\/p>\n<p>*z ty\u0142u zapinana na zamek<\/p>\n<p>*polski producent<\/p>\n<p>#suknia\u015blubna #wedding #suknie\u015blubne<\/p>\n","protected":false},"excerpt":{"rendered":"<p>\ud83d\udc8d\ud83d\udc8e\u2764\ufe0fSuknia GARDEN PREMIUM\u2764\ufe0f\ud83d\udc8e\ud83d\udc8d *r.34 oraz 38 *cena:999,- *kolor:bia\u0142y *przepi\u0119knie zdobiona koronk\u0105 *posiada wszyte miseczki *d\u00f3\u0142-tiulowy *z ty\u0142u zapinana na zamek *polski producent #suknia\u015blubna #wedding #suknie\u015blubne<\/p>\n","protected":false},"featured_media":3025,"comment_status":"open","ping_status":"closed","template":"","meta":[],"etheme_brands":[],"product_brand":[],"product_cat":[110,113,120,104,107,105,109],"product_tag":[],"class_list":{"0":"post-3024","1":"product","2":"type-product","3":"status-publish","4":"has-post-thumbnail","6":"product_cat-sukienki-dlugie","7":"product_cat-sukienki-rozkloszowane","8":"product_cat-moda-slubna","9":"product_cat-nowosci","10":"product_cat-polscy-producenci","11":"product_cat-premium","12":"product_cat-sukienki","14":"first","15":"instock","16":"shipping-taxable","17":"purchasable","18":"product-type-variable","19":"has-default-attributes"},"_links":{"self":[{"href":"https:\/\/butikasia.pl\/index.php?rest_route=\/wp\/v2\/product\/3024","targetHints":{"allow":["GET"]}}],"collection":[{"href":"https:\/\/butikasia.pl\/index.php?rest_route=\/wp\/v2\/product"}],"about":[{"href":"https:\/\/butikasia.pl\/index.php?rest_route=\/wp\/v2\/types\/product"}],"replies":[{"embeddable":true,"href":"https:\/\/butikasia.pl\/index.php?rest_route=%2Fwp%2Fv2%2Fcomments&post=3024"}],"version-history":[{"count":2,"href":"https:\/\/butikasia.pl\/index.php?rest_route=\/wp\/v2\/product\/3024\/revisions"}],"predecessor-version":[{"id":3034,"href":"https:\/\/butikasia.pl\/index.php?rest_route=\/wp\/v2\/product\/3024\/revisions\/3034"}],"wp:featuredmedia":[{"embeddable":true,"href":"https:\/\/butikasia.pl\/index.php?rest_route=\/wp\/v2\/media\/3025"}],"wp:attachment":[{"href":"https:\/\/butikasia.pl\/index.php?rest_route=%2Fwp%2Fv2%2Fmedia&parent=3024"}],"wp:term":[{"taxonomy":"brand","embeddable":true,"href":"https:\/\/butikasia.pl\/index.php?rest_route=%2Fwp%2Fv2%2Fetheme_brands&post=3024"},{"taxonomy":"product_brand","embeddable":true,"href":"https:\/\/butikasia.pl\/index.php?rest_route=%2Fwp%2Fv2%2Fproduct_brand&post=3024"},{"taxonomy":"product_cat","embeddable":true,"href":"https:\/\/butikasia.pl\/index.php?rest_route=%2Fwp%2Fv2%2Fproduct_cat&post=3024"},{"taxonomy":"product_tag","embeddable":true,"href":"https:\/\/butikasia.pl\/index.php?rest_route=%2Fwp%2Fv2%2Fproduct_tag&post=3024"}],"curies":[{"name":"wp","href":"https:\/\/api.w.org\/{rel}","templated":true}]}}