{"id":3042,"date":"2026-02-28T08:51:31","date_gmt":"2026-02-28T07:51:31","guid":{"rendered":"https:\/\/butikasia.pl\/?post_type=product&#038;p=3042"},"modified":"2026-03-05T11:22:21","modified_gmt":"2026-03-05T10:22:21","slug":"sukienka-slubna-vespa-koronkowa-40-l-kremowa-dluga","status":"publish","type":"product","link":"https:\/\/butikasia.pl\/?product=sukienka-slubna-vespa-koronkowa-40-l-kremowa-dluga","title":{"rendered":"Sukienka \u015blubna VESPA koronkowa 40\/L kremowa d\u0142uga"},"content":{"rendered":"<p>\ud83d\udc8d\ud83d\udc8eSukienka VESPA PREMIUM\ud83d\udc8e\ud83d\udc8d<\/p>\n<p>*r.40<\/p>\n<p>*cena:699,-<\/p>\n<p>*kolor:kremowy<\/p>\n<p>*ca\u0142a haftowana<\/p>\n<p>*posiada wszyte miseczki<\/p>\n<p>*polski producent<\/p>\n<p>#suknie\u015blubne #sukienkid\u0142ugie #\u015blub<\/p>\n","protected":false},"excerpt":{"rendered":"<p>\ud83d\udc8d\ud83d\udc8eSukienka VESPA PREMIUM\ud83d\udc8e\ud83d\udc8d *r.40 *cena:699,- *kolor:kremowy *ca\u0142a haftowana *posiada wszyte miseczki *polski producent #suknie\u015blubne #sukienkid\u0142ugie #\u015blub<\/p>\n","protected":false},"featured_media":3043,"comment_status":"open","ping_status":"closed","template":"","meta":[],"etheme_brands":[],"product_brand":[],"product_cat":[110,113,120,104,107,105,109],"product_tag":[],"class_list":{"0":"post-3042","1":"product","2":"type-product","3":"status-publish","4":"has-post-thumbnail","6":"product_cat-sukienki-dlugie","7":"product_cat-sukienki-rozkloszowane","8":"product_cat-moda-slubna","9":"product_cat-nowosci","10":"product_cat-polscy-producenci","11":"product_cat-premium","12":"product_cat-sukienki","14":"first","15":"instock","16":"shipping-taxable","17":"purchasable","18":"product-type-simple"},"_links":{"self":[{"href":"https:\/\/butikasia.pl\/index.php?rest_route=\/wp\/v2\/product\/3042","targetHints":{"allow":["GET"]}}],"collection":[{"href":"https:\/\/butikasia.pl\/index.php?rest_route=\/wp\/v2\/product"}],"about":[{"href":"https:\/\/butikasia.pl\/index.php?rest_route=\/wp\/v2\/types\/product"}],"replies":[{"embeddable":true,"href":"https:\/\/butikasia.pl\/index.php?rest_route=%2Fwp%2Fv2%2Fcomments&post=3042"}],"version-history":[{"count":1,"href":"https:\/\/butikasia.pl\/index.php?rest_route=\/wp\/v2\/product\/3042\/revisions"}],"predecessor-version":[{"id":3046,"href":"https:\/\/butikasia.pl\/index.php?rest_route=\/wp\/v2\/product\/3042\/revisions\/3046"}],"wp:featuredmedia":[{"embeddable":true,"href":"https:\/\/butikasia.pl\/index.php?rest_route=\/wp\/v2\/media\/3043"}],"wp:attachment":[{"href":"https:\/\/butikasia.pl\/index.php?rest_route=%2Fwp%2Fv2%2Fmedia&parent=3042"}],"wp:term":[{"taxonomy":"brand","embeddable":true,"href":"https:\/\/butikasia.pl\/index.php?rest_route=%2Fwp%2Fv2%2Fetheme_brands&post=3042"},{"taxonomy":"product_brand","embeddable":true,"href":"https:\/\/butikasia.pl\/index.php?rest_route=%2Fwp%2Fv2%2Fproduct_brand&post=3042"},{"taxonomy":"product_cat","embeddable":true,"href":"https:\/\/butikasia.pl\/index.php?rest_route=%2Fwp%2Fv2%2Fproduct_cat&post=3042"},{"taxonomy":"product_tag","embeddable":true,"href":"https:\/\/butikasia.pl\/index.php?rest_route=%2Fwp%2Fv2%2Fproduct_tag&post=3042"}],"curies":[{"name":"wp","href":"https:\/\/api.w.org\/{rel}","templated":true}]}}