{"id":3047,"date":"2026-02-28T09:00:37","date_gmt":"2026-02-28T08:00:37","guid":{"rendered":"https:\/\/butikasia.pl\/?post_type=product&#038;p=3047"},"modified":"2026-03-05T11:20:19","modified_gmt":"2026-03-05T10:20:19","slug":"sukienka-slubna-marietta-38-m-dluga-tiulowa","status":"publish","type":"product","link":"https:\/\/butikasia.pl\/?product=sukienka-slubna-marietta-38-m-dluga-tiulowa","title":{"rendered":"Sukienka \u015blubna MARIETTA 38\/M d\u0142uga tiulowa"},"content":{"rendered":"<p>\ud83d\udc8e\ud83d\udc8dSukienka MARIETTA PREMIUM\ud83d\udc8d\ud83d\udc8e<\/p>\n<p>*r.38<\/p>\n<p>*cena:699,-<\/p>\n<p>*g\u00f3ra zdobiona kryszta\u0142kami oraz cyrkoniami<\/p>\n<p>*d\u00f3\u0142 tiulowy<\/p>\n<p>*posiada wszyte miseczki<\/p>\n<p>#butikasia #sukienkatiulowa #sukienkabia\u0142a #sukienka\u015blubna #wedding #suknie\u015blubne #\u015blubmarze\u0144<\/p>\n","protected":false},"excerpt":{"rendered":"<p>\ud83d\udc8e\ud83d\udc8dSukienka MARIETTA PREMIUM\ud83d\udc8d\ud83d\udc8e *r.38 *cena:699,- *g\u00f3ra zdobiona kryszta\u0142kami oraz cyrkoniami *d\u00f3\u0142 tiulowy *posiada wszyte miseczki #butikasia #sukienkatiulowa #sukienkabia\u0142a #sukienka\u015blubna #wedding #suknie\u015blubne #\u015blubmarze\u0144<\/p>\n","protected":false},"featured_media":3048,"comment_status":"open","ping_status":"closed","template":"","meta":[],"etheme_brands":[],"product_brand":[],"product_cat":[110,113,120,104,107,105,109],"product_tag":[],"class_list":{"0":"post-3047","1":"product","2":"type-product","3":"status-publish","4":"has-post-thumbnail","6":"product_cat-sukienki-dlugie","7":"product_cat-sukienki-rozkloszowane","8":"product_cat-moda-slubna","9":"product_cat-nowosci","10":"product_cat-polscy-producenci","11":"product_cat-premium","12":"product_cat-sukienki","14":"first","15":"instock","16":"shipping-taxable","17":"purchasable","18":"product-type-simple"},"_links":{"self":[{"href":"https:\/\/butikasia.pl\/index.php?rest_route=\/wp\/v2\/product\/3047","targetHints":{"allow":["GET"]}}],"collection":[{"href":"https:\/\/butikasia.pl\/index.php?rest_route=\/wp\/v2\/product"}],"about":[{"href":"https:\/\/butikasia.pl\/index.php?rest_route=\/wp\/v2\/types\/product"}],"replies":[{"embeddable":true,"href":"https:\/\/butikasia.pl\/index.php?rest_route=%2Fwp%2Fv2%2Fcomments&post=3047"}],"version-history":[{"count":1,"href":"https:\/\/butikasia.pl\/index.php?rest_route=\/wp\/v2\/product\/3047\/revisions"}],"predecessor-version":[{"id":3051,"href":"https:\/\/butikasia.pl\/index.php?rest_route=\/wp\/v2\/product\/3047\/revisions\/3051"}],"wp:featuredmedia":[{"embeddable":true,"href":"https:\/\/butikasia.pl\/index.php?rest_route=\/wp\/v2\/media\/3048"}],"wp:attachment":[{"href":"https:\/\/butikasia.pl\/index.php?rest_route=%2Fwp%2Fv2%2Fmedia&parent=3047"}],"wp:term":[{"taxonomy":"brand","embeddable":true,"href":"https:\/\/butikasia.pl\/index.php?rest_route=%2Fwp%2Fv2%2Fetheme_brands&post=3047"},{"taxonomy":"product_brand","embeddable":true,"href":"https:\/\/butikasia.pl\/index.php?rest_route=%2Fwp%2Fv2%2Fproduct_brand&post=3047"},{"taxonomy":"product_cat","embeddable":true,"href":"https:\/\/butikasia.pl\/index.php?rest_route=%2Fwp%2Fv2%2Fproduct_cat&post=3047"},{"taxonomy":"product_tag","embeddable":true,"href":"https:\/\/butikasia.pl\/index.php?rest_route=%2Fwp%2Fv2%2Fproduct_tag&post=3047"}],"curies":[{"name":"wp","href":"https:\/\/api.w.org\/{rel}","templated":true}]}}