{"id":3057,"date":"2026-02-28T21:58:56","date_gmt":"2026-02-28T20:58:56","guid":{"rendered":"https:\/\/butikasia.pl\/?post_type=product&#038;p=3057"},"modified":"2026-03-05T11:18:46","modified_gmt":"2026-03-05T10:18:46","slug":"kapelusz-kremowy-slomiany-letni-wakacyjny","status":"publish","type":"product","link":"https:\/\/butikasia.pl\/?product=kapelusz-kremowy-slomiany-letni-wakacyjny","title":{"rendered":"Kapelusz kremowy s\u0142omiany letni wakacyjny"},"content":{"rendered":"<p>\ud83d\udc20\ud83c\udfdcKAPELUSZ TULUM\ud83c\udfdc\ud83d\udc20<\/p>\n<p>*cena:89,-<\/p>\n<p>*kolor:kremowy<\/p>\n<p>*dost\u0119pne r\u00f3wnie\u017c inne kolory<\/p>\n<p>#kapelusz #urlop #butikasia<\/p>\n","protected":false},"excerpt":{"rendered":"<p>\ud83d\udc20\ud83c\udfdcKAPELUSZ TULUM\ud83c\udfdc\ud83d\udc20 *cena:89,- *kolor:kremowy *dost\u0119pne r\u00f3wnie\u017c inne kolory #kapelusz #urlop #butikasia<\/p>\n","protected":false},"featured_media":3058,"comment_status":"open","ping_status":"closed","template":"","meta":[],"etheme_brands":[],"product_brand":[],"product_cat":[132,64],"product_tag":[],"class_list":{"0":"post-3057","1":"product","2":"type-product","3":"status-publish","4":"has-post-thumbnail","6":"product_cat-czapki-kominy-i-kapelusze","7":"product_cat-moda-plazowa","9":"first","10":"instock","11":"shipping-taxable","12":"purchasable","13":"product-type-simple"},"_links":{"self":[{"href":"https:\/\/butikasia.pl\/index.php?rest_route=\/wp\/v2\/product\/3057","targetHints":{"allow":["GET"]}}],"collection":[{"href":"https:\/\/butikasia.pl\/index.php?rest_route=\/wp\/v2\/product"}],"about":[{"href":"https:\/\/butikasia.pl\/index.php?rest_route=\/wp\/v2\/types\/product"}],"replies":[{"embeddable":true,"href":"https:\/\/butikasia.pl\/index.php?rest_route=%2Fwp%2Fv2%2Fcomments&post=3057"}],"version-history":[{"count":2,"href":"https:\/\/butikasia.pl\/index.php?rest_route=\/wp\/v2\/product\/3057\/revisions"}],"predecessor-version":[{"id":3063,"href":"https:\/\/butikasia.pl\/index.php?rest_route=\/wp\/v2\/product\/3057\/revisions\/3063"}],"wp:featuredmedia":[{"embeddable":true,"href":"https:\/\/butikasia.pl\/index.php?rest_route=\/wp\/v2\/media\/3058"}],"wp:attachment":[{"href":"https:\/\/butikasia.pl\/index.php?rest_route=%2Fwp%2Fv2%2Fmedia&parent=3057"}],"wp:term":[{"taxonomy":"brand","embeddable":true,"href":"https:\/\/butikasia.pl\/index.php?rest_route=%2Fwp%2Fv2%2Fetheme_brands&post=3057"},{"taxonomy":"product_brand","embeddable":true,"href":"https:\/\/butikasia.pl\/index.php?rest_route=%2Fwp%2Fv2%2Fproduct_brand&post=3057"},{"taxonomy":"product_cat","embeddable":true,"href":"https:\/\/butikasia.pl\/index.php?rest_route=%2Fwp%2Fv2%2Fproduct_cat&post=3057"},{"taxonomy":"product_tag","embeddable":true,"href":"https:\/\/butikasia.pl\/index.php?rest_route=%2Fwp%2Fv2%2Fproduct_tag&post=3057"}],"curies":[{"name":"wp","href":"https:\/\/api.w.org\/{rel}","templated":true}]}}