{"id":3062,"date":"2026-02-28T22:05:57","date_gmt":"2026-02-28T21:05:57","guid":{"rendered":"https:\/\/butikasia.pl\/?post_type=product&#038;p=3062"},"modified":"2026-03-05T11:18:08","modified_gmt":"2026-03-05T10:18:08","slug":"kapelusz-czarny-letni-wakacyjny-slomiany","status":"publish","type":"product","link":"https:\/\/butikasia.pl\/?product=kapelusz-czarny-letni-wakacyjny-slomiany","title":{"rendered":"Kapelusz czarny letni wakacyjny s\u0142omiany"},"content":{"rendered":"<p>\ud83d\udc20\ud83d\udda4\ud83c\udfdcKAPELUSZ TULUM\ud83c\udfdc\ud83d\udda4\ud83d\udc20<\/p>\n<p>*cena:89,-<\/p>\n<p>*kolor:czarny<\/p>\n<p>*dost\u0119pne r\u00f3wnie\u017c inne kolory<\/p>\n<p>#kapelusz #urlop #butikasia<\/p>\n","protected":false},"excerpt":{"rendered":"<p>\ud83d\udc20\ud83d\udda4\ud83c\udfdcKAPELUSZ TULUM\ud83c\udfdc\ud83d\udda4\ud83d\udc20 *cena:89,- *kolor:czarny *dost\u0119pne r\u00f3wnie\u017c inne kolory #kapelusz #urlop #butikasia<\/p>\n","protected":false},"featured_media":3066,"comment_status":"open","ping_status":"closed","template":"","meta":[],"etheme_brands":[],"product_brand":[],"product_cat":[132,64],"product_tag":[],"class_list":{"0":"post-3062","1":"product","2":"type-product","3":"status-publish","4":"has-post-thumbnail","6":"product_cat-czapki-kominy-i-kapelusze","7":"product_cat-moda-plazowa","9":"first","10":"instock","11":"shipping-taxable","12":"purchasable","13":"product-type-simple"},"_links":{"self":[{"href":"https:\/\/butikasia.pl\/index.php?rest_route=\/wp\/v2\/product\/3062","targetHints":{"allow":["GET"]}}],"collection":[{"href":"https:\/\/butikasia.pl\/index.php?rest_route=\/wp\/v2\/product"}],"about":[{"href":"https:\/\/butikasia.pl\/index.php?rest_route=\/wp\/v2\/types\/product"}],"replies":[{"embeddable":true,"href":"https:\/\/butikasia.pl\/index.php?rest_route=%2Fwp%2Fv2%2Fcomments&post=3062"}],"version-history":[{"count":1,"href":"https:\/\/butikasia.pl\/index.php?rest_route=\/wp\/v2\/product\/3062\/revisions"}],"predecessor-version":[{"id":3067,"href":"https:\/\/butikasia.pl\/index.php?rest_route=\/wp\/v2\/product\/3062\/revisions\/3067"}],"wp:featuredmedia":[{"embeddable":true,"href":"https:\/\/butikasia.pl\/index.php?rest_route=\/wp\/v2\/media\/3066"}],"wp:attachment":[{"href":"https:\/\/butikasia.pl\/index.php?rest_route=%2Fwp%2Fv2%2Fmedia&parent=3062"}],"wp:term":[{"taxonomy":"brand","embeddable":true,"href":"https:\/\/butikasia.pl\/index.php?rest_route=%2Fwp%2Fv2%2Fetheme_brands&post=3062"},{"taxonomy":"product_brand","embeddable":true,"href":"https:\/\/butikasia.pl\/index.php?rest_route=%2Fwp%2Fv2%2Fproduct_brand&post=3062"},{"taxonomy":"product_cat","embeddable":true,"href":"https:\/\/butikasia.pl\/index.php?rest_route=%2Fwp%2Fv2%2Fproduct_cat&post=3062"},{"taxonomy":"product_tag","embeddable":true,"href":"https:\/\/butikasia.pl\/index.php?rest_route=%2Fwp%2Fv2%2Fproduct_tag&post=3062"}],"curies":[{"name":"wp","href":"https:\/\/api.w.org\/{rel}","templated":true}]}}