{"id":3068,"date":"2026-02-28T22:13:07","date_gmt":"2026-02-28T21:13:07","guid":{"rendered":"https:\/\/butikasia.pl\/?post_type=product&#038;p=3068"},"modified":"2026-03-05T11:17:34","modified_gmt":"2026-03-05T10:17:34","slug":"kapelusz-bezowy-slomiany-wakacyjny","status":"publish","type":"product","link":"https:\/\/butikasia.pl\/?product=kapelusz-bezowy-slomiany-wakacyjny","title":{"rendered":"Kapelusz be\u017cowy s\u0142omiany wakacyjny"},"content":{"rendered":"<p>\ud83d\udc20\ud83c\udfdcKAPELUSZ TULUM\ud83c\udfdc\ud83d\udc20<\/p>\n<p>*cena:89,-<\/p>\n<p>*kolor:jasnobe\u017cowy<\/p>\n<p>*dost\u0119pne r\u00f3wnie\u017c inne kolory<\/p>\n<p>#kapelusz #urlop #butikasia<\/p>\n","protected":false},"excerpt":{"rendered":"<p>\ud83d\udc20\ud83c\udfdcKAPELUSZ TULUM\ud83c\udfdc\ud83d\udc20 *cena:89,- *kolor:jasnobe\u017cowy *dost\u0119pne r\u00f3wnie\u017c inne kolory #kapelusz #urlop #butikasia<\/p>\n","protected":false},"featured_media":3071,"comment_status":"open","ping_status":"closed","template":"","meta":[],"etheme_brands":[],"product_brand":[],"product_cat":[132,121,64],"product_tag":[],"class_list":{"0":"post-3068","1":"product","2":"type-product","3":"status-publish","4":"has-post-thumbnail","6":"product_cat-czapki-kominy-i-kapelusze","7":"product_cat-akcesoria","8":"product_cat-moda-plazowa","10":"first","11":"instock","12":"shipping-taxable","13":"purchasable","14":"product-type-simple"},"_links":{"self":[{"href":"https:\/\/butikasia.pl\/index.php?rest_route=\/wp\/v2\/product\/3068","targetHints":{"allow":["GET"]}}],"collection":[{"href":"https:\/\/butikasia.pl\/index.php?rest_route=\/wp\/v2\/product"}],"about":[{"href":"https:\/\/butikasia.pl\/index.php?rest_route=\/wp\/v2\/types\/product"}],"replies":[{"embeddable":true,"href":"https:\/\/butikasia.pl\/index.php?rest_route=%2Fwp%2Fv2%2Fcomments&post=3068"}],"version-history":[{"count":2,"href":"https:\/\/butikasia.pl\/index.php?rest_route=\/wp\/v2\/product\/3068\/revisions"}],"predecessor-version":[{"id":3073,"href":"https:\/\/butikasia.pl\/index.php?rest_route=\/wp\/v2\/product\/3068\/revisions\/3073"}],"wp:featuredmedia":[{"embeddable":true,"href":"https:\/\/butikasia.pl\/index.php?rest_route=\/wp\/v2\/media\/3071"}],"wp:attachment":[{"href":"https:\/\/butikasia.pl\/index.php?rest_route=%2Fwp%2Fv2%2Fmedia&parent=3068"}],"wp:term":[{"taxonomy":"brand","embeddable":true,"href":"https:\/\/butikasia.pl\/index.php?rest_route=%2Fwp%2Fv2%2Fetheme_brands&post=3068"},{"taxonomy":"product_brand","embeddable":true,"href":"https:\/\/butikasia.pl\/index.php?rest_route=%2Fwp%2Fv2%2Fproduct_brand&post=3068"},{"taxonomy":"product_cat","embeddable":true,"href":"https:\/\/butikasia.pl\/index.php?rest_route=%2Fwp%2Fv2%2Fproduct_cat&post=3068"},{"taxonomy":"product_tag","embeddable":true,"href":"https:\/\/butikasia.pl\/index.php?rest_route=%2Fwp%2Fv2%2Fproduct_tag&post=3068"}],"curies":[{"name":"wp","href":"https:\/\/api.w.org\/{rel}","templated":true}]}}