{"id":3100,"date":"2026-03-01T09:03:44","date_gmt":"2026-03-01T08:03:44","guid":{"rendered":"https:\/\/butikasia.pl\/?post_type=product&#038;p=3100"},"modified":"2026-03-01T09:03:44","modified_gmt":"2026-03-01T08:03:44","slug":"sukienka-hiszpanka-samanta-kolorowa-46-48-dluga","status":"publish","type":"product","link":"https:\/\/butikasia.pl\/?product=sukienka-hiszpanka-samanta-kolorowa-46-48-dluga","title":{"rendered":"Sukienka hiszpanka SAMANTA kolorowa 46\/48 d\u0142uga"},"content":{"rendered":"<p>\ud83e\ude75\ud83e\ude77Sukienka SAMANTA MAXI\ud83e\ude75\ud83e\ude77<\/p>\n<p>*r.46\/48<\/p>\n<p>*cena:339,-<\/p>\n<p>*ca\u0142a w modny print<\/p>\n<p>*wi\u0105zana w talii na sznureczek<\/p>\n<p>*mo\u017cna nosi\u0107 normalnie lub opuszczon\u0105 na ramiona<\/p>\n<p>*polski producent<\/p>\n<p>#butikasia #sukienkad\u0142uga<\/p>\n","protected":false},"excerpt":{"rendered":"<p>\ud83e\ude75\ud83e\ude77Sukienka SAMANTA MAXI\ud83e\ude75\ud83e\ude77 *r.46\/48 *cena:339,- *ca\u0142a w modny print *wi\u0105zana w talii na sznureczek *mo\u017cna nosi\u0107 normalnie lub opuszczon\u0105 na ramiona *polski producent #butikasia #sukienkad\u0142uga<\/p>\n","protected":false},"featured_media":3101,"comment_status":"open","ping_status":"closed","template":"","meta":[],"etheme_brands":[],"product_brand":[],"product_cat":[110,171,113,118,108,104,107,109],"product_tag":[],"class_list":{"0":"post-3100","1":"product","2":"type-product","3":"status-publish","4":"has-post-thumbnail","6":"product_cat-sukienki-dlugie","7":"product_cat-sukienki-letnie","8":"product_cat-sukienki-rozkloszowane","9":"product_cat-sukienki-weselne","10":"product_cat-moda-plus-size","11":"product_cat-nowosci","12":"product_cat-polscy-producenci","13":"product_cat-sukienki","15":"first","16":"instock","17":"shipping-taxable","18":"purchasable","19":"product-type-simple"},"_links":{"self":[{"href":"https:\/\/butikasia.pl\/index.php?rest_route=\/wp\/v2\/product\/3100","targetHints":{"allow":["GET"]}}],"collection":[{"href":"https:\/\/butikasia.pl\/index.php?rest_route=\/wp\/v2\/product"}],"about":[{"href":"https:\/\/butikasia.pl\/index.php?rest_route=\/wp\/v2\/types\/product"}],"replies":[{"embeddable":true,"href":"https:\/\/butikasia.pl\/index.php?rest_route=%2Fwp%2Fv2%2Fcomments&post=3100"}],"version-history":[{"count":1,"href":"https:\/\/butikasia.pl\/index.php?rest_route=\/wp\/v2\/product\/3100\/revisions"}],"predecessor-version":[{"id":3102,"href":"https:\/\/butikasia.pl\/index.php?rest_route=\/wp\/v2\/product\/3100\/revisions\/3102"}],"wp:featuredmedia":[{"embeddable":true,"href":"https:\/\/butikasia.pl\/index.php?rest_route=\/wp\/v2\/media\/3101"}],"wp:attachment":[{"href":"https:\/\/butikasia.pl\/index.php?rest_route=%2Fwp%2Fv2%2Fmedia&parent=3100"}],"wp:term":[{"taxonomy":"brand","embeddable":true,"href":"https:\/\/butikasia.pl\/index.php?rest_route=%2Fwp%2Fv2%2Fetheme_brands&post=3100"},{"taxonomy":"product_brand","embeddable":true,"href":"https:\/\/butikasia.pl\/index.php?rest_route=%2Fwp%2Fv2%2Fproduct_brand&post=3100"},{"taxonomy":"product_cat","embeddable":true,"href":"https:\/\/butikasia.pl\/index.php?rest_route=%2Fwp%2Fv2%2Fproduct_cat&post=3100"},{"taxonomy":"product_tag","embeddable":true,"href":"https:\/\/butikasia.pl\/index.php?rest_route=%2Fwp%2Fv2%2Fproduct_tag&post=3100"}],"curies":[{"name":"wp","href":"https:\/\/api.w.org\/{rel}","templated":true}]}}